{"id":5089,"date":"2024-10-02T17:57:51","date_gmt":"2024-10-02T17:57:51","guid":{"rendered":"https:\/\/foryoubaby.ma\/?post_type=product&#038;p=5089"},"modified":"2025-09-30T19:46:31","modified_gmt":"2025-09-30T19:46:31","slug":"abena-serviettes-hygieniques-de-maternite-15-unites","status":"publish","type":"product","link":"https:\/\/foryoubaby.ma\/ar\/product\/abena-serviettes-hygieniques-de-maternite-15-unites\/","title":{"rendered":"Abena Serviettes Hygi\u00e9niques de Maternit\u00e9 15 Unit\u00e9s"},"content":{"rendered":"<p>Abena Serviettes Hygi\u00e9niques de Maternit\u00e9 15 Unit\u00e9s.<\/p>\n<p>Serviettes de maternit\u00e9 Hautement absorbantes et test\u00e9es dermatologiquement, les serviettes hygi\u00e9niques de maternit\u00e9 Abena Premium sont enti\u00e8rement imperm\u00e9ables et respirantes. Super douces, elles emp\u00eachent l&rsquo;irritation de la peau.<\/p>\n<p>Paquet de 15 serviettes.<\/p>","protected":false},"excerpt":{"rendered":"<p>Abena Premium Serviettes Hygi\u00e9niques de Maternit\u00e9 14 Unit\u00e9s.<\/p>\n<p>Serviettes de maternit\u00e9 Hautement absorbantes et test\u00e9es dermatologiquement, les serviettes hygi\u00e9niques de maternit\u00e9 Abena Premium sont enti\u00e8rement imperm\u00e9ables et respirantes. De plus, elles sont super douces et emp\u00eachent l&rsquo;irritation de la peau.<\/p>\n<p>Elles donneront la sensation d&rsquo;\u00eatre au sec.<\/p>\n<p>Abena Maternity Pads poss\u00e8dent une forme anatomique et s&rsquo;adaptent parfaitement \u00e0 votre morphologie. Elles sont confortables et diminuent le risque de fuites. Pour \u00e9viter les fuites, les serviettes Abena Maternity Pads sont \u00e9galement munies de bords anti-fuites hydrophobes. Le voile externe permet \u00e0 la peau de respirer et limite les risques de dermatites associ\u00e9es \u00e0 l\u2019incontinence.<\/p>\n<p>Le voile de surface quant \u00e0 lui est extra doux, apportant un confort suppl\u00e9mentaire et limitant les risques d&rsquo;irritations.<\/p>\n<p><strong>Pourquoi choisir Abena Maternity Pads ?<\/strong><\/p>\n<p>. Sensation d&rsquo;\u00eatre au sec .<\/p>\n<p>S&rsquo;adapte \u00e0 la morphologie<\/p>\n<p>. Absorption rapide<\/p>\n<p>. Bords anti-fuites hydrophobes<\/p>\n<p>. Cellulose issue de for\u00eats responsables<\/p>\n<p>. Test\u00e9 dermatologiquement<\/p>","protected":false},"featured_media":5092,"comment_status":"open","ping_status":"closed","template":"","meta":[],"product_brand":[],"product_cat":[65],"product_tag":[],"giftcard-category":[],"class_list":{"0":"post-5089","1":"product","2":"type-product","3":"status-publish","4":"has-post-thumbnail","6":"product_cat-pour-elle-maman","8":"first","9":"instock","10":"taxable","11":"shipping-taxable","12":"purchasable","13":"product-type-simple"},"jetpack_sharing_enabled":true,"_links":{"self":[{"href":"https:\/\/foryoubaby.ma\/ar\/wp-json\/wp\/v2\/product\/5089","targetHints":{"allow":["GET"]}}],"collection":[{"href":"https:\/\/foryoubaby.ma\/ar\/wp-json\/wp\/v2\/product"}],"about":[{"href":"https:\/\/foryoubaby.ma\/ar\/wp-json\/wp\/v2\/types\/product"}],"replies":[{"embeddable":true,"href":"https:\/\/foryoubaby.ma\/ar\/wp-json\/wp\/v2\/comments?post=5089"}],"wp:featuredmedia":[{"embeddable":true,"href":"https:\/\/foryoubaby.ma\/ar\/wp-json\/wp\/v2\/media\/5092"}],"wp:attachment":[{"href":"https:\/\/foryoubaby.ma\/ar\/wp-json\/wp\/v2\/media?parent=5089"}],"wp:term":[{"taxonomy":"product_brand","embeddable":true,"href":"https:\/\/foryoubaby.ma\/ar\/wp-json\/wp\/v2\/product_brand?post=5089"},{"taxonomy":"product_cat","embeddable":true,"href":"https:\/\/foryoubaby.ma\/ar\/wp-json\/wp\/v2\/product_cat?post=5089"},{"taxonomy":"product_tag","embeddable":true,"href":"https:\/\/foryoubaby.ma\/ar\/wp-json\/wp\/v2\/product_tag?post=5089"},{"taxonomy":"giftcard-category","embeddable":true,"href":"https:\/\/foryoubaby.ma\/ar\/wp-json\/wp\/v2\/giftcard-category?post=5089"}],"curies":[{"name":"wp","href":"https:\/\/api.w.org\/{rel}","templated":true}]}}