{"id":5087,"date":"2024-10-02T17:53:08","date_gmt":"2024-10-02T17:53:08","guid":{"rendered":"https:\/\/foryoubaby.ma\/?post_type=product&#038;p=5087"},"modified":"2025-06-30T16:18:25","modified_gmt":"2025-06-30T16:18:25","slug":"gilbert-coton-pads-bio-rectangle-180-unites","status":"publish","type":"product","link":"https:\/\/foryoubaby.ma\/ar\/product\/gilbert-coton-pads-bio-rectangle-180-unites\/","title":{"rendered":"Gilbert Coton Pads Bio Rectangle 180 unit\u00e9s"},"content":{"rendered":"<p><a class=\"\" title=\"Produits Gilbert pour b\u00e9b\u00e9 au Maroc\" href=\"https:\/\/babyandmom.ma\/produits-gilbert.html\">Gilbert<\/a>\u00a0Coton Pads Bio Rectangle 180 unit\u00e9s.<\/p>\n<p>Le coton bio est id\u00e9al pour les peaux sensibles de part sa grande douceur et sa particularit\u00e9 \u00e0 \u00eatre anallergique.<\/p>\n<p>Gr\u00e2ce \u00e0 leur mati\u00e8re qui ne peluche pas, vous pourrez vous en servir aussi bien pour vous d\u00e9maquiller que pour le nettoyage du si\u00e8ge de votre\u00a0<a class=\"\" title=\"\" href=\"https:\/\/babyandmom.ma\/univers-bebe\">b\u00e9b\u00e9<\/a>. De plus, son sachet refermable contient 180 rectangles de coton bio\u00a0<a class=\"\" title=\"Produits Gilbert pour b\u00e9b\u00e9 au Maroc\" href=\"https:\/\/babyandmom.ma\/produits-gilbert.html\">Gilbert<\/a>, une grande contenance qui lui permet d&rsquo;\u00eatre utilis\u00e9 pour toute la famille.<\/p>","protected":false},"excerpt":{"rendered":"<p>Gilbert\u00a0Coton Pads Bio Rectangle 180 unit\u00e9s. Le coton bio est id\u00e9al pour les peaux sensibles de part sa grande douceur et sa particularit\u00e9 \u00e0 \u00eatre anallergique. Gr\u00e2ce \u00e0 leur mati\u00e8re qui ne peluche pas, vous pourrez vous en servir aussi bien pour vous d\u00e9maquiller que pour le nettoyage du si\u00e8ge de votre\u00a0b\u00e9b\u00e9. De plus, son [&hellip;]<\/p>\n","protected":false},"featured_media":5088,"comment_status":"open","ping_status":"closed","template":"","meta":[],"product_brand":[],"product_cat":[63],"product_tag":[],"giftcard-category":[],"class_list":{"0":"post-5087","1":"product","2":"type-product","3":"status-publish","4":"has-post-thumbnail","6":"product_cat-hygiene-et-soin","8":"first","9":"instock","10":"taxable","11":"shipping-taxable","12":"purchasable","13":"product-type-simple"},"jetpack_sharing_enabled":true,"_links":{"self":[{"href":"https:\/\/foryoubaby.ma\/ar\/wp-json\/wp\/v2\/product\/5087","targetHints":{"allow":["GET"]}}],"collection":[{"href":"https:\/\/foryoubaby.ma\/ar\/wp-json\/wp\/v2\/product"}],"about":[{"href":"https:\/\/foryoubaby.ma\/ar\/wp-json\/wp\/v2\/types\/product"}],"replies":[{"embeddable":true,"href":"https:\/\/foryoubaby.ma\/ar\/wp-json\/wp\/v2\/comments?post=5087"}],"wp:featuredmedia":[{"embeddable":true,"href":"https:\/\/foryoubaby.ma\/ar\/wp-json\/wp\/v2\/media\/5088"}],"wp:attachment":[{"href":"https:\/\/foryoubaby.ma\/ar\/wp-json\/wp\/v2\/media?parent=5087"}],"wp:term":[{"taxonomy":"product_brand","embeddable":true,"href":"https:\/\/foryoubaby.ma\/ar\/wp-json\/wp\/v2\/product_brand?post=5087"},{"taxonomy":"product_cat","embeddable":true,"href":"https:\/\/foryoubaby.ma\/ar\/wp-json\/wp\/v2\/product_cat?post=5087"},{"taxonomy":"product_tag","embeddable":true,"href":"https:\/\/foryoubaby.ma\/ar\/wp-json\/wp\/v2\/product_tag?post=5087"},{"taxonomy":"giftcard-category","embeddable":true,"href":"https:\/\/foryoubaby.ma\/ar\/wp-json\/wp\/v2\/giftcard-category?post=5087"}],"curies":[{"name":"wp","href":"https:\/\/api.w.org\/{rel}","templated":true}]}}