{"id":5085,"date":"2024-10-02T17:49:06","date_gmt":"2024-10-02T17:49:06","guid":{"rendered":"https:\/\/foryoubaby.ma\/?post_type=product&#038;p=5085"},"modified":"2025-07-01T10:18:42","modified_gmt":"2025-07-01T10:18:42","slug":"gilbert-100-carres-de-soin-visage-et-corps","status":"publish","type":"product","link":"https:\/\/foryoubaby.ma\/ar\/product\/gilbert-100-carres-de-soin-visage-et-corps\/","title":{"rendered":"Gilbert \u2013 100 carr\u00e9s de soin visage et corps"},"content":{"rendered":"<p>Gr\u00e2ce \u00e0 leur texture agr\u00e9able en non tiss\u00e9, les Carr\u00e9s de soin Laboratoires Gilbert sont r\u00e9sistants et ne peluchent pas. Doux et non irritants, ils respectent la peau des tout petits.<br \/>\nSp\u00e9cialement con\u00e7us pour un nettoyage en douceur, les carr\u00e9s de soin Laboratoires Gilbert sont id\u00e9aux pour la toilette du visage de b\u00e9b\u00e9 (yeux, oreilles, nez) ou pour le soin du change de b\u00e9b\u00e9.<\/p>","protected":false},"excerpt":{"rendered":"<p>Gr\u00e2ce \u00e0 leur texture agr\u00e9able en non tiss\u00e9, les Carr\u00e9s de soin Laboratoires Gilbert sont r\u00e9sistants et ne peluchent pas. Doux et non irritants, ils respectent la peau des tout petits. Sp\u00e9cialement con\u00e7us pour un nettoyage en douceur, les carr\u00e9s de soin Laboratoires Gilbert sont id\u00e9aux pour la toilette du visage de b\u00e9b\u00e9 (yeux, oreilles, [&hellip;]<\/p>\n","protected":false},"featured_media":5086,"comment_status":"open","ping_status":"closed","template":"","meta":[],"product_brand":[82],"product_cat":[63],"product_tag":[],"giftcard-category":[],"class_list":{"0":"post-5085","1":"product","2":"type-product","3":"status-publish","4":"has-post-thumbnail","6":"product_brand-gilbert","7":"product_cat-hygiene-et-soin","9":"first","10":"instock","11":"taxable","12":"shipping-taxable","13":"purchasable","14":"product-type-simple"},"jetpack_sharing_enabled":true,"_links":{"self":[{"href":"https:\/\/foryoubaby.ma\/ar\/wp-json\/wp\/v2\/product\/5085","targetHints":{"allow":["GET"]}}],"collection":[{"href":"https:\/\/foryoubaby.ma\/ar\/wp-json\/wp\/v2\/product"}],"about":[{"href":"https:\/\/foryoubaby.ma\/ar\/wp-json\/wp\/v2\/types\/product"}],"replies":[{"embeddable":true,"href":"https:\/\/foryoubaby.ma\/ar\/wp-json\/wp\/v2\/comments?post=5085"}],"wp:featuredmedia":[{"embeddable":true,"href":"https:\/\/foryoubaby.ma\/ar\/wp-json\/wp\/v2\/media\/5086"}],"wp:attachment":[{"href":"https:\/\/foryoubaby.ma\/ar\/wp-json\/wp\/v2\/media?parent=5085"}],"wp:term":[{"taxonomy":"product_brand","embeddable":true,"href":"https:\/\/foryoubaby.ma\/ar\/wp-json\/wp\/v2\/product_brand?post=5085"},{"taxonomy":"product_cat","embeddable":true,"href":"https:\/\/foryoubaby.ma\/ar\/wp-json\/wp\/v2\/product_cat?post=5085"},{"taxonomy":"product_tag","embeddable":true,"href":"https:\/\/foryoubaby.ma\/ar\/wp-json\/wp\/v2\/product_tag?post=5085"},{"taxonomy":"giftcard-category","embeddable":true,"href":"https:\/\/foryoubaby.ma\/ar\/wp-json\/wp\/v2\/giftcard-category?post=5085"}],"curies":[{"name":"wp","href":"https:\/\/api.w.org\/{rel}","templated":true}]}}