{"id":5083,"date":"2024-10-02T17:44:35","date_gmt":"2024-10-02T17:44:35","guid":{"rendered":"https:\/\/foryoubaby.ma\/?post_type=product&#038;p=5083"},"modified":"2025-07-01T10:19:52","modified_gmt":"2025-07-01T10:19:52","slug":"chauffe-biberon-miniland","status":"publish","type":"product","link":"https:\/\/foryoubaby.ma\/ar\/product\/chauffe-biberon-miniland\/","title":{"rendered":"Chauffe-biberon MINILAND"},"content":{"rendered":"<p>Chauffe de mani\u00e8re naturelle gr\u00e2ce \u00e0 vapeur d\u2019eau \u00e0 haute temp\u00e9rature, sublime le lait et les potitos \u00e0 la \u00e0 une temp\u00e9rature homog\u00e8ne et adapt\u00e9e au b\u00e9b\u00e9<br \/>\nGr\u00e2ce au pr\u00e9chauffage douce et uniforme, ne se perd pas de les propri\u00e9t\u00e9s de la Lait Maternel, preserv\u00e1ndose nutriments et vitamines<br \/>\ncommand\u00e9 par trois boutons qui permettent d\u2019\u00e9teindre et allumer l\u2019appareil et d\u00e9finir le temps de dur\u00e9e du processus de chauffage<br \/>\nParce que pas tous les b\u00e9b\u00e9s sont identiques, gr\u00e2ce \u00e0 sa minuterie permet de r\u00e9chauffer le lait ou potitos \u00e0 la temp\u00e9rature choisie par les plus petits<\/p>","protected":false},"excerpt":{"rendered":"<p>Chauffe de mani\u00e8re naturelle gr\u00e2ce \u00e0 vapeur d\u2019eau \u00e0 haute temp\u00e9rature, sublime le lait et les potitos \u00e0 la \u00e0 une temp\u00e9rature homog\u00e8ne et adapt\u00e9e au b\u00e9b\u00e9 Gr\u00e2ce au pr\u00e9chauffage douce et uniforme, ne se perd pas de les propri\u00e9t\u00e9s de la Lait Maternel, preserv\u00e1ndose nutriments et vitamines command\u00e9 par trois boutons qui permettent d\u2019\u00e9teindre [&hellip;]<\/p>\n","protected":false},"featured_media":5084,"comment_status":"open","ping_status":"closed","template":"","meta":[],"product_brand":[83],"product_cat":[62],"product_tag":[],"giftcard-category":[],"class_list":{"0":"post-5083","1":"product","2":"type-product","3":"status-publish","4":"has-post-thumbnail","6":"product_brand-miniland","7":"product_cat-alimentation","9":"first","10":"instock","11":"taxable","12":"shipping-taxable","13":"purchasable","14":"product-type-simple"},"jetpack_sharing_enabled":true,"_links":{"self":[{"href":"https:\/\/foryoubaby.ma\/ar\/wp-json\/wp\/v2\/product\/5083","targetHints":{"allow":["GET"]}}],"collection":[{"href":"https:\/\/foryoubaby.ma\/ar\/wp-json\/wp\/v2\/product"}],"about":[{"href":"https:\/\/foryoubaby.ma\/ar\/wp-json\/wp\/v2\/types\/product"}],"replies":[{"embeddable":true,"href":"https:\/\/foryoubaby.ma\/ar\/wp-json\/wp\/v2\/comments?post=5083"}],"wp:featuredmedia":[{"embeddable":true,"href":"https:\/\/foryoubaby.ma\/ar\/wp-json\/wp\/v2\/media\/5084"}],"wp:attachment":[{"href":"https:\/\/foryoubaby.ma\/ar\/wp-json\/wp\/v2\/media?parent=5083"}],"wp:term":[{"taxonomy":"product_brand","embeddable":true,"href":"https:\/\/foryoubaby.ma\/ar\/wp-json\/wp\/v2\/product_brand?post=5083"},{"taxonomy":"product_cat","embeddable":true,"href":"https:\/\/foryoubaby.ma\/ar\/wp-json\/wp\/v2\/product_cat?post=5083"},{"taxonomy":"product_tag","embeddable":true,"href":"https:\/\/foryoubaby.ma\/ar\/wp-json\/wp\/v2\/product_tag?post=5083"},{"taxonomy":"giftcard-category","embeddable":true,"href":"https:\/\/foryoubaby.ma\/ar\/wp-json\/wp\/v2\/giftcard-category?post=5083"}],"curies":[{"name":"wp","href":"https:\/\/api.w.org\/{rel}","templated":true}]}}