{"id":5079,"date":"2024-10-02T17:40:27","date_gmt":"2024-10-02T17:40:27","guid":{"rendered":"https:\/\/foryoubaby.ma\/?post_type=product&#038;p=5079"},"modified":"2025-07-01T10:20:45","modified_gmt":"2025-07-01T10:20:45","slug":"miniland-chauffe-biberon-sterilisateur","status":"publish","type":"product","link":"https:\/\/foryoubaby.ma\/ar\/product\/miniland-chauffe-biberon-sterilisateur\/","title":{"rendered":"Miniland Chauffe Biberon + St\u00e9rilisateur"},"content":{"rendered":"<p>Miniland propose ce chauffe\u00a0<a class=\"\" title=\"Biberons et accessoires pour b\u00e9b\u00e9\" href=\"https:\/\/babyandmom.ma\/biberon-accessoires\">biberon<\/a>\u00a0qui fait, \u00e9galement, office de st\u00e9rilisateur.<\/p>\n<p>Il st\u00e9rilise un\u00a0<a class=\"\" title=\"Biberons et accessoires pour b\u00e9b\u00e9\" href=\"https:\/\/babyandmom.ma\/biberon-accessoires\">biberon<\/a>\u00a0en quelques minutes et chauffe \u00e0 la vapeur les biberons et les petits pots en 3min.<\/p>\n<p>&nbsp;<\/p>\n<p>Miniland Chauffe\u00a0<a class=\"\" title=\"Biberons et accessoires pour b\u00e9b\u00e9\" href=\"https:\/\/babyandmom.ma\/biberon-accessoires\">Biberon<\/a>\u00a0+ St\u00e9rilisateur.<\/p>\n<p>Miniland propose ce chauffe\u00a0<a class=\"\" title=\"Biberons et accessoires pour b\u00e9b\u00e9\" href=\"https:\/\/babyandmom.ma\/biberon-accessoires\">biberon<\/a>\u00a0qui fait, \u00e9galement, office de st\u00e9rilisateur.<\/p>\n<p>C&rsquo;est un chauffe-biberon qui r\u00e9chauffe de fa\u00e7on simple en utilisant de la vapeur d\u2019eau \u00e0 haute temp\u00e9rature. Ainsi, le lait et les petits pots sont \u00e0 la bonne temp\u00e9rature adapt\u00e9e au\u00a0<a class=\"\" title=\"\" href=\"https:\/\/babyandmom.ma\/univers-bebe\">b\u00e9b\u00e9<\/a>.<\/p>\n<p>Avec ce chauffe-biberon, vous pouvez, \u00e0 la fois, chauffer un\u00a0<a class=\"\" title=\"Biberons et accessoires pour b\u00e9b\u00e9\" href=\"https:\/\/babyandmom.ma\/biberon-accessoires\">biberon<\/a>\u00a0et ses accessoires en quelques minutes et les st\u00e9riliser \u00e0 la fin des\u00a0<a class=\"\" title=\"Repas et aliments pour b\u00e9b\u00e9s au Maroc\" href=\"https:\/\/babyandmom.ma\/repas\" target=\"_blank\" rel=\"noopener\">repas<\/a>, ce qui facilite la t\u00e2che aux mamans actives.<\/p>\n<p>Gr\u00e2ce au chauffage r\u00e9gulier et lent calqu\u00e9 sur la temp\u00e9rature du lait maternel dans le corps de la maman, le lait maternel chauff\u00e9 dans cet appareil ne perd pas ses qualit\u00e9s nutritives ni ses vitamines.<\/p>","protected":false},"excerpt":{"rendered":"<p>Miniland propose ce chauffe\u00a0biberon\u00a0qui fait, \u00e9galement, office de st\u00e9rilisateur. Il st\u00e9rilise un\u00a0biberon\u00a0en quelques minutes et chauffe \u00e0 la vapeur les biberons et les petits pots en 3min. &nbsp; Miniland Chauffe\u00a0Biberon\u00a0+ St\u00e9rilisateur. Miniland propose ce chauffe\u00a0biberon\u00a0qui fait, \u00e9galement, office de st\u00e9rilisateur. C&rsquo;est un chauffe-biberon qui r\u00e9chauffe de fa\u00e7on simple en utilisant de la vapeur d\u2019eau \u00e0 [&hellip;]<\/p>\n","protected":false},"featured_media":5081,"comment_status":"open","ping_status":"closed","template":"","meta":[],"product_brand":[83],"product_cat":[62],"product_tag":[],"giftcard-category":[],"class_list":{"0":"post-5079","1":"product","2":"type-product","3":"status-publish","4":"has-post-thumbnail","6":"product_brand-miniland","7":"product_cat-alimentation","9":"first","10":"instock","11":"taxable","12":"shipping-taxable","13":"purchasable","14":"product-type-simple"},"jetpack_sharing_enabled":true,"_links":{"self":[{"href":"https:\/\/foryoubaby.ma\/ar\/wp-json\/wp\/v2\/product\/5079","targetHints":{"allow":["GET"]}}],"collection":[{"href":"https:\/\/foryoubaby.ma\/ar\/wp-json\/wp\/v2\/product"}],"about":[{"href":"https:\/\/foryoubaby.ma\/ar\/wp-json\/wp\/v2\/types\/product"}],"replies":[{"embeddable":true,"href":"https:\/\/foryoubaby.ma\/ar\/wp-json\/wp\/v2\/comments?post=5079"}],"wp:featuredmedia":[{"embeddable":true,"href":"https:\/\/foryoubaby.ma\/ar\/wp-json\/wp\/v2\/media\/5081"}],"wp:attachment":[{"href":"https:\/\/foryoubaby.ma\/ar\/wp-json\/wp\/v2\/media?parent=5079"}],"wp:term":[{"taxonomy":"product_brand","embeddable":true,"href":"https:\/\/foryoubaby.ma\/ar\/wp-json\/wp\/v2\/product_brand?post=5079"},{"taxonomy":"product_cat","embeddable":true,"href":"https:\/\/foryoubaby.ma\/ar\/wp-json\/wp\/v2\/product_cat?post=5079"},{"taxonomy":"product_tag","embeddable":true,"href":"https:\/\/foryoubaby.ma\/ar\/wp-json\/wp\/v2\/product_tag?post=5079"},{"taxonomy":"giftcard-category","embeddable":true,"href":"https:\/\/foryoubaby.ma\/ar\/wp-json\/wp\/v2\/giftcard-category?post=5079"}],"curies":[{"name":"wp","href":"https:\/\/api.w.org\/{rel}","templated":true}]}}