{"id":5070,"date":"2024-10-02T17:31:21","date_gmt":"2024-10-02T17:31:21","guid":{"rendered":"https:\/\/foryoubaby.ma\/?post_type=product&#038;p=5070"},"modified":"2025-07-30T15:46:52","modified_gmt":"2025-07-30T15:46:52","slug":"miniland-sterilisateur","status":"publish","type":"product","link":"https:\/\/foryoubaby.ma\/ar\/product\/miniland-sterilisateur\/","title":{"rendered":"Miniland St\u00e9rilisateur"},"content":{"rendered":"<p>Il st\u00e9rilise jusqu\u2019\u00e0 6 bouteilles naturellement. Avec un temps de st\u00e9rilisation de seulement 6 minutes, Steamy st\u00e9rilise jusqu\u2019\u00e0 6 biberons et accessoires efficacement et naturellement en utilisant de la vapeur, sans ajouter de substance chimique.<\/p>\n<p>&nbsp;<\/p>\n<p><strong><a href=\"https:\/\/bebemaman.ma\/marque\/miniland\/\">Miniland<\/a>\u00a0<\/strong>St\u00e9rilisateur 6 biberons la fa\u00e7on la plus efficace et naturelle de st\u00e9riliser est la vapeur. avec steamy, il ne sera pas n\u00e9cessaire d\u2019introduire des substances chimiques pour la st\u00e9rilisation. avec steamy tous les accessoires et les biberons de votre b\u00e9b\u00e9 seront propres et prets pur une nouvelle utilisation en seulement 6 minutes. steamy possede une grande cloche de st\u00e9rilisation et un organisateur qui le dote d\u2019une grande capacit\u00e9. il peut recevoir jusqu\u2019a 6 biberons avec leurs t\u00e9tines.<\/p>\n<h4>St\u00e9rilisation efficace<\/h4>\n<p>La fa\u00e7on la plus efficace et la plus naturelle de st\u00e9riliser est la vapeur.\u00a0Avec la vapeur, il n\u2019est pas n\u00e9cessaire d\u2019inclure une substance chimique pour la st\u00e9rilisation.<\/p>\n<h4>Biberons et accessoires rapidement st\u00e9rilis\u00e9s<\/h4>\n<p>Avec Steamy, tous les accessoires et biberons seront propres et pr\u00eats pour une nouvelle utilisation en seulement 6 minutes.<\/p>\n<p>Capacit\u00e9 de st\u00e9rilisation \u00e9lev\u00e9e<\/p>\n<p>steamy a un espace de st\u00e9rilisation spacieux et un organisateur qui lui conf\u00e8re une grande capacit\u00e9, pouvant accueillir jusqu\u2019\u00e0 six biberons avec leurs mamelons.<\/p>\n<h4>St\u00e9rilise tous types d\u2019accessoires<\/h4>\n<p>Il peut \u00e9galement st\u00e9riliser des ustensiles de taille moyenne tels que des tire-lait ou de petits accessoires, qui peuvent tous \u00eatre plac\u00e9s dans un compartiment sp\u00e9cial.<\/p>","protected":false},"excerpt":{"rendered":"<p><strong><a href=\"https:\/\/bebemaman.ma\/marque\/miniland\/\">Miniland<\/a>\u00a0<\/strong>est une\u00a0<strong>marque espagnole<\/strong>\u00a0de produits de pu\u00e9riculture. Elle propose une vari\u00e9t\u00e9 d\u2019\u00a0<strong>\u00e9coutes-b\u00e9b\u00e9<\/strong>, de\u00a0<strong>st\u00e9rilisateurs<\/strong>, de\u00a0<strong>purificateurs d\u2019air<\/strong>, de\u00a0<strong>robots<\/strong>\u00a0de cuisine pour b\u00e9b\u00e9, de produits de soins\u2026 Miniland propose \u00e9galement une gamme de jouets pour divertir et \u00e9veiller b\u00e9b\u00e9.<\/p>\n<p>Tous ses produits de haute technologie permettent aux parents et aux b\u00e9b\u00e9s de vivre dans des environnements sains. L\u2019objectif de\u00a0<strong>Miniland Baby<\/strong>\u00a0est d\u2019apporter des produits de pu\u00e9riculture\u00a0<strong>s\u00e9curis\u00e9s<\/strong>,\u00a0<strong>pratiques<\/strong>\u00a0et qui apportent du\u00a0<strong>bien-\u00eatre<\/strong>\u00a0pour toute la famille.<\/p>","protected":false},"featured_media":5073,"comment_status":"open","ping_status":"closed","template":"","meta":[],"product_brand":[83],"product_cat":[62,63],"product_tag":[],"giftcard-category":[],"class_list":{"0":"post-5070","1":"product","2":"type-product","3":"status-publish","4":"has-post-thumbnail","6":"product_brand-miniland","7":"product_cat-alimentation","8":"product_cat-hygiene-et-soin","10":"first","11":"instock","12":"taxable","13":"shipping-taxable","14":"purchasable","15":"product-type-simple"},"jetpack_sharing_enabled":true,"_links":{"self":[{"href":"https:\/\/foryoubaby.ma\/ar\/wp-json\/wp\/v2\/product\/5070","targetHints":{"allow":["GET"]}}],"collection":[{"href":"https:\/\/foryoubaby.ma\/ar\/wp-json\/wp\/v2\/product"}],"about":[{"href":"https:\/\/foryoubaby.ma\/ar\/wp-json\/wp\/v2\/types\/product"}],"replies":[{"embeddable":true,"href":"https:\/\/foryoubaby.ma\/ar\/wp-json\/wp\/v2\/comments?post=5070"}],"wp:featuredmedia":[{"embeddable":true,"href":"https:\/\/foryoubaby.ma\/ar\/wp-json\/wp\/v2\/media\/5073"}],"wp:attachment":[{"href":"https:\/\/foryoubaby.ma\/ar\/wp-json\/wp\/v2\/media?parent=5070"}],"wp:term":[{"taxonomy":"product_brand","embeddable":true,"href":"https:\/\/foryoubaby.ma\/ar\/wp-json\/wp\/v2\/product_brand?post=5070"},{"taxonomy":"product_cat","embeddable":true,"href":"https:\/\/foryoubaby.ma\/ar\/wp-json\/wp\/v2\/product_cat?post=5070"},{"taxonomy":"product_tag","embeddable":true,"href":"https:\/\/foryoubaby.ma\/ar\/wp-json\/wp\/v2\/product_tag?post=5070"},{"taxonomy":"giftcard-category","embeddable":true,"href":"https:\/\/foryoubaby.ma\/ar\/wp-json\/wp\/v2\/giftcard-category?post=5070"}],"curies":[{"name":"wp","href":"https:\/\/api.w.org\/{rel}","templated":true}]}}