{"id":5065,"date":"2024-10-02T17:07:51","date_gmt":"2024-10-02T17:07:51","guid":{"rendered":"https:\/\/foryoubaby.ma\/?post_type=product&#038;p=5065"},"modified":"2025-07-01T10:22:58","modified_gmt":"2025-07-01T10:22:58","slug":"hilips-avent-sucettes-ultra-air-happy-0-6-mois-fille","status":"publish","type":"product","link":"https:\/\/foryoubaby.ma\/ar\/product\/hilips-avent-sucettes-ultra-air-happy-0-6-mois-fille\/","title":{"rendered":"hilips Avent sucettes Ultra Air Happy 0-6 mois Fille"},"content":{"rendered":"<p>Lots de sucettes orthodontiques a\u00e9r\u00e9es 0-6 mois par Philips Avent. Con\u00e7ues pour un confort optimal et pour r\u00e9conforter B\u00e9b\u00e9.<\/p>\n<p><strong>Caract\u00e9ristiques :<\/strong><\/p>\n<ul class=\"normal\">\n<li>0-6 mois<\/li>\n<li>Orthodontiques, 0 % BPA<\/li>\n<li>Lot de 2, mod\u00e8le au choix<\/li>\n<\/ul>\n<p><strong>Les + produit :<\/strong><\/p>\n<ul class=\"normal\">\n<li>La t\u00e9terelle plate, souple et sym\u00e9trique Philips Avent respecte le d\u00e9veloppement naturel du palais, des dents et des gencives de votre b\u00e9b\u00e9, m\u00eame si la sucette se retourne dans la bouche.<\/li>\n<li>Sans go\u00fbt ni odeur, la t\u00e9terelle en silicone Philips Avent est facilement accept\u00e9e par votre b\u00e9b\u00e9. Le silicone est lisse, transparent, facile \u00e0 nettoyer et ne colle pas. La t\u00e9terelle est r\u00e9sistante, durable et ne subit ni d\u00e9formation, ni d\u00e9coloration au fil du temps.<\/li>\n<li>L\u2019anneau de pr\u00e9hension permet de retirer facilement la sucette Philips Avent de la bouche<\/li>\n<li>Le capuchon de protection \u00e0 clipser conserve les t\u00e9terelles propres et saines.<\/li>\n<li>St\u00e9rilisable<\/li>\n<li>Passe au lave-vaisselle<\/li>\n<\/ul>","protected":false},"excerpt":{"rendered":"<p>Lots de sucettes orthodontiques a\u00e9r\u00e9es 0-6 mois par Philips Avent. Con\u00e7ues pour un confort optimal et pour r\u00e9conforter B\u00e9b\u00e9. Caract\u00e9ristiques : 0-6 mois Orthodontiques, 0 % BPA Lot de 2, mod\u00e8le au choix Les + produit : La t\u00e9terelle plate, souple et sym\u00e9trique Philips Avent respecte le d\u00e9veloppement naturel du palais, des dents et des [&hellip;]<\/p>\n","protected":false},"featured_media":5066,"comment_status":"open","ping_status":"closed","template":"","meta":[],"product_brand":[84],"product_cat":[62],"product_tag":[],"giftcard-category":[],"class_list":{"0":"post-5065","1":"product","2":"type-product","3":"status-publish","4":"has-post-thumbnail","6":"product_brand-avent","7":"product_cat-alimentation","9":"first","10":"instock","11":"taxable","12":"shipping-taxable","13":"purchasable","14":"product-type-simple"},"jetpack_sharing_enabled":true,"_links":{"self":[{"href":"https:\/\/foryoubaby.ma\/ar\/wp-json\/wp\/v2\/product\/5065","targetHints":{"allow":["GET"]}}],"collection":[{"href":"https:\/\/foryoubaby.ma\/ar\/wp-json\/wp\/v2\/product"}],"about":[{"href":"https:\/\/foryoubaby.ma\/ar\/wp-json\/wp\/v2\/types\/product"}],"replies":[{"embeddable":true,"href":"https:\/\/foryoubaby.ma\/ar\/wp-json\/wp\/v2\/comments?post=5065"}],"wp:featuredmedia":[{"embeddable":true,"href":"https:\/\/foryoubaby.ma\/ar\/wp-json\/wp\/v2\/media\/5066"}],"wp:attachment":[{"href":"https:\/\/foryoubaby.ma\/ar\/wp-json\/wp\/v2\/media?parent=5065"}],"wp:term":[{"taxonomy":"product_brand","embeddable":true,"href":"https:\/\/foryoubaby.ma\/ar\/wp-json\/wp\/v2\/product_brand?post=5065"},{"taxonomy":"product_cat","embeddable":true,"href":"https:\/\/foryoubaby.ma\/ar\/wp-json\/wp\/v2\/product_cat?post=5065"},{"taxonomy":"product_tag","embeddable":true,"href":"https:\/\/foryoubaby.ma\/ar\/wp-json\/wp\/v2\/product_tag?post=5065"},{"taxonomy":"giftcard-category","embeddable":true,"href":"https:\/\/foryoubaby.ma\/ar\/wp-json\/wp\/v2\/giftcard-category?post=5065"}],"curies":[{"name":"wp","href":"https:\/\/api.w.org\/{rel}","templated":true}]}}