{"id":5054,"date":"2024-10-02T16:55:06","date_gmt":"2024-10-02T16:55:06","guid":{"rendered":"https:\/\/foryoubaby.ma\/?post_type=product&#038;p=5054"},"modified":"2025-07-01T10:23:45","modified_gmt":"2025-07-01T10:23:45","slug":"avent-lot-de-2-tetines-natural-6mois-debit-liquides-epaissis","status":"publish","type":"product","link":"https:\/\/foryoubaby.ma\/ar\/product\/avent-lot-de-2-tetines-natural-6mois-debit-liquides-epaissis\/","title":{"rendered":"Avent Lot de 2 T\u00e9tines Natural 6mois+ (D\u00e9bit liquides \u00e9paissis)"},"content":{"rendered":"<p>Avent Lot de 2 T\u00e9tines Natural 6mois+ (D\u00e9bit liquides \u00e9paissis) est id\u00e9ale pour les liquides \u00e9pais tels que les bouillies ou les soupes. Les alv\u00e9ols innovantes de la t\u00e9tine permettent au b\u00e9b\u00e9 de t\u00e9ter comme au sein, ce qui facilite l\u2019alternance au biberon.<\/p>\n<p><strong>B\u00e9n\u00e9fices<\/strong><\/p>\n<p><strong>Syst\u00e8me anti-coliques perfectionn\u00e9 avec double valve innovante<\/strong><br \/>\nLe syst\u00e8me innovant de double valve est con\u00e7u pour diminuer les coliques et l\u2019inconfort en faisant rentrer l\u2019air dans le biberon, et non dans l\u2019estomac de b\u00e9b\u00e9.<\/p>\n<p><strong>T\u00e9t\u00e9e naturelle gr\u00e2ce \u00e0 une large t\u00e9tine imitant la forme du sein<\/strong><br \/>\nLa large t\u00e9tine, imitant la forme du sein, permet une t\u00e9t\u00e9e naturelle similaire \u00e0 celle du sein, ce qui facilite l\u2019alternance sein\/biberon pour votre b\u00e9b\u00e9.<\/p>\n<p><strong>Alv\u00e9oles uniques, pour une t\u00e9tine douce et souple qui ne s\u2019\u00e9crase pas<\/strong><br \/>\nLes alv\u00e9oles de la t\u00e9tine renforcent sa douceur et sa souplesse, sans pour autant que la t\u00e9tine ne s\u2019\u00e9crase. Votre b\u00e9b\u00e9 profite ainsi d\u2019une t\u00e9t\u00e9e plus confortable.<\/p>\n<p><strong>Compatible avec le biberon Natural Philips Avent<\/strong><br \/>\nil est conseill\u00e9 d\u2019utiliser uniquement les t\u00e9tines Natural avec les biberons Natural.<\/p>\n<p><strong>T\u00e9tine pour liquides \u00e9paissis \u2013 Natural<\/strong><br \/>\nLa t\u00e9tine pour liquides \u00e9paissis vous permet de donner \u00e0 votre b\u00e9b\u00e9 des liquides \u00e9paissis adapt\u00e9s \u00e0 ses besoins alimentaires. Nous recommandons cette t\u00e9tine pour les liquides \u00e9paissis tels que le lait anti-r\u00e9gurgitation, le lait m\u00e9lang\u00e9 \u00e0 des c\u00e9r\u00e9ales ou \u00e0 de la pur\u00e9e,<\/p>\n<p><strong>Conseils d\u2019utilisation<\/strong><br \/>\nIl est conseill\u00e9 avant la premi\u00e8re utilisation de mettre la t\u00e9tine dans l\u2019eau bouillante. Laissez la pendant 5 minutes par mesure d\u2019hygi\u00e8ne.<br \/>\nNettoyer la t\u00e9tine avant chaque utilisation pour \u00e9viter toute prolif\u00e9ration de germes d\u2019un biberon \u00e0 l\u2019autre.<br \/>\nV\u00e9rifier la t\u00e9tine en l\u2019a tirant dans tous les sens.<br \/>\nD\u00e8s les premiers signes de d\u00e9t\u00e9rioration ou de fragilit\u00e9, penser \u00e0 changer.<\/p>\n<p><strong>Composition<\/strong><br \/>\nT\u00e9tine en silicone<\/p>\n<p><strong>Conditionnement<\/strong><br \/>\n2 t\u00e9tines<\/p>","protected":false},"excerpt":{"rendered":"<p>Avent Lot de 2 T\u00e9tines Natural 6mois+ (D\u00e9bit liquides \u00e9paissis) est id\u00e9ale pour les liquides \u00e9pais tels que les bouillies ou les soupes. Les alv\u00e9ols innovantes de la t\u00e9tine permettent au b\u00e9b\u00e9 de t\u00e9ter comme au sein, ce qui facilite l\u2019alternance au biberon. B\u00e9n\u00e9fices Syst\u00e8me anti-coliques perfectionn\u00e9 avec double valve innovante Le syst\u00e8me innovant de [&hellip;]<\/p>\n","protected":false},"featured_media":5056,"comment_status":"open","ping_status":"closed","template":"","meta":[],"product_brand":[84],"product_cat":[62],"product_tag":[],"giftcard-category":[],"class_list":{"0":"post-5054","1":"product","2":"type-product","3":"status-publish","4":"has-post-thumbnail","6":"product_brand-avent","7":"product_cat-alimentation","9":"first","10":"instock","11":"taxable","12":"shipping-taxable","13":"purchasable","14":"product-type-simple"},"jetpack_sharing_enabled":true,"_links":{"self":[{"href":"https:\/\/foryoubaby.ma\/ar\/wp-json\/wp\/v2\/product\/5054","targetHints":{"allow":["GET"]}}],"collection":[{"href":"https:\/\/foryoubaby.ma\/ar\/wp-json\/wp\/v2\/product"}],"about":[{"href":"https:\/\/foryoubaby.ma\/ar\/wp-json\/wp\/v2\/types\/product"}],"replies":[{"embeddable":true,"href":"https:\/\/foryoubaby.ma\/ar\/wp-json\/wp\/v2\/comments?post=5054"}],"wp:featuredmedia":[{"embeddable":true,"href":"https:\/\/foryoubaby.ma\/ar\/wp-json\/wp\/v2\/media\/5056"}],"wp:attachment":[{"href":"https:\/\/foryoubaby.ma\/ar\/wp-json\/wp\/v2\/media?parent=5054"}],"wp:term":[{"taxonomy":"product_brand","embeddable":true,"href":"https:\/\/foryoubaby.ma\/ar\/wp-json\/wp\/v2\/product_brand?post=5054"},{"taxonomy":"product_cat","embeddable":true,"href":"https:\/\/foryoubaby.ma\/ar\/wp-json\/wp\/v2\/product_cat?post=5054"},{"taxonomy":"product_tag","embeddable":true,"href":"https:\/\/foryoubaby.ma\/ar\/wp-json\/wp\/v2\/product_tag?post=5054"},{"taxonomy":"giftcard-category","embeddable":true,"href":"https:\/\/foryoubaby.ma\/ar\/wp-json\/wp\/v2\/giftcard-category?post=5054"}],"curies":[{"name":"wp","href":"https:\/\/api.w.org\/{rel}","templated":true}]}}