{"id":5048,"date":"2024-10-02T16:51:27","date_gmt":"2024-10-02T16:51:27","guid":{"rendered":"https:\/\/foryoubaby.ma\/?post_type=product&#038;p=5048"},"modified":"2025-07-01T10:23:57","modified_gmt":"2025-07-01T10:23:57","slug":"avent-biberon-natural-verre-240-ml","status":"publish","type":"product","link":"https:\/\/foryoubaby.ma\/ar\/product\/avent-biberon-natural-verre-240-ml\/","title":{"rendered":"Avent Biberon Natural verre 240 ml"},"content":{"rendered":"<p>Le biberon Natural 2.0 en verre est dot\u00e9 d\u2019une t\u00e9tine ultra-douce dont les caract\u00e9ristiques se rapprochent plus de celles du sein. Cette large t\u00e9tine imitant la forme du sein pr\u00e9sente un design flexible en spirale et des alv\u00e9oles de confort pour permettre une t\u00e9t\u00e9e naturelle et faciliter l\u2019alternance entre sein et biberon.<\/p>\n<p>&nbsp;<\/p>\n<h4>R\u00e9sistant \u00e0 la chaleur<\/h4>\n<p>Le biberon en verre Natural r\u00e9siste \u00e0 la chaleur et aux chocs thermiques. Vous pouvez donc le placer au r\u00e9frig\u00e9rateur, le chauffer et le st\u00e9riliser.<\/p>\n<h4>Alv\u00e9oles de confort uniques pour une t\u00e9tine tr\u00e8s douce et souple<\/h4>\n<p>Les alv\u00e9oles de la t\u00e9tine renforcent sa douceur et sa souplesse, sans pour autant que la t\u00e9tine ne s\u2019\u00e9crase. Votre b\u00e9b\u00e9 profite ainsi d\u2019une t\u00e9t\u00e9e plus confortable.<\/p>\n<h4>Syst\u00e8me anti-coliques perfectionn\u00e9 avec double valve innovante<\/h4>\n<p>Le syst\u00e8me innovant de double valve diminue les coliques et l\u2019inconfort en faisant rentrer l\u2019air dans le biberon, et non dans l\u2019estomac de b\u00e9b\u00e9.<\/p>\n<h4>Forme ergonomique pour un confort maximal<\/h4>\n<p>Gr\u00e2ce \u00e0 sa forme unique, ce biberon est facile \u00e0 tenir quel que soit le sens, pour un maximum de confort.<\/p>\n<h4>Facile \u00e0 utiliser et \u00e0 nettoyer, simple et rapide \u00e0 assembler<\/h4>\n<p>Le large goulot du biberon facilite le remplissage et le nettoyage. Le biberon ne comporte que quelques pi\u00e8ces pour un assemblage simple et rapide.<\/p>","protected":false},"excerpt":{"rendered":"<p>Le biberon Natural 2.0 en verre est dot\u00e9 d\u2019une t\u00e9tine ultra-douce dont les caract\u00e9ristiques se rapprochent plus de celles du sein. Cette large t\u00e9tine imitant la forme du sein pr\u00e9sente un design flexible en spirale et des alv\u00e9oles de confort pour permettre une t\u00e9t\u00e9e naturelle et faciliter l\u2019alternance entre sein et biberon. &nbsp; R\u00e9sistant \u00e0 [&hellip;]<\/p>\n","protected":false},"featured_media":5050,"comment_status":"open","ping_status":"closed","template":"","meta":[],"product_brand":[84],"product_cat":[62],"product_tag":[],"giftcard-category":[],"class_list":{"0":"post-5048","1":"product","2":"type-product","3":"status-publish","4":"has-post-thumbnail","6":"product_brand-avent","7":"product_cat-alimentation","9":"first","10":"instock","11":"taxable","12":"shipping-taxable","13":"purchasable","14":"product-type-simple"},"jetpack_sharing_enabled":true,"_links":{"self":[{"href":"https:\/\/foryoubaby.ma\/ar\/wp-json\/wp\/v2\/product\/5048","targetHints":{"allow":["GET"]}}],"collection":[{"href":"https:\/\/foryoubaby.ma\/ar\/wp-json\/wp\/v2\/product"}],"about":[{"href":"https:\/\/foryoubaby.ma\/ar\/wp-json\/wp\/v2\/types\/product"}],"replies":[{"embeddable":true,"href":"https:\/\/foryoubaby.ma\/ar\/wp-json\/wp\/v2\/comments?post=5048"}],"wp:featuredmedia":[{"embeddable":true,"href":"https:\/\/foryoubaby.ma\/ar\/wp-json\/wp\/v2\/media\/5050"}],"wp:attachment":[{"href":"https:\/\/foryoubaby.ma\/ar\/wp-json\/wp\/v2\/media?parent=5048"}],"wp:term":[{"taxonomy":"product_brand","embeddable":true,"href":"https:\/\/foryoubaby.ma\/ar\/wp-json\/wp\/v2\/product_brand?post=5048"},{"taxonomy":"product_cat","embeddable":true,"href":"https:\/\/foryoubaby.ma\/ar\/wp-json\/wp\/v2\/product_cat?post=5048"},{"taxonomy":"product_tag","embeddable":true,"href":"https:\/\/foryoubaby.ma\/ar\/wp-json\/wp\/v2\/product_tag?post=5048"},{"taxonomy":"giftcard-category","embeddable":true,"href":"https:\/\/foryoubaby.ma\/ar\/wp-json\/wp\/v2\/giftcard-category?post=5048"}],"curies":[{"name":"wp","href":"https:\/\/api.w.org\/{rel}","templated":true}]}}