{"id":5044,"date":"2024-10-02T16:44:57","date_gmt":"2024-10-02T16:44:57","guid":{"rendered":"https:\/\/foryoubaby.ma\/?post_type=product&#038;p=5044"},"modified":"2025-09-30T20:07:35","modified_gmt":"2025-09-30T20:07:35","slug":"avent-sachets-de-conservation-du-lait-maternel-25-unites","status":"publish","type":"product","link":"https:\/\/foryoubaby.ma\/ar\/product\/avent-sachets-de-conservation-du-lait-maternel-25-unites\/","title":{"rendered":"Avent Sachets de conservation du lait maternel 25 unit\u00e9s"},"content":{"rendered":"<p>Sachets de conservation\u00a0Avent\u00a0du lait maternel 25 unit\u00e9s.<\/p>\n<p>Les sachets de conservation pour le lait maternel Philips\u00a0Avent\u00a0pr\u00e9servent votre lait. Pr\u00e9-st\u00e9rilis\u00e9s pour permettre une utilisation imm\u00e9diate, ils peuvent \u00eatre plac\u00e9s au r\u00e9frig\u00e9rateur comme au cong\u00e9lateur.<\/p>\n<p>Sans BPA. 25 unit\u00e9s.<\/p>\n<p>&nbsp;<\/p>\n<p>Les sachets de conservation pour le lait maternel Philips\u00a0Avent\u00a0pr\u00e9servent votre lait. Pr\u00e9-st\u00e9rilis\u00e9s pour permettre une utilisation imm\u00e9diate, ils peuvent \u00eatre plac\u00e9s au r\u00e9frig\u00e9rateur comme au cong\u00e9lateur.<\/p>\n<p>Fermeture anti-fuite \u00e0 double zip fiable, pour une conservation parfaitement s\u00fbre de votre lait. L&rsquo;ouverture s\u00e9curis\u00e9e atteste que le sachet pr\u00e9-st\u00e9rilis\u00e9 est intact avant sa premi\u00e8re utilisation, pour une hygi\u00e8ne garantie.<\/p>\n<p>Avec les coutures lat\u00e9rales renforc\u00e9es et la doublure de ces sachets, vous pouvez \u00eatre s\u00fbre que votre lait est conserv\u00e9 en toute\u00a0s\u00e9curit\u00e9\u00a0dans le r\u00e9frig\u00e9rateur ou le cong\u00e9lateur. L&rsquo;ouverture large et r\u00e9sistante du sachet vous permet de remplir et de verser facilement votre lait.<\/p>\n<p>Ce sachet\u00a0Avent\u00a0robuste reste stable lorsque vous le posez, tandis que sa grande ouverture vous permet de le remplir ou de verser son contenu facilement. Sacs posables \u00e0 plat pour un rangement facilit\u00e9 dans le r\u00e9frig\u00e9rateur ou le cong\u00e9lateur.<\/p>\n<p>Ce sachet est fabriqu\u00e9 avec un mat\u00e9riau 0 % BPA. Le sachet\u00a0Avent\u00a0est pr\u00e9-st\u00e9rilis\u00e9.<\/p>","protected":false},"excerpt":{"rendered":"<p>Sachets de conservation\u00a0Avent\u00a0du lait maternel 25 unit\u00e9s. Les sachets de conservation pour le lait maternel Philips\u00a0Avent\u00a0pr\u00e9servent votre lait. Pr\u00e9-st\u00e9rilis\u00e9s pour permettre une utilisation imm\u00e9diate, ils peuvent \u00eatre plac\u00e9s au r\u00e9frig\u00e9rateur comme au cong\u00e9lateur. Sans BPA. 25 unit\u00e9s. &nbsp; Les sachets de conservation pour le lait maternel Philips\u00a0Avent\u00a0pr\u00e9servent votre lait. Pr\u00e9-st\u00e9rilis\u00e9s pour permettre une utilisation imm\u00e9diate, [&hellip;]<\/p>\n","protected":false},"featured_media":5047,"comment_status":"open","ping_status":"closed","template":"","meta":[],"product_brand":[84],"product_cat":[65],"product_tag":[],"giftcard-category":[],"class_list":{"0":"post-5044","1":"product","2":"type-product","3":"status-publish","4":"has-post-thumbnail","6":"product_brand-avent","7":"product_cat-pour-elle-maman","9":"first","10":"outofstock","11":"taxable","12":"shipping-taxable","13":"purchasable","14":"product-type-simple"},"jetpack_sharing_enabled":true,"_links":{"self":[{"href":"https:\/\/foryoubaby.ma\/ar\/wp-json\/wp\/v2\/product\/5044","targetHints":{"allow":["GET"]}}],"collection":[{"href":"https:\/\/foryoubaby.ma\/ar\/wp-json\/wp\/v2\/product"}],"about":[{"href":"https:\/\/foryoubaby.ma\/ar\/wp-json\/wp\/v2\/types\/product"}],"replies":[{"embeddable":true,"href":"https:\/\/foryoubaby.ma\/ar\/wp-json\/wp\/v2\/comments?post=5044"}],"wp:featuredmedia":[{"embeddable":true,"href":"https:\/\/foryoubaby.ma\/ar\/wp-json\/wp\/v2\/media\/5047"}],"wp:attachment":[{"href":"https:\/\/foryoubaby.ma\/ar\/wp-json\/wp\/v2\/media?parent=5044"}],"wp:term":[{"taxonomy":"product_brand","embeddable":true,"href":"https:\/\/foryoubaby.ma\/ar\/wp-json\/wp\/v2\/product_brand?post=5044"},{"taxonomy":"product_cat","embeddable":true,"href":"https:\/\/foryoubaby.ma\/ar\/wp-json\/wp\/v2\/product_cat?post=5044"},{"taxonomy":"product_tag","embeddable":true,"href":"https:\/\/foryoubaby.ma\/ar\/wp-json\/wp\/v2\/product_tag?post=5044"},{"taxonomy":"giftcard-category","embeddable":true,"href":"https:\/\/foryoubaby.ma\/ar\/wp-json\/wp\/v2\/giftcard-category?post=5044"}],"curies":[{"name":"wp","href":"https:\/\/api.w.org\/{rel}","templated":true}]}}