{"id":5028,"date":"2024-10-02T16:28:22","date_gmt":"2024-10-02T16:28:22","guid":{"rendered":"https:\/\/foryoubaby.ma\/?post_type=product&#038;p=5028"},"modified":"2025-07-01T10:24:29","modified_gmt":"2025-07-01T10:24:29","slug":"avent-robot-cuiseur-vapeur-et-mixeur-2en1","status":"publish","type":"product","link":"https:\/\/foryoubaby.ma\/ar\/product\/avent-robot-cuiseur-vapeur-et-mixeur-2en1\/","title":{"rendered":"Avent Robot cuiseur vapeur et mixeur 2en1"},"content":{"rendered":"<p>Avec le Robot cuiseur vapeur et mixeur AVENT, pr\u00e9parez vous-m\u00eame et en toute simplicit\u00e9 des repas sains pour votre b\u00e9b\u00e9: faites cuire les fruits, les l\u00e9gumes, le poisson ou la viande, puis soulevez et tournez simplement le bol pour mixer les aliments sans avoir \u00e0 les transf\u00e9rer!<\/p>\n<h4>Des petits plats sains en toute simplicit\u00e9<\/h4>\n<p>\u2022 Faites cuire \u00e0 la vapeur, puis tournez le bol pour mixer<br \/>\n\u2022 Remplissage d`eau facile<br \/>\n\u2022 Peu de pi\u00e8ces \u00e0 nettoyer<br \/>\n\u2022 Design compact qui permet un rangement facile.<\/p>\n<h4>Pour la pr\u00e9paration des aliments de b\u00e9b\u00e9 pour tous les \u00e2ges<\/h4>\n<p>\u2022 Mixeur puissant<br \/>\n\u2022 Mixe aussi bien la viande et le poisson que les l\u00e9gumes secs pour des repas complets<br \/>\n\u2022 Id\u00e9al pour les sauces et les petits morceaux<\/p>\n<h4>Aide \u00e0 conserver les vitamines et les substances nutritives.<\/h4>\n<p>\u2022 Cycle de vapeur efficace<br \/>\n\u2022 Conserve le jus de cuisson<\/p>\n<p>&nbsp;<\/p>","protected":false},"excerpt":{"rendered":"<p>Avec le Robot cuiseur vapeur et mixeur AVENT, pr\u00e9parez vous-m\u00eame et en toute simplicit\u00e9 des repas sains pour votre b\u00e9b\u00e9: faites cuire les fruits, les l\u00e9gumes, le poisson ou la viande, puis soulevez et tournez simplement le bol pour mixer les aliments sans avoir \u00e0 les transf\u00e9rer! Des petits plats sains en toute simplicit\u00e9 \u2022 [&hellip;]<\/p>\n","protected":false},"featured_media":5029,"comment_status":"open","ping_status":"closed","template":"","meta":[],"product_brand":[84],"product_cat":[62],"product_tag":[],"giftcard-category":[],"class_list":{"0":"post-5028","1":"product","2":"type-product","3":"status-publish","4":"has-post-thumbnail","6":"product_brand-avent","7":"product_cat-alimentation","9":"first","10":"instock","11":"taxable","12":"shipping-taxable","13":"purchasable","14":"product-type-simple"},"jetpack_sharing_enabled":true,"_links":{"self":[{"href":"https:\/\/foryoubaby.ma\/ar\/wp-json\/wp\/v2\/product\/5028","targetHints":{"allow":["GET"]}}],"collection":[{"href":"https:\/\/foryoubaby.ma\/ar\/wp-json\/wp\/v2\/product"}],"about":[{"href":"https:\/\/foryoubaby.ma\/ar\/wp-json\/wp\/v2\/types\/product"}],"replies":[{"embeddable":true,"href":"https:\/\/foryoubaby.ma\/ar\/wp-json\/wp\/v2\/comments?post=5028"}],"wp:featuredmedia":[{"embeddable":true,"href":"https:\/\/foryoubaby.ma\/ar\/wp-json\/wp\/v2\/media\/5029"}],"wp:attachment":[{"href":"https:\/\/foryoubaby.ma\/ar\/wp-json\/wp\/v2\/media?parent=5028"}],"wp:term":[{"taxonomy":"product_brand","embeddable":true,"href":"https:\/\/foryoubaby.ma\/ar\/wp-json\/wp\/v2\/product_brand?post=5028"},{"taxonomy":"product_cat","embeddable":true,"href":"https:\/\/foryoubaby.ma\/ar\/wp-json\/wp\/v2\/product_cat?post=5028"},{"taxonomy":"product_tag","embeddable":true,"href":"https:\/\/foryoubaby.ma\/ar\/wp-json\/wp\/v2\/product_tag?post=5028"},{"taxonomy":"giftcard-category","embeddable":true,"href":"https:\/\/foryoubaby.ma\/ar\/wp-json\/wp\/v2\/giftcard-category?post=5028"}],"curies":[{"name":"wp","href":"https:\/\/api.w.org\/{rel}","templated":true}]}}