{"id":5024,"date":"2024-10-02T16:19:42","date_gmt":"2024-10-02T16:19:42","guid":{"rendered":"https:\/\/foryoubaby.ma\/?post_type=product&#038;p=5024"},"modified":"2025-12-08T16:36:29","modified_gmt":"2025-12-08T16:36:29","slug":"philips-avent-tire-lait-manuel-natural","status":"publish","type":"product","link":"https:\/\/foryoubaby.ma\/ar\/product\/philips-avent-tire-lait-manuel-natural\/","title":{"rendered":"Philips Avent Tire lait manuel Natural"},"content":{"rendered":"<p>Assemblage facile et intuitif, le tire-lait manuel Natural de AVENT est le tire-lait le plus confortable et simple \u00e0 utiliser pour maman. Il vous suffira de vous mettre \u00e0 l\u2019aise et de laisser le coussin \u00e0 texture douce et flexible, agr\u00e9able au toucher et hautement efficace qui stimule le d\u00e9bit de votre lait.<\/p>\n<p>Le tire-lait manuel Natural de AVENT est le tire-lait le plus confortable et simple \u00e0 utiliser pour maman. Il vous suffira de vous mettre \u00e0 l\u2019aise et de laisser le coussin masseur stimuler le d\u00e9bit de votre lait. Etant d\u00e9tendue, votre lait viendra plus facilement.<\/p>","protected":false},"excerpt":{"rendered":"<p>Assemblage facile et intuitif, le tire-lait manuel Natural de AVENT est le tire-lait le plus confortable et simple \u00e0 utiliser pour maman. Il vous suffira de vous mettre \u00e0 l\u2019aise et de laisser le coussin \u00e0 texture douce et flexible, agr\u00e9able au toucher et hautement efficace qui stimule le d\u00e9bit de votre lait. Le tire-lait [&hellip;]<\/p>\n","protected":false},"featured_media":5025,"comment_status":"open","ping_status":"closed","template":"","meta":[],"product_brand":[84],"product_cat":[65],"product_tag":[],"giftcard-category":[],"class_list":{"0":"post-5024","1":"product","2":"type-product","3":"status-publish","4":"has-post-thumbnail","6":"product_brand-avent","7":"product_cat-pour-elle-maman","9":"first","10":"outofstock","11":"taxable","12":"shipping-taxable","13":"purchasable","14":"product-type-simple"},"jetpack_sharing_enabled":true,"_links":{"self":[{"href":"https:\/\/foryoubaby.ma\/ar\/wp-json\/wp\/v2\/product\/5024","targetHints":{"allow":["GET"]}}],"collection":[{"href":"https:\/\/foryoubaby.ma\/ar\/wp-json\/wp\/v2\/product"}],"about":[{"href":"https:\/\/foryoubaby.ma\/ar\/wp-json\/wp\/v2\/types\/product"}],"replies":[{"embeddable":true,"href":"https:\/\/foryoubaby.ma\/ar\/wp-json\/wp\/v2\/comments?post=5024"}],"wp:featuredmedia":[{"embeddable":true,"href":"https:\/\/foryoubaby.ma\/ar\/wp-json\/wp\/v2\/media\/5025"}],"wp:attachment":[{"href":"https:\/\/foryoubaby.ma\/ar\/wp-json\/wp\/v2\/media?parent=5024"}],"wp:term":[{"taxonomy":"product_brand","embeddable":true,"href":"https:\/\/foryoubaby.ma\/ar\/wp-json\/wp\/v2\/product_brand?post=5024"},{"taxonomy":"product_cat","embeddable":true,"href":"https:\/\/foryoubaby.ma\/ar\/wp-json\/wp\/v2\/product_cat?post=5024"},{"taxonomy":"product_tag","embeddable":true,"href":"https:\/\/foryoubaby.ma\/ar\/wp-json\/wp\/v2\/product_tag?post=5024"},{"taxonomy":"giftcard-category","embeddable":true,"href":"https:\/\/foryoubaby.ma\/ar\/wp-json\/wp\/v2\/giftcard-category?post=5024"}],"curies":[{"name":"wp","href":"https:\/\/api.w.org\/{rel}","templated":true}]}}