{"id":5017,"date":"2024-10-01T20:59:12","date_gmt":"2024-10-01T20:59:12","guid":{"rendered":"https:\/\/foryoubaby.ma\/?post_type=product&#038;p=5017"},"modified":"2025-07-30T15:47:09","modified_gmt":"2025-07-30T15:47:09","slug":"philips-avent-sterilisateur-electrique","status":"publish","type":"product","link":"https:\/\/foryoubaby.ma\/ar\/product\/philips-avent-sterilisateur-electrique\/","title":{"rendered":"Philips Avent St\u00e9rilisateur \u00e9lectrique"},"content":{"rendered":"<p>Profitez d\u2019une vitesse et d\u2019une s\u00e9curit\u00e9 avec un cycle de st\u00e9rilisation. St\u00e9rilisation de 6 biberons maximum et de leurs accessoires en seulement 10 minutes.<\/p>\n<div class=\"details-accordion__content-title\">St\u00e9rilisation et conservation de biberons. St\u00e9rilisation de 6 biberons maximum et de leurs accessoires en seulement 10 minutes. Le st\u00e9rilisateur \u00e0 biberons d\u00e9velopp\u00e9 fin mais large est rapide et \u00e9limine efficacement 99,9% des germes pour des repas de b\u00e9b\u00e9 antitoxiques.<\/div>\n<div><\/div>\n<div>Avec Philips Avent la st\u00e9rilisation est douce, efficace et exempte de produits chimiques. Chaque st\u00e9rilisateur fonctionne \u00e0 la vapeur pure \u2013 ni plus ni moins \u2013 pour \u00e9liminer 99,9% des germes nocifs.<\/div>\n<div><\/div>\n<div>Gr\u00e2ce \u00e0 la taille ajustable de ce st\u00e9rilisateur d\u00e9velopp\u00e9 vous gagnerez de l\u2019espace sur un plan de travail lors d\u2019une st\u00e9rilisation d\u2019accessoires plus petits dont des sucettes ou en cas de non-utilisation de l\u2019appareil.<\/div>\n<div><\/div>\n<div id=\"productDescription\" class=\"details-accordion__content-data\">\n<div class=\"cms-content\">\n<p>Le st\u00e9rilisateur Philips Avent est fin mais pr\u00e9sente un espace large pour 6 biberons Philips Avent maximum. Il convient aussi pour d\u2019autres accessoires essentiels dont des t\u00e9tines, sucettes ou tire-laits manuels. Profitez d\u2019une vitesse et d\u2019une s\u00e9curit\u00e9 avec un cycle de st\u00e9rilisation en seulement 10 minutes. \u00c0 la fin de ce processus le st\u00e9rilisateur s\u2019\u00e9teint automatiquement.<\/p>\n<p>De par l\u2019entretien en profondeur exempt de produits chimiques dans le st\u00e9rilisateur le contenu reste st\u00e9rile pendant 24 h. Et comment ? Refermer simplement le couvercle. Le st\u00e9rilisateur s\u2019entretient facilement et rapidement de haut en bas, \u00e0 l\u2019int\u00e9rieur comme \u00e0 l\u2019ext\u00e9rieur \u2013 ainsi que la plaque chauffante. Vous \u00e9conomiserez ainsi plus de temps pour votre enfant.<\/p>\n<p><strong>Caract\u00e9ristiques :<\/strong><\/p>\n<p>\u00c9limination de 99,9 % des germes<\/p>\n<p>La solution tout-en-un<\/p>\n<p>Design compact<\/p>\n<p>St\u00e9rilisation en seulement 10 min<\/p>\n<\/div>\n<\/div>","protected":false},"excerpt":{"rendered":"<p>Profitez d\u2019une vitesse et d\u2019une s\u00e9curit\u00e9 avec un cycle de st\u00e9rilisation. St\u00e9rilisation de 6 biberons maximum et de leurs accessoires en seulement 10 minutes. St\u00e9rilisation et conservation de biberons. St\u00e9rilisation de 6 biberons maximum et de leurs accessoires en seulement 10 minutes. Le st\u00e9rilisateur \u00e0 biberons d\u00e9velopp\u00e9 fin mais large est rapide et \u00e9limine efficacement [&hellip;]<\/p>\n","protected":false},"featured_media":5023,"comment_status":"open","ping_status":"closed","template":"","meta":[],"product_brand":[84],"product_cat":[62,63],"product_tag":[],"giftcard-category":[],"class_list":{"0":"post-5017","1":"product","2":"type-product","3":"status-publish","4":"has-post-thumbnail","6":"product_brand-avent","7":"product_cat-alimentation","8":"product_cat-hygiene-et-soin","10":"first","11":"instock","12":"taxable","13":"shipping-taxable","14":"purchasable","15":"product-type-simple"},"jetpack_sharing_enabled":true,"_links":{"self":[{"href":"https:\/\/foryoubaby.ma\/ar\/wp-json\/wp\/v2\/product\/5017","targetHints":{"allow":["GET"]}}],"collection":[{"href":"https:\/\/foryoubaby.ma\/ar\/wp-json\/wp\/v2\/product"}],"about":[{"href":"https:\/\/foryoubaby.ma\/ar\/wp-json\/wp\/v2\/types\/product"}],"replies":[{"embeddable":true,"href":"https:\/\/foryoubaby.ma\/ar\/wp-json\/wp\/v2\/comments?post=5017"}],"wp:featuredmedia":[{"embeddable":true,"href":"https:\/\/foryoubaby.ma\/ar\/wp-json\/wp\/v2\/media\/5023"}],"wp:attachment":[{"href":"https:\/\/foryoubaby.ma\/ar\/wp-json\/wp\/v2\/media?parent=5017"}],"wp:term":[{"taxonomy":"product_brand","embeddable":true,"href":"https:\/\/foryoubaby.ma\/ar\/wp-json\/wp\/v2\/product_brand?post=5017"},{"taxonomy":"product_cat","embeddable":true,"href":"https:\/\/foryoubaby.ma\/ar\/wp-json\/wp\/v2\/product_cat?post=5017"},{"taxonomy":"product_tag","embeddable":true,"href":"https:\/\/foryoubaby.ma\/ar\/wp-json\/wp\/v2\/product_tag?post=5017"},{"taxonomy":"giftcard-category","embeddable":true,"href":"https:\/\/foryoubaby.ma\/ar\/wp-json\/wp\/v2\/giftcard-category?post=5017"}],"curies":[{"name":"wp","href":"https:\/\/api.w.org\/{rel}","templated":true}]}}