{"id":5009,"date":"2024-10-01T20:46:39","date_gmt":"2024-10-01T20:46:39","guid":{"rendered":"https:\/\/foryoubaby.ma\/?post_type=product&#038;p=5009"},"modified":"2025-12-08T16:37:13","modified_gmt":"2025-12-08T16:37:13","slug":"avent-chauffe-biberon-rapide","status":"publish","type":"product","link":"https:\/\/foryoubaby.ma\/ar\/product\/avent-chauffe-biberon-rapide\/","title":{"rendered":"Avent Chauffe-biberon rapide"},"content":{"rendered":"<p>Un chauffage rapide et simple, en 3 minutes seulement, le chauffe-biberon \u00e9lectrique de Philips AVENT d\u00e9cong\u00e8le et r\u00e9chauffe le lait de fa\u00e7on homog\u00e8ne avec une circulation du lait pendant le chauffage. Il permet \u00e9galement de r\u00e9chauffer la nourriture de b\u00e9b\u00e9 avec un tableau d\u2019indications pour le r\u00e9chauffage des diff\u00e9rents aliments.<\/p>","protected":false},"excerpt":{"rendered":"<p>Le chauffe-biberon \u00e9l\u00e9ctrique de Philips AVENT d\u00e9cong\u00e8le et r\u00e9chauffe le lait de fa\u00e7on homog\u00e8ne en 3 minutes seulement, tout en pr\u00e9servant sa qualit\u00e9. Il permet \u00e9galement de r\u00e9chauffer la nourriture de b\u00e9b\u00e9.<\/p>","protected":false},"featured_media":5011,"comment_status":"open","ping_status":"closed","template":"","meta":[],"product_brand":[84],"product_cat":[62],"product_tag":[],"giftcard-category":[],"class_list":{"0":"post-5009","1":"product","2":"type-product","3":"status-publish","4":"has-post-thumbnail","6":"product_brand-avent","7":"product_cat-alimentation","9":"first","10":"outofstock","11":"taxable","12":"shipping-taxable","13":"purchasable","14":"product-type-simple"},"jetpack_sharing_enabled":true,"_links":{"self":[{"href":"https:\/\/foryoubaby.ma\/ar\/wp-json\/wp\/v2\/product\/5009","targetHints":{"allow":["GET"]}}],"collection":[{"href":"https:\/\/foryoubaby.ma\/ar\/wp-json\/wp\/v2\/product"}],"about":[{"href":"https:\/\/foryoubaby.ma\/ar\/wp-json\/wp\/v2\/types\/product"}],"replies":[{"embeddable":true,"href":"https:\/\/foryoubaby.ma\/ar\/wp-json\/wp\/v2\/comments?post=5009"}],"wp:featuredmedia":[{"embeddable":true,"href":"https:\/\/foryoubaby.ma\/ar\/wp-json\/wp\/v2\/media\/5011"}],"wp:attachment":[{"href":"https:\/\/foryoubaby.ma\/ar\/wp-json\/wp\/v2\/media?parent=5009"}],"wp:term":[{"taxonomy":"product_brand","embeddable":true,"href":"https:\/\/foryoubaby.ma\/ar\/wp-json\/wp\/v2\/product_brand?post=5009"},{"taxonomy":"product_cat","embeddable":true,"href":"https:\/\/foryoubaby.ma\/ar\/wp-json\/wp\/v2\/product_cat?post=5009"},{"taxonomy":"product_tag","embeddable":true,"href":"https:\/\/foryoubaby.ma\/ar\/wp-json\/wp\/v2\/product_tag?post=5009"},{"taxonomy":"giftcard-category","embeddable":true,"href":"https:\/\/foryoubaby.ma\/ar\/wp-json\/wp\/v2\/giftcard-category?post=5009"}],"curies":[{"name":"wp","href":"https:\/\/api.w.org\/{rel}","templated":true}]}}