{"id":4995,"date":"2024-10-01T20:23:21","date_gmt":"2024-10-01T20:23:21","guid":{"rendered":"https:\/\/foryoubaby.ma\/?post_type=product&#038;p=4995"},"modified":"2025-07-01T10:25:27","modified_gmt":"2025-07-01T10:25:27","slug":"philips-avent-daytime-nursing-pads-24-pieces","status":"publish","type":"product","link":"https:\/\/foryoubaby.ma\/ar\/product\/philips-avent-daytime-nursing-pads-24-pieces\/","title":{"rendered":"Philips Avent Coussinets d&rsquo;Allaitement Jour &#8211; 24 Pi\u00e8ces Philips Avent"},"content":{"rendered":"<p>es coussinets d`allaitement jetables Philips Avent sont con\u00e7us pour vous offrir un confort et une confiance ultimes tout au long de votre p\u00e9riode d`allaitement. Leur texture alv\u00e9ol\u00e9e, leur couche ultra-fine et ultra-absorbante ainsi que leur design anti-fuites respirant en font un choix id\u00e9al pour une utilisation de jour comme de nuit.<\/p>\n<p>Le voile sup\u00e9rieur alv\u00e9ol\u00e9 est doux et agr\u00e9able sur la peau, tandis que le c\u0153ur ultra-absorbant \u00e0 triple couche permet de pi\u00e9ger l`humidit\u00e9 et de maintenir votre peau s\u00e8che en tout temps. De plus, ces coussinets sont emball\u00e9s individuellement pour une hygi\u00e8ne optimale, ce qui les rend parfaits pour les d\u00e9placements.<\/p>\n<p>Offrez-vous le confort et la tranquillit\u00e9 d`esprit dont vous avez besoin pendant votre p\u00e9riode d`allaitement avec les coussinets d`allaitement jetables Philips Avent. Disponibles en paquet de 24 pi\u00e8ces, ils sont un choix pratique et fiable pour les mamans qui veulent se sentir \u00e0 l&rsquo;aise et en confiance tout au long de leur journ\u00e9e.<\/p>","protected":false},"excerpt":{"rendered":"<p>es coussinets d`allaitement jetables Philips Avent sont con\u00e7us pour vous offrir un confort et une confiance ultimes tout au long de votre p\u00e9riode d`allaitement. Leur texture alv\u00e9ol\u00e9e, leur couche ultra-fine et ultra-absorbante ainsi que leur design anti-fuites respirant en font un choix id\u00e9al pour une utilisation de jour comme de nuit. Le voile sup\u00e9rieur alv\u00e9ol\u00e9 [&hellip;]<\/p>\n","protected":false},"featured_media":4997,"comment_status":"open","ping_status":"closed","template":"","meta":[],"product_brand":[84],"product_cat":[65],"product_tag":[],"giftcard-category":[],"class_list":{"0":"post-4995","1":"product","2":"type-product","3":"status-publish","4":"has-post-thumbnail","6":"product_brand-avent","7":"product_cat-pour-elle-maman","9":"first","10":"instock","11":"taxable","12":"shipping-taxable","13":"purchasable","14":"product-type-simple"},"jetpack_sharing_enabled":true,"_links":{"self":[{"href":"https:\/\/foryoubaby.ma\/ar\/wp-json\/wp\/v2\/product\/4995","targetHints":{"allow":["GET"]}}],"collection":[{"href":"https:\/\/foryoubaby.ma\/ar\/wp-json\/wp\/v2\/product"}],"about":[{"href":"https:\/\/foryoubaby.ma\/ar\/wp-json\/wp\/v2\/types\/product"}],"replies":[{"embeddable":true,"href":"https:\/\/foryoubaby.ma\/ar\/wp-json\/wp\/v2\/comments?post=4995"}],"wp:featuredmedia":[{"embeddable":true,"href":"https:\/\/foryoubaby.ma\/ar\/wp-json\/wp\/v2\/media\/4997"}],"wp:attachment":[{"href":"https:\/\/foryoubaby.ma\/ar\/wp-json\/wp\/v2\/media?parent=4995"}],"wp:term":[{"taxonomy":"product_brand","embeddable":true,"href":"https:\/\/foryoubaby.ma\/ar\/wp-json\/wp\/v2\/product_brand?post=4995"},{"taxonomy":"product_cat","embeddable":true,"href":"https:\/\/foryoubaby.ma\/ar\/wp-json\/wp\/v2\/product_cat?post=4995"},{"taxonomy":"product_tag","embeddable":true,"href":"https:\/\/foryoubaby.ma\/ar\/wp-json\/wp\/v2\/product_tag?post=4995"},{"taxonomy":"giftcard-category","embeddable":true,"href":"https:\/\/foryoubaby.ma\/ar\/wp-json\/wp\/v2\/giftcard-category?post=4995"}],"curies":[{"name":"wp","href":"https:\/\/api.w.org\/{rel}","templated":true}]}}