{"id":4971,"date":"2024-10-01T20:05:34","date_gmt":"2024-10-01T20:05:34","guid":{"rendered":"https:\/\/foryoubaby.ma\/?post_type=product&#038;p=4971"},"modified":"2025-12-08T16:39:07","modified_gmt":"2025-12-08T16:39:07","slug":"philips-avent-biberon-natural-reponse-260ml","status":"publish","type":"product","link":"https:\/\/foryoubaby.ma\/ar\/product\/philips-avent-biberon-natural-reponse-260ml\/","title":{"rendered":"Philips Avent Biberon Natural R\u00e9ponse 260ml"},"content":{"rendered":"<p>Optez pour le\u00a0<strong>biberon Natural\u00a0 26<\/strong>0 ml de la marque<strong>\u00a0Philips Avent<\/strong>. Les biberons\u00a0<strong>Natural\u00a0 <\/strong>rendent la transition sein\/biberon plus paisible pour votre b\u00e9b\u00e9 et pour vous. Les alv\u00e9oles exclusives de la t\u00e9tine permettent \u00e0 votre b\u00e9b\u00e9 de t\u00e9ter comme au sein. Ce biberon de 260 ml est \u00e9quip\u00e9 d\u2019une t\u00eate en silicone souple \u00e0 d\u00e9bit moyen.<\/p>","protected":false},"excerpt":{"rendered":"<p>Optez pour le\u00a0biberon Natural\u00a0 260 ml de la marque\u00a0Philips Avent. Les biberons\u00a0Natural\u00a0 rendent la transition sein\/biberon plus paisible pour votre b\u00e9b\u00e9 et pour vous. Les alv\u00e9oles exclusives de la t\u00e9tine permettent \u00e0 votre b\u00e9b\u00e9 de t\u00e9ter comme au sein. Ce biberon de 260 ml est \u00e9quip\u00e9 d\u2019une t\u00eate en silicone souple \u00e0 d\u00e9bit moyen.<\/p>","protected":false},"featured_media":4973,"comment_status":"open","ping_status":"closed","template":"","meta":[],"product_brand":[84],"product_cat":[62],"product_tag":[],"giftcard-category":[],"class_list":{"0":"post-4971","1":"product","2":"type-product","3":"status-publish","4":"has-post-thumbnail","6":"product_brand-avent","7":"product_cat-alimentation","9":"first","10":"outofstock","11":"taxable","12":"shipping-taxable","13":"purchasable","14":"product-type-simple"},"jetpack_sharing_enabled":true,"_links":{"self":[{"href":"https:\/\/foryoubaby.ma\/ar\/wp-json\/wp\/v2\/product\/4971","targetHints":{"allow":["GET"]}}],"collection":[{"href":"https:\/\/foryoubaby.ma\/ar\/wp-json\/wp\/v2\/product"}],"about":[{"href":"https:\/\/foryoubaby.ma\/ar\/wp-json\/wp\/v2\/types\/product"}],"replies":[{"embeddable":true,"href":"https:\/\/foryoubaby.ma\/ar\/wp-json\/wp\/v2\/comments?post=4971"}],"wp:featuredmedia":[{"embeddable":true,"href":"https:\/\/foryoubaby.ma\/ar\/wp-json\/wp\/v2\/media\/4973"}],"wp:attachment":[{"href":"https:\/\/foryoubaby.ma\/ar\/wp-json\/wp\/v2\/media?parent=4971"}],"wp:term":[{"taxonomy":"product_brand","embeddable":true,"href":"https:\/\/foryoubaby.ma\/ar\/wp-json\/wp\/v2\/product_brand?post=4971"},{"taxonomy":"product_cat","embeddable":true,"href":"https:\/\/foryoubaby.ma\/ar\/wp-json\/wp\/v2\/product_cat?post=4971"},{"taxonomy":"product_tag","embeddable":true,"href":"https:\/\/foryoubaby.ma\/ar\/wp-json\/wp\/v2\/product_tag?post=4971"},{"taxonomy":"giftcard-category","embeddable":true,"href":"https:\/\/foryoubaby.ma\/ar\/wp-json\/wp\/v2\/giftcard-category?post=4971"}],"curies":[{"name":"wp","href":"https:\/\/api.w.org\/{rel}","templated":true}]}}