{"id":4969,"date":"2024-10-01T19:57:56","date_gmt":"2024-10-01T19:57:56","guid":{"rendered":"https:\/\/foryoubaby.ma\/?post_type=product&#038;p=4969"},"modified":"2025-07-01T10:26:56","modified_gmt":"2025-07-01T10:26:56","slug":"philips-avent-biberon-a-reponse-naturelle-de-125-ml-pour-nouveau-ne-sans-bpa-0-mois-et-plus","status":"publish","type":"product","link":"https:\/\/foryoubaby.ma\/ar\/product\/philips-avent-biberon-a-reponse-naturelle-de-125-ml-pour-nouveau-ne-sans-bpa-0-mois-et-plus\/","title":{"rendered":"Philips Avent Biberon \u00e0 R\u00e9ponse Naturelle de 125 ml pour nouveau-n\u00e9, sans BPA, 0 mois et plus"},"content":{"rendered":"<p data-sourcepos=\"3:1-3:33\"><strong>Nourrissez votre b\u00e9b\u00e9 au rythme naturel avec le Biberon \u00e0 R\u00e9ponse Naturelle Philips Avent de 125 ml.<\/strong><\/p>\n<p data-sourcepos=\"5:1-5:40\"><strong>Imitation parfaite de l\u2019allaitement:<\/strong><\/p>\n<ul data-sourcepos=\"7:1-7:1\">\n<li data-sourcepos=\"7:1-7:1\">T\u00e9tine en silicone souple et naturelle qui reproduit la sensation du sein pour une t\u00e9t\u00e9e confortable et intuitive.<\/li>\n<li data-sourcepos=\"8:1-8:27\">D\u00e9bit lent id\u00e9al pour les nouveau-n\u00e9s, favorisant une alimentation douce et contr\u00f4l\u00e9e.<\/li>\n<\/ul>\n<p data-sourcepos=\"10:1-10:25\"><strong>Confort et bien-\u00eatre:<\/strong><\/p>\n<ul data-sourcepos=\"12:1-12:43\">\n<li data-sourcepos=\"12:1-12:43\">Valve anti-colique brevet\u00e9e r\u00e9duisant les bulles d\u2019air et les coliques.<\/li>\n<li data-sourcepos=\"13:1-13:78\">Forme ergonomique facilitant la prise en main par les petites mains de b\u00e9b\u00e9.<\/li>\n<li data-sourcepos=\"14:1-15:0\">T\u00e9tine ventil\u00e9e permettant une circulation optimale de l\u2019air et \u00e9vitant l\u2019affaissement.<\/li>\n<\/ul>","protected":false},"excerpt":{"rendered":"<p>Nourrissez votre b\u00e9b\u00e9 au rythme naturel avec le Biberon \u00e0 R\u00e9ponse Naturelle Philips Avent de 125 ml. Imitation parfaite de l\u2019allaitement: T\u00e9tine en silicone souple et naturelle qui reproduit la sensation du sein pour une t\u00e9t\u00e9e confortable et intuitive. D\u00e9bit lent id\u00e9al pour les nouveau-n\u00e9s, favorisant une alimentation douce et contr\u00f4l\u00e9e. Confort et bien-\u00eatre: Valve [&hellip;]<\/p>\n","protected":false},"featured_media":4966,"comment_status":"open","ping_status":"closed","template":"","meta":[],"product_brand":[84],"product_cat":[62],"product_tag":[],"giftcard-category":[],"class_list":{"0":"post-4969","1":"product","2":"type-product","3":"status-publish","4":"has-post-thumbnail","6":"product_brand-avent","7":"product_cat-alimentation","9":"first","10":"instock","11":"taxable","12":"shipping-taxable","13":"purchasable","14":"product-type-simple"},"jetpack_sharing_enabled":true,"_links":{"self":[{"href":"https:\/\/foryoubaby.ma\/ar\/wp-json\/wp\/v2\/product\/4969","targetHints":{"allow":["GET"]}}],"collection":[{"href":"https:\/\/foryoubaby.ma\/ar\/wp-json\/wp\/v2\/product"}],"about":[{"href":"https:\/\/foryoubaby.ma\/ar\/wp-json\/wp\/v2\/types\/product"}],"replies":[{"embeddable":true,"href":"https:\/\/foryoubaby.ma\/ar\/wp-json\/wp\/v2\/comments?post=4969"}],"wp:featuredmedia":[{"embeddable":true,"href":"https:\/\/foryoubaby.ma\/ar\/wp-json\/wp\/v2\/media\/4966"}],"wp:attachment":[{"href":"https:\/\/foryoubaby.ma\/ar\/wp-json\/wp\/v2\/media?parent=4969"}],"wp:term":[{"taxonomy":"product_brand","embeddable":true,"href":"https:\/\/foryoubaby.ma\/ar\/wp-json\/wp\/v2\/product_brand?post=4969"},{"taxonomy":"product_cat","embeddable":true,"href":"https:\/\/foryoubaby.ma\/ar\/wp-json\/wp\/v2\/product_cat?post=4969"},{"taxonomy":"product_tag","embeddable":true,"href":"https:\/\/foryoubaby.ma\/ar\/wp-json\/wp\/v2\/product_tag?post=4969"},{"taxonomy":"giftcard-category","embeddable":true,"href":"https:\/\/foryoubaby.ma\/ar\/wp-json\/wp\/v2\/giftcard-category?post=4969"}],"curies":[{"name":"wp","href":"https:\/\/api.w.org\/{rel}","templated":true}]}}