{"id":4963,"date":"2024-10-01T19:47:42","date_gmt":"2024-10-01T19:47:42","guid":{"rendered":"https:\/\/foryoubaby.ma\/?post_type=product&#038;p=4963"},"modified":"2025-07-30T15:47:21","modified_gmt":"2025-07-30T15:47:21","slug":"lingettes-gilbert-a-leau-70-unites","status":"publish","type":"product","link":"https:\/\/foryoubaby.ma\/ar\/product\/lingettes-gilbert-a-leau-70-unites\/","title":{"rendered":"Lingettes Gilbert \u00e0 l&rsquo;eau &#8211; 70 unit\u00e9s"},"content":{"rendered":"<p>Formul\u00e9es avec un minimum d`ingr\u00e9dients pour garantir une tol\u00e9rance optimale, les Lingettes \u00e0 l`eau nettoient en douceur dans le plus grand respect des peaux les plus d\u00e9licates. Extra-douces, r\u00e9sistantes et id\u00e9alement impr\u00e9gn\u00e9es, elles nettoient efficacement et en un seul geste sans irriter ou dess\u00e9cher la peau. Adapt\u00e9es \u00e0 une utilisation fr\u00e9quente, elles laissent la peau propre, douce, apais\u00e9e et prot\u00e9g\u00e9e contre les rougeurs. Ne pas rincer. Bien refermer apr\u00e8s usage.<\/p>","protected":false},"excerpt":{"rendered":"<p>Formul\u00e9es avec un minimum d`ingr\u00e9dients pour garantir une tol\u00e9rance optimale, les Lingettes \u00e0 l`eau nettoient en douceur dans le plus grand respect des peaux les plus d\u00e9licates. Extra-douces, r\u00e9sistantes et id\u00e9alement impr\u00e9gn\u00e9es, elles nettoient efficacement et en un seul geste sans irriter ou dess\u00e9cher la peau. Adapt\u00e9es \u00e0 une utilisation fr\u00e9quente, elles laissent la peau [&hellip;]<\/p>\n","protected":false},"featured_media":4964,"comment_status":"open","ping_status":"closed","template":"","meta":[],"product_brand":[],"product_cat":[63],"product_tag":[],"giftcard-category":[],"class_list":{"0":"post-4963","1":"product","2":"type-product","3":"status-publish","4":"has-post-thumbnail","6":"product_cat-hygiene-et-soin","8":"first","9":"instock","10":"taxable","11":"shipping-taxable","12":"purchasable","13":"product-type-simple"},"jetpack_sharing_enabled":true,"_links":{"self":[{"href":"https:\/\/foryoubaby.ma\/ar\/wp-json\/wp\/v2\/product\/4963","targetHints":{"allow":["GET"]}}],"collection":[{"href":"https:\/\/foryoubaby.ma\/ar\/wp-json\/wp\/v2\/product"}],"about":[{"href":"https:\/\/foryoubaby.ma\/ar\/wp-json\/wp\/v2\/types\/product"}],"replies":[{"embeddable":true,"href":"https:\/\/foryoubaby.ma\/ar\/wp-json\/wp\/v2\/comments?post=4963"}],"wp:featuredmedia":[{"embeddable":true,"href":"https:\/\/foryoubaby.ma\/ar\/wp-json\/wp\/v2\/media\/4964"}],"wp:attachment":[{"href":"https:\/\/foryoubaby.ma\/ar\/wp-json\/wp\/v2\/media?parent=4963"}],"wp:term":[{"taxonomy":"product_brand","embeddable":true,"href":"https:\/\/foryoubaby.ma\/ar\/wp-json\/wp\/v2\/product_brand?post=4963"},{"taxonomy":"product_cat","embeddable":true,"href":"https:\/\/foryoubaby.ma\/ar\/wp-json\/wp\/v2\/product_cat?post=4963"},{"taxonomy":"product_tag","embeddable":true,"href":"https:\/\/foryoubaby.ma\/ar\/wp-json\/wp\/v2\/product_tag?post=4963"},{"taxonomy":"giftcard-category","embeddable":true,"href":"https:\/\/foryoubaby.ma\/ar\/wp-json\/wp\/v2\/giftcard-category?post=4963"}],"curies":[{"name":"wp","href":"https:\/\/api.w.org\/{rel}","templated":true}]}}