{"id":4928,"date":"2024-10-01T17:14:29","date_gmt":"2024-10-01T17:14:29","guid":{"rendered":"https:\/\/foryoubaby.ma\/?post_type=product&#038;p=4928"},"modified":"2025-07-01T11:05:29","modified_gmt":"2025-07-01T11:05:29","slug":"bambo-nature-couches-taille-1","status":"publish","type":"product","link":"https:\/\/foryoubaby.ma\/ar\/product\/bambo-nature-couches-taille-1\/","title":{"rendered":"Bambo nature couches TAILLE 2"},"content":{"rendered":"<p>Couches Taille 2 (3-6kg) 30 unit\u00e9s sont ultra minces et tr\u00e8s absorbantes avec une couche sup\u00e9rieure qui attire l\u2019humidit\u00e9 et laisse la peau d\u00e9licate de b\u00e9b\u00e9 au sec m\u00eame avec la r\u00e9p\u00e9tition mouillage.<\/p>\n<p>&nbsp;<\/p>\n<p>Super doux \u2013 nouveau voile souple au dos avec une sensation textile.<br \/>\nCoeur super absorbant avec une couche unique qui \u00e9loigne l\u2019humidit\u00e9 de la peau de b\u00e9b\u00e9, le laissant au sec m\u00eame apr\u00e8s plusieurs accidents.<br \/>\nDoubles barri\u00e8res anti-fuites avec \u00e9lastique doux aidant b\u00e9b\u00e9 \u00e0 rester au sec.<br \/>\nUn maintien parfait \u2013 plus de confort et une plus grande facilit\u00e9 de mouvement sans fuites.<br \/>\nRespirant \u2013 Le voile respirant permet \u00e0 l\u2019air de circuler sur la peau, r\u00e9duisant le teneur en humidit\u00e9 et ainsi le risque d\u2019irritation de la peau.<br \/>\nLanguette Velcros \u00e9lastique et refermable pour un ajustement parfait.<br \/>\nNouvelles bandes lat\u00e9rales flexibles \u00e9lastiques pour plus d\u2019aisance, de confort et de libert\u00e9 de mouvement. Blanchies \u00e0 l\u2019oxyg\u00e8ne.<\/p>","protected":false},"excerpt":{"rendered":"<p>Couches Taille 2 (3-6kg) 30 unit\u00e9s sont ultra minces et tr\u00e8s absorbantes avec une couche sup\u00e9rieure qui attire l\u2019humidit\u00e9 et laisse la peau d\u00e9licate de b\u00e9b\u00e9 au sec m\u00eame avec la r\u00e9p\u00e9tition mouillage. &nbsp; Super doux \u2013 nouveau voile souple au dos avec une sensation textile. Coeur super absorbant avec une couche unique qui \u00e9loigne [&hellip;]<\/p>\n","protected":false},"featured_media":4932,"comment_status":"open","ping_status":"closed","template":"","meta":[],"product_brand":[86],"product_cat":[63],"product_tag":[],"giftcard-category":[],"class_list":{"0":"post-4928","1":"product","2":"type-product","3":"status-publish","4":"has-post-thumbnail","6":"product_brand-bambo","7":"product_cat-hygiene-et-soin","9":"first","10":"instock","11":"taxable","12":"shipping-taxable","13":"purchasable","14":"product-type-simple"},"jetpack_sharing_enabled":true,"_links":{"self":[{"href":"https:\/\/foryoubaby.ma\/ar\/wp-json\/wp\/v2\/product\/4928","targetHints":{"allow":["GET"]}}],"collection":[{"href":"https:\/\/foryoubaby.ma\/ar\/wp-json\/wp\/v2\/product"}],"about":[{"href":"https:\/\/foryoubaby.ma\/ar\/wp-json\/wp\/v2\/types\/product"}],"replies":[{"embeddable":true,"href":"https:\/\/foryoubaby.ma\/ar\/wp-json\/wp\/v2\/comments?post=4928"}],"wp:featuredmedia":[{"embeddable":true,"href":"https:\/\/foryoubaby.ma\/ar\/wp-json\/wp\/v2\/media\/4932"}],"wp:attachment":[{"href":"https:\/\/foryoubaby.ma\/ar\/wp-json\/wp\/v2\/media?parent=4928"}],"wp:term":[{"taxonomy":"product_brand","embeddable":true,"href":"https:\/\/foryoubaby.ma\/ar\/wp-json\/wp\/v2\/product_brand?post=4928"},{"taxonomy":"product_cat","embeddable":true,"href":"https:\/\/foryoubaby.ma\/ar\/wp-json\/wp\/v2\/product_cat?post=4928"},{"taxonomy":"product_tag","embeddable":true,"href":"https:\/\/foryoubaby.ma\/ar\/wp-json\/wp\/v2\/product_tag?post=4928"},{"taxonomy":"giftcard-category","embeddable":true,"href":"https:\/\/foryoubaby.ma\/ar\/wp-json\/wp\/v2\/giftcard-category?post=4928"}],"curies":[{"name":"wp","href":"https:\/\/api.w.org\/{rel}","templated":true}]}}