{"id":4744,"date":"2024-06-03T22:24:38","date_gmt":"2024-06-03T22:24:38","guid":{"rendered":"https:\/\/foryoubaby.ma\/?post_type=product&#038;p=4744"},"modified":"2025-12-08T16:39:49","modified_gmt":"2025-12-08T16:39:49","slug":"tire-lait-electrique-scf395-avent-philips","status":"publish","type":"product","link":"https:\/\/foryoubaby.ma\/ar\/product\/tire-lait-electrique-scf395-avent-philips\/","title":{"rendered":"Tire-lait \u00e9lectrique SCF395 \u2013 Avent Philips"},"content":{"rendered":"<p>Tire-lait simple \u00e9lectrique Philips Avent SCF395\/11 inspir\u00e9 par les b\u00e9b\u00e9s, efficace pour les mamans. Entrez dans une nouvelle dimension avec des tire-laits qui combinent stimulation du mamelon et expression avec efficacit\u00e9. Inspir\u00e9 de la succion naturelle des nouveau-n\u00e9s.<\/p>","protected":false},"excerpt":{"rendered":"<p>Tire-lait simple \u00e9lectrique Philips Avent SCF395\/11 inspir\u00e9 par les b\u00e9b\u00e9s, efficace pour les mamans. Entrez dans une nouvelle dimension avec des tire-laits qui combinent stimulation du mamelon et expression avec efficacit\u00e9. Inspir\u00e9 de la succion naturelle des nouveau-n\u00e9s.<\/p>\n<p>Le tire-lait \u00e9lectrique Philips Avent garantit un d\u00e9bit de lait optimal et s\u2019adapte tout en douceur \u00e0 la taille et \u00e0 la forme du mamelon.<\/p>\n<p>Pour exprimer plus de lait en moins de temps* avec un embout en silicone qui stimule le sein comme lors de la t\u00e9t\u00e9e et exprime le lait.<\/p>\n<p>L\u2019appareil passe facilement du mode stimulation en mode expression et stimule les mamelons correctement pour un d\u00e9bit de lait optimal. Bas\u00e9 sur les r\u00e9sultats de la production laiti\u00e8re (dur\u00e9e jusqu\u2019au r\u00e9flexe d\u2019\u00e9conomie de lait MER : milk ejection reflex).<\/p>\n<p>Inspir\u00e9 par les b\u00e9b\u00e9s, efficace pour les mamans.<br \/>\nTechnologie de mouvements naturels, pour un d\u00e9bit de lait plus rapide*<br \/>\nSimple<br \/>\nFonctionnement sur secteur<\/p>\n<p>Technologie de mouvements naturels, pour un d\u00e9bit de lait plus rapide*<br \/>\nTirez plus de lait en moins de temps* gr\u00e2ce \u00e0 un coussin qui stimule et exprime le lait de la m\u00eame mani\u00e8re que les b\u00e9b\u00e9s. Basculant en toute fluidit\u00e9 entre les modes de stimulation et d\u2019expression, il produit l\u2019intensit\u00e9 de stimulation du mamelon et d\u2019aspiration permettant d\u2019obtenir le maximum de lait. Bas\u00e9 sur le temps de mont\u00e9e du lait (d\u00e9lai du r\u00e9flexe d\u2019\u00e9jection du lait ou REL).*<\/p>\n<p>Coussin en silicone souple et adaptatif de taille unique<br \/>\nUne taille de coussin qui convient \u00e0 tous types de mamelons. Comme il y a autant de tailles et de formes de sein que de mamans, le coussin en silicone souple s\u2019adapte en douceur \u00e0 votre mamelon. Il convient \u00e0 99,98 % des tailles de mamelons* (jusqu\u2019\u00e0 30 mm).<\/p>\n<p>Tirez votre lait sans vous pencher en avant<br \/>\nTirez votre lait confortablement gr\u00e2ce \u00e0 un design qui vous permet de vous asseoir droite plut\u00f4t que de vous pencher vers l\u2019avant. Une posture inclin\u00e9e vers l\u2019avant est inutile ; confort de la position de tirage du lait prouv\u00e9e cliniquement* Sur la base des r\u00e9sultats d\u2019essais cliniques aupr\u00e8s de 20 participantes (2019) ; 90 % des participantes trouvent la position de tirage du lait confortable (\u00e9lectrique simple) ; 95 % des participantes trouvent la position de tirage du lait confortable (\u00e9lectrique double).<\/p>\n<p>Exp\u00e9rience personnalis\u00e9e, 8 + 16 niveaux de r\u00e9glage<br \/>\nAdaptez chaque s\u00e9ance \u00e0 vos besoins gr\u00e2ce \u00e0 un vaste choix de r\u00e9glages de stimulation et d\u2019expression. Notre tire-lait propose 8 niveaux de stimulation et 16 niveaux d\u2019expression pour une exp\u00e9rience personnalis\u00e9e.<\/p>\n<p>Moteur silencieux pour une discr\u00e9tion totale (utilisation filaire)<br \/>\nExprimez votre lait o\u00f9 et quand vous le voulez gr\u00e2ce \u00e0 notre moteur silencieux de conception compacte. Utilisation filaire seulement.<\/p>\n<p>Peu de pi\u00e8ces et installation intuitive<br \/>\nNotre syst\u00e8me d\u2019expression ferm\u00e9e emp\u00eache le lait de s\u2019\u00e9couler dans le tube, ce qui r\u00e9duit le nombre de pi\u00e8ces \u00e0 nettoyer. Un nombre r\u00e9duit de pi\u00e8ces facilite \u00e9galement le r\u00e9assemblage.<\/p>\n<p>Fonction d\u2019arr\u00eat et de d\u00e9marrage<br \/>\nSi vous avez besoin d\u2019ajuster votre position ou de faire une pause, le bouton d\u2019arr\u00eat et de d\u00e9marrage est toujours \u00e0 port\u00e9e de main.<\/p>\n<p>Fonction de m\u00e9moire<br \/>\nVous connaissez vos pr\u00e9f\u00e9rences? Le tire-lait se souvient automatiquement de vos derniers r\u00e9glages; vous n\u2019avez donc qu\u2019\u00e0 vous asseoir et \u00e0 appuyer sur le bouton de d\u00e9marrage.<\/p>","protected":false},"featured_media":4748,"comment_status":"open","ping_status":"closed","template":"","meta":[],"product_brand":[84],"product_cat":[65],"product_tag":[],"giftcard-category":[],"class_list":{"0":"post-4744","1":"product","2":"type-product","3":"status-publish","4":"has-post-thumbnail","6":"product_brand-avent","7":"product_cat-pour-elle-maman","9":"first","10":"instock","11":"taxable","12":"shipping-taxable","13":"purchasable","14":"product-type-simple"},"jetpack_sharing_enabled":true,"_links":{"self":[{"href":"https:\/\/foryoubaby.ma\/ar\/wp-json\/wp\/v2\/product\/4744","targetHints":{"allow":["GET"]}}],"collection":[{"href":"https:\/\/foryoubaby.ma\/ar\/wp-json\/wp\/v2\/product"}],"about":[{"href":"https:\/\/foryoubaby.ma\/ar\/wp-json\/wp\/v2\/types\/product"}],"replies":[{"embeddable":true,"href":"https:\/\/foryoubaby.ma\/ar\/wp-json\/wp\/v2\/comments?post=4744"}],"wp:featuredmedia":[{"embeddable":true,"href":"https:\/\/foryoubaby.ma\/ar\/wp-json\/wp\/v2\/media\/4748"}],"wp:attachment":[{"href":"https:\/\/foryoubaby.ma\/ar\/wp-json\/wp\/v2\/media?parent=4744"}],"wp:term":[{"taxonomy":"product_brand","embeddable":true,"href":"https:\/\/foryoubaby.ma\/ar\/wp-json\/wp\/v2\/product_brand?post=4744"},{"taxonomy":"product_cat","embeddable":true,"href":"https:\/\/foryoubaby.ma\/ar\/wp-json\/wp\/v2\/product_cat?post=4744"},{"taxonomy":"product_tag","embeddable":true,"href":"https:\/\/foryoubaby.ma\/ar\/wp-json\/wp\/v2\/product_tag?post=4744"},{"taxonomy":"giftcard-category","embeddable":true,"href":"https:\/\/foryoubaby.ma\/ar\/wp-json\/wp\/v2\/giftcard-category?post=4744"}],"curies":[{"name":"wp","href":"https:\/\/api.w.org\/{rel}","templated":true}]}}