{"id":4727,"date":"2024-06-03T22:09:13","date_gmt":"2024-06-03T22:09:13","guid":{"rendered":"https:\/\/foryoubaby.ma\/?post_type=product&#038;p=4727"},"modified":"2025-07-01T11:10:08","modified_gmt":"2025-07-01T11:10:08","slug":"tire-lait-electrique-rechargeable-tommee-tippee","status":"publish","type":"product","link":"https:\/\/foryoubaby.ma\/ar\/product\/tire-lait-electrique-rechargeable-tommee-tippee\/","title":{"rendered":"Tire-Lait \u00c9lectrique Rechargeable \u2013 Tommee Tippee"},"content":{"rendered":"<p>Test\u00e9 en laboratoire et av\u00e9r\u00e9 significativement plus silencieux que les produits concurrents leader du march\u00e9<br \/>\nAppareil rechargeable par usb: l\u2019appareil se recharge par usb, pour que vous puissiez l\u2019utiliser ou vous voulez sans devoir le brancher sur le secteur<br \/>\nConfort: la t\u00e9terelle en silicone, souple et douce, offre un contact au sein ultra confortable<br \/>\nPuissance longue dur\u00e9e: en charge compl\u00e8te, l\u2019appareil fonctionnera pendant plus de 60 minutes pour tirer votre lait o\u00f9 que vous soyez<br \/>\nPlusieurs modes de tirages et massages : choisissez parmi 5 modes de massages et 9 modes de tirages pour stimuler le d\u00e9bit de votre lait et l\u2019extraire de la mani\u00e8re qui vous convient<\/p>","protected":false},"excerpt":{"rendered":"<p>Simple d\u2019utilisation, ce tire-lait \u00e9lectrique fait parti de la gamme de produits d\u2019allaitement Tommee Tippee, Made for me, qui a \u00e9t\u00e9 con\u00e7ue sp\u00e9cialement pour r\u00e9pondre aux besoins individuels de chaque maman. Nous souhaitons vous accompagner tout au long de votre allaitement, \u00e0 tout moment et o\u00f9 que vous soyez. Ce tire-lait \u00e9lectrique est facile \u00e0 transporter gr\u00e2ce \u00e0 sa taille compacte et discr\u00e8te et est bien plus silencieux que les produits concurrents leader du march\u00e9. Son moteur compact, portable et ultra puissant vous permet de tirer votre lait maternel discr\u00e8tement pour que vous puissiez l\u2019utiliser n\u2019importe o\u00f9. Il comprend 5 modes massage et 9 modes tirage pour stimuler le d\u00e9bit de lait et tirer le lait efficacement. Ainsi, vous pouvez choisir l\u2019option qui vous convient le mieux selon votre stade d\u2019allaitement.<\/p>\n<p>Tire-Lait \u00c9lectrique Rechargeable \u2013 Tommee Tippee :<\/p>\n<p>Test\u00e9 en laboratoire et av\u00e9r\u00e9 significativement plus silencieux que les produits concurrents leader du march\u00e9<br \/>\nAppareil rechargeable par usb: l\u2019appareil se recharge par usb, pour que vous puissiez l\u2019utiliser ou vous voulez sans devoir le brancher sur le secteur<br \/>\nConfort: la t\u00e9terelle en silicone, souple et douce, offre un contact au sein ultra confortable<br \/>\nPuissance longue dur\u00e9e: en charge compl\u00e8te, l\u2019appareil fonctionnera pendant plus de 60 minutes pour tirer votre lait o\u00f9 que vous soyez<br \/>\nPlusieurs modes de tirages et massages : choisissez parmi 5 modes de massages et 9 modes de tirages pour stimuler le d\u00e9bit de votre lait et l\u2019extraire de la mani\u00e8re qui vous convient<\/p>","protected":false},"featured_media":4735,"comment_status":"open","ping_status":"closed","template":"","meta":[],"product_brand":[],"product_cat":[65],"product_tag":[],"giftcard-category":[],"class_list":{"0":"post-4727","1":"product","2":"type-product","3":"status-publish","4":"has-post-thumbnail","6":"product_cat-pour-elle-maman","8":"first","9":"instock","10":"taxable","11":"shipping-taxable","12":"purchasable","13":"product-type-simple"},"jetpack_sharing_enabled":true,"_links":{"self":[{"href":"https:\/\/foryoubaby.ma\/ar\/wp-json\/wp\/v2\/product\/4727","targetHints":{"allow":["GET"]}}],"collection":[{"href":"https:\/\/foryoubaby.ma\/ar\/wp-json\/wp\/v2\/product"}],"about":[{"href":"https:\/\/foryoubaby.ma\/ar\/wp-json\/wp\/v2\/types\/product"}],"replies":[{"embeddable":true,"href":"https:\/\/foryoubaby.ma\/ar\/wp-json\/wp\/v2\/comments?post=4727"}],"wp:featuredmedia":[{"embeddable":true,"href":"https:\/\/foryoubaby.ma\/ar\/wp-json\/wp\/v2\/media\/4735"}],"wp:attachment":[{"href":"https:\/\/foryoubaby.ma\/ar\/wp-json\/wp\/v2\/media?parent=4727"}],"wp:term":[{"taxonomy":"product_brand","embeddable":true,"href":"https:\/\/foryoubaby.ma\/ar\/wp-json\/wp\/v2\/product_brand?post=4727"},{"taxonomy":"product_cat","embeddable":true,"href":"https:\/\/foryoubaby.ma\/ar\/wp-json\/wp\/v2\/product_cat?post=4727"},{"taxonomy":"product_tag","embeddable":true,"href":"https:\/\/foryoubaby.ma\/ar\/wp-json\/wp\/v2\/product_tag?post=4727"},{"taxonomy":"giftcard-category","embeddable":true,"href":"https:\/\/foryoubaby.ma\/ar\/wp-json\/wp\/v2\/giftcard-category?post=4727"}],"curies":[{"name":"wp","href":"https:\/\/api.w.org\/{rel}","templated":true}]}}