{"id":4364,"date":"2024-05-30T20:55:43","date_gmt":"2024-05-30T20:55:43","guid":{"rendered":"https:\/\/foryoubaby.ma\/?post_type=product&#038;p=4364"},"modified":"2025-09-30T19:46:31","modified_gmt":"2025-09-30T19:46:31","slug":"tapis-de-jeux-reversible-fancy-innovaciones-ms","status":"publish","type":"product","link":"https:\/\/foryoubaby.ma\/ar\/product\/tapis-de-jeux-reversible-fancy-innovaciones-ms\/","title":{"rendered":"tapis de jeux r\u00e9versible Fancy  INNOVACIONES MS"},"content":{"rendered":"<p>Le tapis de jeux r\u00e9versible Fancy est con\u00e7u pour que votre b\u00e9b\u00e9 puisse y jouer en toute s\u00e9curit\u00e9 et isol\u00e9 du sol.<\/p>\n<p>Il est r\u00e9versible et pliable, ce qui le rend tr\u00e8s facile \u00e0 installer et \u00e0 ranger.<\/p>\n<p>Le tapis Fancy est rembourr\u00e9 (1,5 cm) et fabriqu\u00e9 avec une mousse dense antid\u00e9rapante pour amortir les chutes.<\/p>\n<p>Son motif est tr\u00e8s color\u00e9 et il a deux faces pour que vos enfants puissent jouer et apprendre.<\/p>\n<p>Ce tapis pour enfants est imperm\u00e9able et se nettoie facilement avec un chiffon humide.<\/p>\n<p>Le tapis de jeu est parfait pour ramper ou pour la stimulation sensorielle par le jeu.<\/p>\n<p>Si vous cherchez un tapis pour divertir votre petit, s\u00fbr et facile \u00e0 nettoyer, ce tapis pour enfants est ce qu&rsquo;il vous faut.<\/p>","protected":false},"excerpt":{"rendered":"<p>Le tapis de jeux r\u00e9versible Fancy est con\u00e7u pour que votre b\u00e9b\u00e9 puisse y jouer en toute s\u00e9curit\u00e9 et isol\u00e9 du sol. Il est r\u00e9versible et pliable, ce qui le rend tr\u00e8s facile \u00e0 installer et \u00e0 ranger. Le tapis Fancy est rembourr\u00e9 (1,5 cm) et fabriqu\u00e9 avec une mousse dense antid\u00e9rapante pour amortir les [&hellip;]<\/p>\n","protected":false},"featured_media":4160,"comment_status":"open","ping_status":"closed","template":"","meta":[],"product_brand":[76],"product_cat":[30],"product_tag":[],"giftcard-category":[],"class_list":{"0":"post-4364","1":"product","2":"type-product","3":"status-publish","4":"has-post-thumbnail","6":"product_brand-ms","7":"product_cat-jouets","9":"first","10":"instock","11":"taxable","12":"shipping-taxable","13":"purchasable","14":"product-type-simple"},"jetpack_sharing_enabled":true,"_links":{"self":[{"href":"https:\/\/foryoubaby.ma\/ar\/wp-json\/wp\/v2\/product\/4364","targetHints":{"allow":["GET"]}}],"collection":[{"href":"https:\/\/foryoubaby.ma\/ar\/wp-json\/wp\/v2\/product"}],"about":[{"href":"https:\/\/foryoubaby.ma\/ar\/wp-json\/wp\/v2\/types\/product"}],"replies":[{"embeddable":true,"href":"https:\/\/foryoubaby.ma\/ar\/wp-json\/wp\/v2\/comments?post=4364"}],"wp:featuredmedia":[{"embeddable":true,"href":"https:\/\/foryoubaby.ma\/ar\/wp-json\/wp\/v2\/media\/4160"}],"wp:attachment":[{"href":"https:\/\/foryoubaby.ma\/ar\/wp-json\/wp\/v2\/media?parent=4364"}],"wp:term":[{"taxonomy":"product_brand","embeddable":true,"href":"https:\/\/foryoubaby.ma\/ar\/wp-json\/wp\/v2\/product_brand?post=4364"},{"taxonomy":"product_cat","embeddable":true,"href":"https:\/\/foryoubaby.ma\/ar\/wp-json\/wp\/v2\/product_cat?post=4364"},{"taxonomy":"product_tag","embeddable":true,"href":"https:\/\/foryoubaby.ma\/ar\/wp-json\/wp\/v2\/product_tag?post=4364"},{"taxonomy":"giftcard-category","embeddable":true,"href":"https:\/\/foryoubaby.ma\/ar\/wp-json\/wp\/v2\/giftcard-category?post=4364"}],"curies":[{"name":"wp","href":"https:\/\/api.w.org\/{rel}","templated":true}]}}