{"id":4361,"date":"2024-05-30T20:40:37","date_gmt":"2024-05-30T20:40:37","guid":{"rendered":"https:\/\/foryoubaby.ma\/?post_type=product&#038;p=4361"},"modified":"2025-08-05T10:15:59","modified_gmt":"2025-08-05T10:15:59","slug":"ce-parc-de-jeux-pour-bebe-xl-innovaciones-ms","status":"publish","type":"product","link":"https:\/\/foryoubaby.ma\/ar\/product\/ce-parc-de-jeux-pour-bebe-xl-innovaciones-ms\/","title":{"rendered":"Ce parc de jeux pour b\u00e9b\u00e9 XL innovaciones ms"},"content":{"rendered":"<p>Ses c\u00f4t\u00e9s sont en filet pour maintenir la visibilit\u00e9 et il a des coins de s\u00e9curit\u00e9.<\/p>\n<p>Il dispose d&rsquo;une chati\u00e8re : deux de ses c\u00f4t\u00e9s s&rsquo;ouvrent pour que le b\u00e9b\u00e9 puisse entrer et sortir du parc facilement.<\/p>\n<p>Son montage est robuste et s\u00fbr. Il est tr\u00e8s facile \u00e0 assembler, compact et l\u00e9ger pour le transporter.<\/p>\n<p>Quant au tapis de jeux, il est r\u00e9versible, con\u00e7u pour que votre b\u00e9b\u00e9 puisse y jouer en toute s\u00e9curit\u00e9 et isol\u00e9 du sol.<\/p>\n<p>Il est r\u00e9versible et pliable, ce qui le rend tr\u00e8s facile \u00e0 installer et \u00e0 ranger.<\/p>\n<p>Il est rembourr\u00e9 et fabriqu\u00e9 avec une mousse dense antid\u00e9rapante pour amortir les chutes.<\/p>\n<p>Son motif est tr\u00e8s color\u00e9 et il a deux faces pour que vos enfants puissent jouer et apprendre.<\/p>\n<p>Ce tapis pour enfants est imperm\u00e9able et se nettoie facilement avec un chiffon humide.<\/p>\n<p>Le tapis de jeu est parfait pour ramper ou pour la stimulation sensorielle par le jeu.<\/p>","protected":false},"excerpt":{"rendered":"<p>Ce parc de jeux pour b\u00e9b\u00e9 XL est parfait pour que votre b\u00e9b\u00e9 puisse jouer avec des mouvements libres tout en \u00e9tant sous contr\u00f4le. De plus, vous pouvez choisir le tapis de jeux pour compl\u00e9ter le pack.<\/p>\n<p>180*120<\/p>","protected":false},"featured_media":4242,"comment_status":"open","ping_status":"closed","template":"","meta":[],"product_brand":[76],"product_cat":[30,60],"product_tag":[],"giftcard-category":[],"class_list":{"0":"post-4361","1":"product","2":"type-product","3":"status-publish","4":"has-post-thumbnail","6":"product_brand-ms","7":"product_cat-jouets","8":"product_cat-securite","10":"first","11":"outofstock","12":"taxable","13":"shipping-taxable","14":"purchasable","15":"product-type-simple"},"jetpack_sharing_enabled":true,"_links":{"self":[{"href":"https:\/\/foryoubaby.ma\/ar\/wp-json\/wp\/v2\/product\/4361","targetHints":{"allow":["GET"]}}],"collection":[{"href":"https:\/\/foryoubaby.ma\/ar\/wp-json\/wp\/v2\/product"}],"about":[{"href":"https:\/\/foryoubaby.ma\/ar\/wp-json\/wp\/v2\/types\/product"}],"replies":[{"embeddable":true,"href":"https:\/\/foryoubaby.ma\/ar\/wp-json\/wp\/v2\/comments?post=4361"}],"wp:featuredmedia":[{"embeddable":true,"href":"https:\/\/foryoubaby.ma\/ar\/wp-json\/wp\/v2\/media\/4242"}],"wp:attachment":[{"href":"https:\/\/foryoubaby.ma\/ar\/wp-json\/wp\/v2\/media?parent=4361"}],"wp:term":[{"taxonomy":"product_brand","embeddable":true,"href":"https:\/\/foryoubaby.ma\/ar\/wp-json\/wp\/v2\/product_brand?post=4361"},{"taxonomy":"product_cat","embeddable":true,"href":"https:\/\/foryoubaby.ma\/ar\/wp-json\/wp\/v2\/product_cat?post=4361"},{"taxonomy":"product_tag","embeddable":true,"href":"https:\/\/foryoubaby.ma\/ar\/wp-json\/wp\/v2\/product_tag?post=4361"},{"taxonomy":"giftcard-category","embeddable":true,"href":"https:\/\/foryoubaby.ma\/ar\/wp-json\/wp\/v2\/giftcard-category?post=4361"}],"curies":[{"name":"wp","href":"https:\/\/api.w.org\/{rel}","templated":true}]}}