{"id":4360,"date":"2024-05-30T20:32:30","date_gmt":"2024-05-30T20:32:30","guid":{"rendered":"https:\/\/foryoubaby.ma\/?post_type=product&#038;p=4360"},"modified":"2025-06-30T16:22:22","modified_gmt":"2025-06-30T16:22:22","slug":"la-piscine-a-balles","status":"publish","type":"product","link":"https:\/\/foryoubaby.ma\/ar\/product\/la-piscine-a-balles\/","title":{"rendered":"La piscine \u00e0 balles"},"content":{"rendered":"<p>La piscine \u00e0 balles pour b\u00e9b\u00e9 Misti garantit le divertissement et l&rsquo;amusement de vos petits de mani\u00e8re confortable et s\u00e9curis\u00e9e.<\/p>\n<p>La piscine est l\u00e9g\u00e8re pour \u00eatre d\u00e9plac\u00e9e facilement ; son tissu est doux et agr\u00e9able au toucher.<\/p>\n<p>Ses parois et sa base sont rembourr\u00e9es pour jouer confortablement.<\/p>\n<p>Inclut un lot de 100 balles.<\/p>\n<p>La piscine \u00e0 balles Misti mesure 90 cm de diam\u00e8tre et 30 cm de hauteur.<\/p>\n<p>Elle inclut les balles pour pouvoir commencer \u00e0 l&rsquo;utiliser d\u00e8s que vous la recevez.<\/p>\n<p>Les balles sont de diff\u00e9rentes couleurs et favorisent le d\u00e9veloppement sensoriel et moteur du b\u00e9b\u00e9 gr\u00e2ce \u00e0 l&rsquo;utilisation de la vue, du toucher, de la pince et de la coordination.<\/p>\n<p>La taille des balles est grande pour ne pas \u00eatre dangereuse.<\/p>","protected":false},"excerpt":{"rendered":"<p>La piscine \u00e0 balles pour b\u00e9b\u00e9 Misti garantit le divertissement et l&rsquo;amusement de vos petits de mani\u00e8re confortable et s\u00e9curis\u00e9e. La piscine est l\u00e9g\u00e8re pour \u00eatre d\u00e9plac\u00e9e facilement ; son tissu est doux et agr\u00e9able au toucher. Ses parois et sa base sont rembourr\u00e9es pour jouer confortablement. Inclut un lot de 100 balles. La piscine [&hellip;]<\/p>\n","protected":false},"featured_media":4249,"comment_status":"open","ping_status":"closed","template":"","meta":[],"product_brand":[],"product_cat":[30],"product_tag":[],"giftcard-category":[],"class_list":{"0":"post-4360","1":"product","2":"type-product","3":"status-publish","4":"has-post-thumbnail","6":"product_cat-jouets","8":"first","9":"instock","10":"taxable","11":"shipping-taxable","12":"purchasable","13":"product-type-simple"},"jetpack_sharing_enabled":true,"_links":{"self":[{"href":"https:\/\/foryoubaby.ma\/ar\/wp-json\/wp\/v2\/product\/4360","targetHints":{"allow":["GET"]}}],"collection":[{"href":"https:\/\/foryoubaby.ma\/ar\/wp-json\/wp\/v2\/product"}],"about":[{"href":"https:\/\/foryoubaby.ma\/ar\/wp-json\/wp\/v2\/types\/product"}],"replies":[{"embeddable":true,"href":"https:\/\/foryoubaby.ma\/ar\/wp-json\/wp\/v2\/comments?post=4360"}],"wp:featuredmedia":[{"embeddable":true,"href":"https:\/\/foryoubaby.ma\/ar\/wp-json\/wp\/v2\/media\/4249"}],"wp:attachment":[{"href":"https:\/\/foryoubaby.ma\/ar\/wp-json\/wp\/v2\/media?parent=4360"}],"wp:term":[{"taxonomy":"product_brand","embeddable":true,"href":"https:\/\/foryoubaby.ma\/ar\/wp-json\/wp\/v2\/product_brand?post=4360"},{"taxonomy":"product_cat","embeddable":true,"href":"https:\/\/foryoubaby.ma\/ar\/wp-json\/wp\/v2\/product_cat?post=4360"},{"taxonomy":"product_tag","embeddable":true,"href":"https:\/\/foryoubaby.ma\/ar\/wp-json\/wp\/v2\/product_tag?post=4360"},{"taxonomy":"giftcard-category","embeddable":true,"href":"https:\/\/foryoubaby.ma\/ar\/wp-json\/wp\/v2\/giftcard-category?post=4360"}],"curies":[{"name":"wp","href":"https:\/\/api.w.org\/{rel}","templated":true}]}}