{"id":4359,"date":"2024-05-30T20:24:42","date_gmt":"2024-05-30T20:24:42","guid":{"rendered":"https:\/\/foryoubaby.ma\/?post_type=product&#038;p=4359"},"modified":"2025-07-29T18:07:09","modified_gmt":"2025-07-29T18:07:09","slug":"lit-pliable-innovaciones-ms","status":"publish","type":"product","link":"https:\/\/foryoubaby.ma\/ar\/product\/lit-pliable-innovaciones-ms\/","title":{"rendered":"LIT PLIABLE INNOVACIONES MS"},"content":{"rendered":"<p>Il est pliable et int\u00e8gre des roues pour un transport facile.<br \/>\nSa taille est compacte, il inclut un sac de transport et un matelas lamin\u00e9.<br \/>\nIl est tr\u00e8s confortable et votre b\u00e9b\u00e9 dormira comme \u00e0 la maison.<\/p>\n<p>Dimensions : 76 cm x 66 cm x 125 cm<\/p>","protected":false},"excerpt":{"rendered":"<p>Il est pliable et int\u00e8gre des roues pour un transport facile. Sa taille est compacte, il inclut un sac de transport et un matelas lamin\u00e9. Il est tr\u00e8s confortable et votre b\u00e9b\u00e9 dormira comme \u00e0 la maison. Dimensions : 76 cm x 66 cm x 125 cm<\/p>","protected":false},"featured_media":4223,"comment_status":"open","ping_status":"closed","template":"","meta":[],"product_brand":[76],"product_cat":[61],"product_tag":[],"giftcard-category":[],"class_list":{"0":"post-4359","1":"product","2":"type-product","3":"status-publish","4":"has-post-thumbnail","6":"product_brand-ms","7":"product_cat-aide-sommeil","9":"first","10":"outofstock","11":"taxable","12":"shipping-taxable","13":"purchasable","14":"product-type-simple"},"jetpack_sharing_enabled":true,"_links":{"self":[{"href":"https:\/\/foryoubaby.ma\/ar\/wp-json\/wp\/v2\/product\/4359","targetHints":{"allow":["GET"]}}],"collection":[{"href":"https:\/\/foryoubaby.ma\/ar\/wp-json\/wp\/v2\/product"}],"about":[{"href":"https:\/\/foryoubaby.ma\/ar\/wp-json\/wp\/v2\/types\/product"}],"replies":[{"embeddable":true,"href":"https:\/\/foryoubaby.ma\/ar\/wp-json\/wp\/v2\/comments?post=4359"}],"wp:featuredmedia":[{"embeddable":true,"href":"https:\/\/foryoubaby.ma\/ar\/wp-json\/wp\/v2\/media\/4223"}],"wp:attachment":[{"href":"https:\/\/foryoubaby.ma\/ar\/wp-json\/wp\/v2\/media?parent=4359"}],"wp:term":[{"taxonomy":"product_brand","embeddable":true,"href":"https:\/\/foryoubaby.ma\/ar\/wp-json\/wp\/v2\/product_brand?post=4359"},{"taxonomy":"product_cat","embeddable":true,"href":"https:\/\/foryoubaby.ma\/ar\/wp-json\/wp\/v2\/product_cat?post=4359"},{"taxonomy":"product_tag","embeddable":true,"href":"https:\/\/foryoubaby.ma\/ar\/wp-json\/wp\/v2\/product_tag?post=4359"},{"taxonomy":"giftcard-category","embeddable":true,"href":"https:\/\/foryoubaby.ma\/ar\/wp-json\/wp\/v2\/giftcard-category?post=4359"}],"curies":[{"name":"wp","href":"https:\/\/api.w.org\/{rel}","templated":true}]}}