{"id":4358,"date":"2024-05-30T20:14:37","date_gmt":"2024-05-30T20:14:37","guid":{"rendered":"https:\/\/foryoubaby.ma\/?post_type=product&#038;p=4358"},"modified":"2025-12-08T15:54:58","modified_gmt":"2025-12-08T15:54:58","slug":"le-lit-bebe-home-innovaciones-ms","status":"publish","type":"product","link":"https:\/\/foryoubaby.ma\/ar\/product\/le-lit-bebe-home-innovaciones-ms\/","title":{"rendered":"Le lit b\u00e9b\u00e9 Home innovaciones MS"},"content":{"rendered":"<p>Le lit b\u00e9b\u00e9 Home ne remplit pas seulement sa fonction de lit, il se transforme \u00e9galement en cabane pour que votre petit puisse jouer \u00e0 mesure qu&rsquo;il grandit.<\/p>\n<p>Il int\u00e8gre une fen\u00eatre sur le toit pour une surveillance optimale ainsi qu&rsquo;une chati\u00e8re pour qu&rsquo;il puisse entrer seul dans le lit et favoriser son ind\u00e9pendance. Ses fen\u00eatres en filet maintiennent un environnement ventil\u00e9 et vous permettent de surveiller votre b\u00e9b\u00e9 \u00e0 tout moment.<\/p>\n<p>Votre petit sera toujours \u00e0 l&rsquo;aise car il dispose de son propre matelas qui sert \u00e9galement de base. De plus, il est lamin\u00e9 pour prolonger au maximum sa dur\u00e9e de vie.<\/p>\n<p>Le lit b\u00e9b\u00e9 Home se d\u00e9place facilement gr\u00e2ce \u00e0 ses roues. Il est l\u00e9ger avec un pliage facile et son sac de transport le rend optimal pour les voyages et les vacances, offrant repos, confort et amusement partout.<\/p>\n<p>Que vous l&rsquo;utilisiez comme lit ou comme cabane, ce sera l&rsquo;endroit pr\u00e9f\u00e9r\u00e9 de votre petit.<\/p>","protected":false},"excerpt":{"rendered":"<p><img fetchpriority=\"high\" decoding=\"async\" class=\"alignnone size-medium wp-image-4164\" src=\"https:\/\/foryoubaby.ma\/wp-content\/uploads\/2024\/05\/09e3b117-fb39-41ac-80dc-948ab98c4916-300x200.jpg\" alt=\"\" width=\"300\" height=\"200\" srcset=\"https:\/\/foryoubaby.ma\/wp-content\/uploads\/2024\/05\/09e3b117-fb39-41ac-80dc-948ab98c4916-300x200.jpg 300w, https:\/\/foryoubaby.ma\/wp-content\/uploads\/2024\/05\/09e3b117-fb39-41ac-80dc-948ab98c4916-1024x682.jpg 1024w, https:\/\/foryoubaby.ma\/wp-content\/uploads\/2024\/05\/09e3b117-fb39-41ac-80dc-948ab98c4916-768x512.jpg 768w, https:\/\/foryoubaby.ma\/wp-content\/uploads\/2024\/05\/09e3b117-fb39-41ac-80dc-948ab98c4916-1536x1023.jpg 1536w, https:\/\/foryoubaby.ma\/wp-content\/uploads\/2024\/05\/09e3b117-fb39-41ac-80dc-948ab98c4916-18x12.jpg 18w, https:\/\/foryoubaby.ma\/wp-content\/uploads\/2024\/05\/09e3b117-fb39-41ac-80dc-948ab98c4916-600x400.jpg 600w, https:\/\/foryoubaby.ma\/wp-content\/uploads\/2024\/05\/09e3b117-fb39-41ac-80dc-948ab98c4916.jpg 1600w\" sizes=\"(max-width: 300px) 100vw, 300px\" \/><\/p>\n<p>&nbsp;<\/p>\n<p>&nbsp;<\/p>","protected":false},"featured_media":4164,"comment_status":"open","ping_status":"closed","template":"","meta":[],"product_brand":[76],"product_cat":[61],"product_tag":[],"giftcard-category":[],"class_list":{"0":"post-4358","1":"product","2":"type-product","3":"status-publish","4":"has-post-thumbnail","6":"product_brand-ms","7":"product_cat-aide-sommeil","9":"first","10":"outofstock","11":"taxable","12":"shipping-taxable","13":"purchasable","14":"product-type-simple"},"jetpack_sharing_enabled":true,"_links":{"self":[{"href":"https:\/\/foryoubaby.ma\/ar\/wp-json\/wp\/v2\/product\/4358","targetHints":{"allow":["GET"]}}],"collection":[{"href":"https:\/\/foryoubaby.ma\/ar\/wp-json\/wp\/v2\/product"}],"about":[{"href":"https:\/\/foryoubaby.ma\/ar\/wp-json\/wp\/v2\/types\/product"}],"replies":[{"embeddable":true,"href":"https:\/\/foryoubaby.ma\/ar\/wp-json\/wp\/v2\/comments?post=4358"}],"wp:featuredmedia":[{"embeddable":true,"href":"https:\/\/foryoubaby.ma\/ar\/wp-json\/wp\/v2\/media\/4164"}],"wp:attachment":[{"href":"https:\/\/foryoubaby.ma\/ar\/wp-json\/wp\/v2\/media?parent=4358"}],"wp:term":[{"taxonomy":"product_brand","embeddable":true,"href":"https:\/\/foryoubaby.ma\/ar\/wp-json\/wp\/v2\/product_brand?post=4358"},{"taxonomy":"product_cat","embeddable":true,"href":"https:\/\/foryoubaby.ma\/ar\/wp-json\/wp\/v2\/product_cat?post=4358"},{"taxonomy":"product_tag","embeddable":true,"href":"https:\/\/foryoubaby.ma\/ar\/wp-json\/wp\/v2\/product_tag?post=4358"},{"taxonomy":"giftcard-category","embeddable":true,"href":"https:\/\/foryoubaby.ma\/ar\/wp-json\/wp\/v2\/giftcard-category?post=4358"}],"curies":[{"name":"wp","href":"https:\/\/api.w.org\/{rel}","templated":true}]}}