{"id":4357,"date":"2024-05-30T20:07:58","date_gmt":"2024-05-30T20:07:58","guid":{"rendered":"https:\/\/foryoubaby.ma\/?post_type=product&#038;p=4357"},"modified":"2025-07-29T18:07:28","modified_gmt":"2025-07-29T18:07:28","slug":"lit-cododo-ennis-innovaciones-ms","status":"publish","type":"product","link":"https:\/\/foryoubaby.ma\/ar\/product\/lit-cododo-ennis-innovaciones-ms\/","title":{"rendered":"lit cododo Ennis  innovaciones MS gris"},"content":{"rendered":"<p>le lit cododo Ennis int\u00e8gre l&rsquo;option de cododo, permettant d&rsquo;abaisser l&rsquo;un des deux c\u00f4t\u00e9s avec un syst\u00e8me innovant. Le cododo est r\u00e9glable en hauteur pour s&rsquo;adapter \u00e0 diff\u00e9rents types de lits.<\/p>\n<p>Elle dispose de deux hauteurs pour les nouveau-n\u00e9s, adapt\u00e9e jusqu&rsquo;\u00e0 9 kg, facilitant le coucher et le lever de votre b\u00e9b\u00e9. Ensuite, \u00e0 partir de 9 kg, vous pouvez utiliser la partie inf\u00e9rieure jusqu&rsquo;\u00e0 15 kg.<\/p>\n<p>Elle est con\u00e7ue pour votre confort d\u00e8s la naissance. Comprend une moustiquaire de s\u00e9rie pour prot\u00e9ger l&rsquo;enfant des insectes. De plus, le matelas de s\u00e9rie est lamin\u00e9 pour prolonger sa dur\u00e9e de vie.<\/p>\n<p>le lit cododo Ennis comprend une moustiquaire pour prot\u00e9ger le b\u00e9b\u00e9 des insectes, une chati\u00e8re pour les moments de jeu et son matelas lamin\u00e9 ajoute une durabilit\u00e9 prolong\u00e9e.<\/p>\n<p>De 0 \u00e0 36 mois<\/p>","protected":false},"excerpt":{"rendered":"<p>le lit cododo Ennis int\u00e8gre l&rsquo;option de cododo, permettant d&rsquo;abaisser l&rsquo;un des deux c\u00f4t\u00e9s avec un syst\u00e8me innovant. Le cododo est r\u00e9glable en hauteur pour s&rsquo;adapter \u00e0 diff\u00e9rents types de lits. Elle dispose de deux hauteurs pour les nouveau-n\u00e9s, adapt\u00e9e jusqu&rsquo;\u00e0 9 kg, facilitant le coucher et le lever de votre b\u00e9b\u00e9. Ensuite, \u00e0 partir [&hellip;]<\/p>\n","protected":false},"featured_media":4169,"comment_status":"open","ping_status":"closed","template":"","meta":[],"product_brand":[76],"product_cat":[61],"product_tag":[],"giftcard-category":[],"class_list":{"0":"post-4357","1":"product","2":"type-product","3":"status-publish","4":"has-post-thumbnail","6":"product_brand-ms","7":"product_cat-aide-sommeil","9":"first","10":"outofstock","11":"taxable","12":"shipping-taxable","13":"purchasable","14":"product-type-simple"},"jetpack_sharing_enabled":true,"_links":{"self":[{"href":"https:\/\/foryoubaby.ma\/ar\/wp-json\/wp\/v2\/product\/4357","targetHints":{"allow":["GET"]}}],"collection":[{"href":"https:\/\/foryoubaby.ma\/ar\/wp-json\/wp\/v2\/product"}],"about":[{"href":"https:\/\/foryoubaby.ma\/ar\/wp-json\/wp\/v2\/types\/product"}],"replies":[{"embeddable":true,"href":"https:\/\/foryoubaby.ma\/ar\/wp-json\/wp\/v2\/comments?post=4357"}],"wp:featuredmedia":[{"embeddable":true,"href":"https:\/\/foryoubaby.ma\/ar\/wp-json\/wp\/v2\/media\/4169"}],"wp:attachment":[{"href":"https:\/\/foryoubaby.ma\/ar\/wp-json\/wp\/v2\/media?parent=4357"}],"wp:term":[{"taxonomy":"product_brand","embeddable":true,"href":"https:\/\/foryoubaby.ma\/ar\/wp-json\/wp\/v2\/product_brand?post=4357"},{"taxonomy":"product_cat","embeddable":true,"href":"https:\/\/foryoubaby.ma\/ar\/wp-json\/wp\/v2\/product_cat?post=4357"},{"taxonomy":"product_tag","embeddable":true,"href":"https:\/\/foryoubaby.ma\/ar\/wp-json\/wp\/v2\/product_tag?post=4357"},{"taxonomy":"giftcard-category","embeddable":true,"href":"https:\/\/foryoubaby.ma\/ar\/wp-json\/wp\/v2\/giftcard-category?post=4357"}],"curies":[{"name":"wp","href":"https:\/\/api.w.org\/{rel}","templated":true}]}}