{"id":4120,"date":"2024-05-06T20:43:53","date_gmt":"2024-05-06T20:43:53","guid":{"rendered":"https:\/\/foryoubaby.ma\/?post_type=product&#038;p=4120"},"modified":"2025-12-08T15:55:15","modified_gmt":"2025-12-08T15:55:15","slug":"cododo-sleepy-innovacciones-ms","status":"publish","type":"product","link":"https:\/\/foryoubaby.ma\/ar\/product\/cododo-sleepy-innovacciones-ms\/","title":{"rendered":"cododo Sleepy  INNOVACCIONES MS beill"},"content":{"rendered":"<p>Le berceau cododo Sleepy est un 2 en 1 : vous pouvez l&rsquo;utiliser comme un lit ind\u00e9pendant pour b\u00e9b\u00e9 ou comme un berceau cododo confortable, offrant \u00e0 votre b\u00e9b\u00e9 une sensation de s\u00e9curit\u00e9 en \u00e9tant pr\u00e8s de vous.<\/p>\n<p>Il comprend une moustiquaire de s\u00e9rie pour prot\u00e9ger votre b\u00e9b\u00e9 des moustiques ennuyeux. Il est tr\u00e8s facile \u00e0 installer et \u00e0 enlever gr\u00e2ce \u00e0 ses attaches \u00e0 pression.<\/p>\n<p>Gr\u00e2ce \u00e0 ses 4 niveaux de hauteur, le berceau peut \u00eatre facilement ajust\u00e9 \u00e0 la hauteur de votre lit. De plus, il comprend des sangles de fixation pour offrir une s\u00e9curit\u00e9 suppl\u00e9mentaire au berceau pendant que votre b\u00e9b\u00e9 repose paisiblement.<\/p>\n<p>Le berceau cododo Sleepy facilite l&rsquo;exp\u00e9rience du cododo avec une ouverture lat\u00e9rale par fermeture \u00e9clair. Cette caract\u00e9ristique offre une connexion \u00e9troite et confortable avec votre b\u00e9b\u00e9 pendant la nuit.<\/p>\n<p>D\u00e9couvrez la combinaison parfaite de praticit\u00e9, de s\u00e9curit\u00e9 et de proximit\u00e9 avec notre berceau cododo Sleepy, con\u00e7u pour rendre le sommeil de toute la famille encore plus sp\u00e9cial.<\/p>\n<p>Comprend un matelas de s\u00e9rie.\u00a0\u00bb<\/p>","protected":false},"excerpt":{"rendered":"<p>Le berceau cododo Sleepy est un 2 en 1 : vous pouvez l&rsquo;utiliser comme un lit ind\u00e9pendant pour b\u00e9b\u00e9 ou comme un berceau cododo confortable, offrant \u00e0 votre b\u00e9b\u00e9 une sensation de s\u00e9curit\u00e9 en \u00e9tant pr\u00e8s de vous. Il comprend une moustiquaire de s\u00e9rie pour prot\u00e9ger votre b\u00e9b\u00e9 des moustiques ennuyeux. Il est tr\u00e8s facile [&hellip;]<\/p>\n","protected":false},"featured_media":4136,"comment_status":"open","ping_status":"closed","template":"","meta":[],"product_brand":[76],"product_cat":[61],"product_tag":[],"giftcard-category":[],"class_list":{"0":"post-4120","1":"product","2":"type-product","3":"status-publish","4":"has-post-thumbnail","6":"product_brand-ms","7":"product_cat-aide-sommeil","9":"first","10":"outofstock","11":"taxable","12":"shipping-taxable","13":"purchasable","14":"product-type-simple"},"jetpack_sharing_enabled":true,"_links":{"self":[{"href":"https:\/\/foryoubaby.ma\/ar\/wp-json\/wp\/v2\/product\/4120","targetHints":{"allow":["GET"]}}],"collection":[{"href":"https:\/\/foryoubaby.ma\/ar\/wp-json\/wp\/v2\/product"}],"about":[{"href":"https:\/\/foryoubaby.ma\/ar\/wp-json\/wp\/v2\/types\/product"}],"replies":[{"embeddable":true,"href":"https:\/\/foryoubaby.ma\/ar\/wp-json\/wp\/v2\/comments?post=4120"}],"wp:featuredmedia":[{"embeddable":true,"href":"https:\/\/foryoubaby.ma\/ar\/wp-json\/wp\/v2\/media\/4136"}],"wp:attachment":[{"href":"https:\/\/foryoubaby.ma\/ar\/wp-json\/wp\/v2\/media?parent=4120"}],"wp:term":[{"taxonomy":"product_brand","embeddable":true,"href":"https:\/\/foryoubaby.ma\/ar\/wp-json\/wp\/v2\/product_brand?post=4120"},{"taxonomy":"product_cat","embeddable":true,"href":"https:\/\/foryoubaby.ma\/ar\/wp-json\/wp\/v2\/product_cat?post=4120"},{"taxonomy":"product_tag","embeddable":true,"href":"https:\/\/foryoubaby.ma\/ar\/wp-json\/wp\/v2\/product_tag?post=4120"},{"taxonomy":"giftcard-category","embeddable":true,"href":"https:\/\/foryoubaby.ma\/ar\/wp-json\/wp\/v2\/giftcard-category?post=4120"}],"curies":[{"name":"wp","href":"https:\/\/api.w.org\/{rel}","templated":true}]}}