{"id":4110,"date":"2024-05-06T20:30:14","date_gmt":"2024-05-06T20:30:14","guid":{"rendered":"https:\/\/foryoubaby.ma\/?post_type=product&#038;p=4110"},"modified":"2025-10-02T18:34:58","modified_gmt":"2025-10-02T18:34:58","slug":"siege-auto-milos-innovacciones-ms","status":"publish","type":"product","link":"https:\/\/foryoubaby.ma\/ar\/product\/siege-auto-milos-innovacciones-ms\/","title":{"rendered":"Si\u00e8ge auto 360 Milos 0\/1\/2\/3 Gris vert \u2013 MS"},"content":{"rendered":"<p>Les caract\u00e9ristiques du si\u00e8ge auto MILOS sont \u00e9volutives, tr\u00e8s faciles \u00e0 installer dans la voiture et appartiennent au groupe 0\/1\/2\/3, ce qui signifie que vous pouvez l&rsquo;utiliser d\u00e8s la naissance jusqu&rsquo;\u00e0 36 kg. 40-150cm.<\/p>\n<p>Pour assurer la s\u00e9curit\u00e9 de votre enfant \u00e0 tout moment, elle est \u00e9quip\u00e9e du syst\u00e8me ISOFIX et d&rsquo;une sangle Top Tether.<\/p>\n<p>Vous pouvez utiliser le si\u00e8ge auto Milos dos \u00e0 la route jusqu&rsquo;\u00e0 18 kg (40 \u00e0 105 cm) et dans le sens de la marche jusqu&rsquo;\u00e0 36 kg (75 cm \u00e0 150 cm) environ. Pour plus de confort, c&rsquo;est un si\u00e8ge auto rotatif \u00e0 360\u00ba.<\/p>\n<p>Le si\u00e8ge auto MILOS peut \u00eatre ajust\u00e9 \u00e0 la hauteur de votre enfant gr\u00e2ce \u00e0 ses 4 positions d&rsquo;inclinaison et \u00e0 ses 14 positions de soutien-t\u00eate.<\/p>\n<p>Les tissus du si\u00e8ge sont de la plus haute qualit\u00e9, respirants et comprennent des r\u00e9ducteurs rembourr\u00e9s pour les premiers mois.<\/p>\n<p>Si vous recherchez un si\u00e8ge auto polyvalent, confortable et s\u00fbr pour votre b\u00e9b\u00e9, le si\u00e8ge auto MILOS 0\/1\/2\/3 i-size est celui qu&rsquo;il vous faut.\u00a0\u00bb<\/p>","protected":false},"excerpt":{"rendered":"<p>Les caract\u00e9ristiques du si\u00e8ge auto MILOS sont \u00e9volutives, tr\u00e8s faciles \u00e0 installer dans la voiture et appartiennent au groupe 0\/1\/2\/3, ce qui signifie que vous pouvez l&rsquo;utiliser d\u00e8s la naissance jusqu&rsquo;\u00e0 36 kg. 40-150cm.<\/p>","protected":false},"featured_media":4116,"comment_status":"open","ping_status":"closed","template":"","meta":[],"product_brand":[76],"product_cat":[60,96],"product_tag":[],"giftcard-category":[],"class_list":{"0":"post-4110","1":"product","2":"type-product","3":"status-publish","4":"has-post-thumbnail","6":"product_brand-ms","7":"product_cat-securite","8":"product_cat-siege-auto","10":"first","11":"instock","12":"sale","13":"taxable","14":"shipping-taxable","15":"purchasable","16":"product-type-simple"},"jetpack_sharing_enabled":true,"_links":{"self":[{"href":"https:\/\/foryoubaby.ma\/ar\/wp-json\/wp\/v2\/product\/4110","targetHints":{"allow":["GET"]}}],"collection":[{"href":"https:\/\/foryoubaby.ma\/ar\/wp-json\/wp\/v2\/product"}],"about":[{"href":"https:\/\/foryoubaby.ma\/ar\/wp-json\/wp\/v2\/types\/product"}],"replies":[{"embeddable":true,"href":"https:\/\/foryoubaby.ma\/ar\/wp-json\/wp\/v2\/comments?post=4110"}],"wp:featuredmedia":[{"embeddable":true,"href":"https:\/\/foryoubaby.ma\/ar\/wp-json\/wp\/v2\/media\/4116"}],"wp:attachment":[{"href":"https:\/\/foryoubaby.ma\/ar\/wp-json\/wp\/v2\/media?parent=4110"}],"wp:term":[{"taxonomy":"product_brand","embeddable":true,"href":"https:\/\/foryoubaby.ma\/ar\/wp-json\/wp\/v2\/product_brand?post=4110"},{"taxonomy":"product_cat","embeddable":true,"href":"https:\/\/foryoubaby.ma\/ar\/wp-json\/wp\/v2\/product_cat?post=4110"},{"taxonomy":"product_tag","embeddable":true,"href":"https:\/\/foryoubaby.ma\/ar\/wp-json\/wp\/v2\/product_tag?post=4110"},{"taxonomy":"giftcard-category","embeddable":true,"href":"https:\/\/foryoubaby.ma\/ar\/wp-json\/wp\/v2\/giftcard-category?post=4110"}],"curies":[{"name":"wp","href":"https:\/\/api.w.org\/{rel}","templated":true}]}}