{"id":4092,"date":"2024-05-06T20:21:05","date_gmt":"2024-05-06T20:21:05","guid":{"rendered":"https:\/\/foryoubaby.ma\/?post_type=product&#038;p=4092"},"modified":"2025-10-02T18:36:12","modified_gmt":"2025-10-02T18:36:12","slug":"siege-auto-denver-innovacciones-ms","status":"publish","type":"product","link":"https:\/\/foryoubaby.ma\/ar\/product\/siege-auto-denver-innovacciones-ms\/","title":{"rendered":"si\u00e8ge auto   DENVER  INNOVACCIONES MS"},"content":{"rendered":"<p>Le si\u00e8ge auto groupe 0\/1\/2\/3 DENVER est de derni\u00e8re g\u00e9n\u00e9ration, tr\u00e8s confortable et parfait pour votre b\u00e9b\u00e9 de la naissance jusqu&rsquo;\u00e0 12 ans.<\/p>\n<p>Il peut \u00eatre install\u00e9 dos \u00e0 la route jusqu&rsquo;\u00e0 18kg (105cm) et dans le sens de la marche \u00e0 partir de 9kg jusqu&rsquo;\u00e0 36kg (75-150cm).<\/p>\n<p>Pour la s\u00e9curit\u00e9 de votre petit, il int\u00e8gre le syst\u00e8me de protection lat\u00e9rale SPS et dispose d&rsquo;un harnais \u00e0 5 points d&rsquo;ancrage avec rembourrage en mousse visco\u00e9lastique. Il est \u00e9galement \u00e9quip\u00e9 d&rsquo;Isofix ajustable au si\u00e8ge de la voiture et a un troisi\u00e8me point d&rsquo;ancrage pour maintenir le si\u00e8ge auto immobile.<\/p>\n<p>Le si\u00e8ge auto groupe 0\/1\/2\/3 DENVER est \u00e9volutif, gr\u00e2ce \u00e0 ses 5 positions d&rsquo;inclinaison et ses 15 r\u00e9glages de hauteur de t\u00eate, il accompagne votre b\u00e9b\u00e9 pendant toute la dur\u00e9e d&rsquo;utilisation du si\u00e8ge auto. Il est \u00e9galement enti\u00e8rement rotatif \u00e0 360\u00ba.<\/p>\n<p>Son tissu \u00e0 haute absorption (aussi bien du froid que de la chaleur) est tr\u00e8s respirant et rend les voyages en voiture vraiment confortables.<\/p>\n<p>Le si\u00e8ge auto groupe 0\/1\/2\/3 Denver i-size n&rsquo;est pas seulement s\u00fbr et fonctionnel, mais aussi facile \u00e0 installer et \u00e0 utiliser dans votre v\u00e9hicule. D\u00e9couvrez son confort et sa s\u00e9curit\u00e9 \u00e0 chaque voyage !\u00a0\u00bb<\/p>","protected":false},"excerpt":{"rendered":"<p>Le si\u00e8ge auto groupe 0\/1\/2\/3 DENVER est de derni\u00e8re g\u00e9n\u00e9ration, tr\u00e8s confortable et parfait pour votre b\u00e9b\u00e9 de la naissance jusqu&rsquo;\u00e0 12 ans.<\/p>","protected":false},"featured_media":4107,"comment_status":"open","ping_status":"closed","template":"","meta":[],"product_brand":[76],"product_cat":[96],"product_tag":[],"giftcard-category":[],"class_list":{"0":"post-4092","1":"product","2":"type-product","3":"status-publish","4":"has-post-thumbnail","6":"product_brand-ms","7":"product_cat-siege-auto","9":"first","10":"instock","11":"sale","12":"taxable","13":"shipping-taxable","14":"purchasable","15":"product-type-simple"},"jetpack_sharing_enabled":true,"_links":{"self":[{"href":"https:\/\/foryoubaby.ma\/ar\/wp-json\/wp\/v2\/product\/4092","targetHints":{"allow":["GET"]}}],"collection":[{"href":"https:\/\/foryoubaby.ma\/ar\/wp-json\/wp\/v2\/product"}],"about":[{"href":"https:\/\/foryoubaby.ma\/ar\/wp-json\/wp\/v2\/types\/product"}],"replies":[{"embeddable":true,"href":"https:\/\/foryoubaby.ma\/ar\/wp-json\/wp\/v2\/comments?post=4092"}],"wp:featuredmedia":[{"embeddable":true,"href":"https:\/\/foryoubaby.ma\/ar\/wp-json\/wp\/v2\/media\/4107"}],"wp:attachment":[{"href":"https:\/\/foryoubaby.ma\/ar\/wp-json\/wp\/v2\/media?parent=4092"}],"wp:term":[{"taxonomy":"product_brand","embeddable":true,"href":"https:\/\/foryoubaby.ma\/ar\/wp-json\/wp\/v2\/product_brand?post=4092"},{"taxonomy":"product_cat","embeddable":true,"href":"https:\/\/foryoubaby.ma\/ar\/wp-json\/wp\/v2\/product_cat?post=4092"},{"taxonomy":"product_tag","embeddable":true,"href":"https:\/\/foryoubaby.ma\/ar\/wp-json\/wp\/v2\/product_tag?post=4092"},{"taxonomy":"giftcard-category","embeddable":true,"href":"https:\/\/foryoubaby.ma\/ar\/wp-json\/wp\/v2\/giftcard-category?post=4092"}],"curies":[{"name":"wp","href":"https:\/\/api.w.org\/{rel}","templated":true}]}}