{"id":4067,"date":"2024-04-20T23:15:51","date_gmt":"2024-04-20T23:15:51","guid":{"rendered":"https:\/\/foryoubaby.ma\/?post_type=product&#038;p=4067"},"modified":"2025-06-30T16:22:23","modified_gmt":"2025-06-30T16:22:23","slug":"siege-porte-bebe-plateforme-pour-poussette-bebe","status":"publish","type":"product","link":"https:\/\/foryoubaby.ma\/ar\/product\/siege-porte-bebe-plateforme-pour-poussette-bebe\/","title":{"rendered":"si\u00e8ge porte-b\u00e9b\u00e9\u00a0\u00bb +plateforme pour poussette b\u00e9b\u00e9"},"content":{"rendered":"<p>Cette plateforme avec si\u00e8ge pour poussette b\u00e9b\u00e9 est parfaite pour transporter les deux petits ensemble.<\/p>\n<ul>\n<li>Universelle et facile \u00e0 fixer.<\/li>\n<li>Charge maximale : 20 kg.<\/li>\n<li>La plateforme universelle pour poussette offre une grande polyvalence, car elle peut \u00eatre fix\u00e9e \u00e0 presque toutes les poussettes, quel que soit leur ch\u00e2ssis.<\/li>\n<\/ul>\n<p>\u2022 Peut \u00eatre ajust\u00e9e verticalement ou horizontalement. Adapt\u00e9e \u00e0 la largeur de la poussette.<\/p>\n<p>\u2022 Dot\u00e9e de roues avec amortissement.<\/p>\n<p>\u2022 Plusieurs positions de hauteur pour s&rsquo;adapter au mieux au ch\u00e2ssis.<\/p>\n<p>Avec le si\u00e8ge pour transport de b\u00e9b\u00e9, votre petit pourra \u00eatre assis et contr\u00f4l\u00e9 pendant vos promenades.<\/p>\n<ul>\n<li>Si\u00e8ge avec dossier rembourr\u00e9 et ceinture de s\u00e9curit\u00e9.<\/li>\n<li>Charge maximale : 20 kg.<\/li>\n<li>\u00c2ge : De 2 \u00e0 5 ans.<\/li>\n<li>Facile \u00e0 fixer sur la plateforme de transport. Il suffit de l&rsquo;ajuster et de le serrer.<\/li>\n<li>3 positions de hauteur et 2 positions d&rsquo;approche de la poussette.<\/li>\n<li>Ce si\u00e8ge pour transport de b\u00e9b\u00e9 est uniquement compatible avec les plateformes de transport de la marque MS.<\/li>\n<\/ul>\n<p>&nbsp;<\/p>","protected":false},"excerpt":{"rendered":"<p>deux produits<\/p>\n<p>si\u00e8ge porte-b\u00e9b\u00e9\u00a0\u00bb +plateforme pour poussette b\u00e9b\u00e9<\/p>\n<p>innovacciones ms<\/p>","protected":false},"featured_media":4070,"comment_status":"open","ping_status":"closed","template":"","meta":[],"product_brand":[],"product_cat":[59],"product_tag":[],"giftcard-category":[],"class_list":{"0":"post-4067","1":"product","2":"type-product","3":"status-publish","4":"has-post-thumbnail","6":"product_cat-poussettes","8":"first","9":"instock","10":"taxable","11":"shipping-taxable","12":"purchasable","13":"product-type-simple"},"jetpack_sharing_enabled":true,"_links":{"self":[{"href":"https:\/\/foryoubaby.ma\/ar\/wp-json\/wp\/v2\/product\/4067","targetHints":{"allow":["GET"]}}],"collection":[{"href":"https:\/\/foryoubaby.ma\/ar\/wp-json\/wp\/v2\/product"}],"about":[{"href":"https:\/\/foryoubaby.ma\/ar\/wp-json\/wp\/v2\/types\/product"}],"replies":[{"embeddable":true,"href":"https:\/\/foryoubaby.ma\/ar\/wp-json\/wp\/v2\/comments?post=4067"}],"wp:featuredmedia":[{"embeddable":true,"href":"https:\/\/foryoubaby.ma\/ar\/wp-json\/wp\/v2\/media\/4070"}],"wp:attachment":[{"href":"https:\/\/foryoubaby.ma\/ar\/wp-json\/wp\/v2\/media?parent=4067"}],"wp:term":[{"taxonomy":"product_brand","embeddable":true,"href":"https:\/\/foryoubaby.ma\/ar\/wp-json\/wp\/v2\/product_brand?post=4067"},{"taxonomy":"product_cat","embeddable":true,"href":"https:\/\/foryoubaby.ma\/ar\/wp-json\/wp\/v2\/product_cat?post=4067"},{"taxonomy":"product_tag","embeddable":true,"href":"https:\/\/foryoubaby.ma\/ar\/wp-json\/wp\/v2\/product_tag?post=4067"},{"taxonomy":"giftcard-category","embeddable":true,"href":"https:\/\/foryoubaby.ma\/ar\/wp-json\/wp\/v2\/giftcard-category?post=4067"}],"curies":[{"name":"wp","href":"https:\/\/api.w.org\/{rel}","templated":true}]}}