{"id":4066,"date":"2024-04-20T22:48:50","date_gmt":"2024-04-20T22:48:50","guid":{"rendered":"https:\/\/foryoubaby.ma\/?post_type=product&#038;p=4066"},"modified":"2025-07-30T16:15:47","modified_gmt":"2025-07-30T16:15:47","slug":"chaise-haute-tasty-eco","status":"publish","type":"product","link":"https:\/\/foryoubaby.ma\/ar\/product\/chaise-haute-tasty-eco\/","title":{"rendered":"Chaise haute Tasty Eco"},"content":{"rendered":"<div class=\"flex-1 overflow-hidden\">\n<div class=\"react-scroll-to-bottom--css-yppfp-79elbk h-full\">\n<div class=\"react-scroll-to-bottom--css-yppfp-1n7m0yu\">\n<div>\n<div class=\"flex flex-col text-sm\">\n<div class=\"w-full text-token-text-primary\" dir=\"auto\" data-testid=\"conversation-turn-41\">\n<div class=\"px-4 py-2 justify-center text-base md:gap-6 m-auto\">\n<div class=\"flex flex-1 text-base mx-auto gap-3 juice:gap-4 juice:md:gap-6 md:px-5 lg:px-1 xl:px-5 md:max-w-3xl lg:max-w-[40rem] xl:max-w-[48rem]\">\n<div class=\"relative flex w-full flex-col agent-turn\">\n<div class=\"flex-col gap-1 md:gap-3\">\n<div class=\"flex flex-grow flex-col max-w-full\">\n<div class=\"min-h-[20px] text-message flex flex-col items-start gap-3 whitespace-pre-wrap break-words [.text-message+&amp;]:mt-5 overflow-x-auto\" dir=\"auto\" data-message-author-role=\"assistant\" data-message-id=\"4bfea7e3-1c8a-48ad-b953-a81c627d43df\">\n<div class=\"markdown prose w-full break-words dark:prose-invert light\">\n<p>Les chaises hautes pour b\u00e9b\u00e9 Tasty Eco sont inclinables en 3 positions pour le confort de votre b\u00e9b\u00e9.<\/p>\n<p>Elles disposent de 6 positions de r\u00e9glage en hauteur, de la position de transat \u00e0 la position la plus haute pour les repas.<\/p>\n<p>Le si\u00e8ge de la chaise haute Tasty est rembourr\u00e9, respirant et en cuir \u00e9cologique.<\/p>\n<p>Elles sont tr\u00e8s faciles \u00e0 nettoyer gr\u00e2ce \u00e0 leur plateau amovible et leur sur-plateau.<\/p>\n<p>Elles incluent un coussin r\u00e9ducteur de s\u00e9rie sur tous les mod\u00e8les Tasty et un repose-pieds ajustable.<\/p>\n<p>Elles sont tr\u00e8s faciles \u00e0 monter et \u00e0 plier pour les ranger lorsque vous ne les utilisez pas.<\/p>\n<p>Si vous recherchez une chaise haute confortable o\u00f9 votre b\u00e9b\u00e9 peut manger mais aussi se reposer et jouer, cette chaise haute est votre meilleur choix.<\/p>\n<\/div>\n<\/div>\n<\/div>\n<div class=\"mt-1 flex gap-3 empty:hidden\">\n<div class=\"text-gray-400 flex self-end lg:self-center items-center justify-center lg:justify-start mt-0 -ml-1 h-7 gap-[2px] visible\"><\/div>\n<\/div>\n<div class=\"pr-2 lg:pr-0\"><\/div>\n<\/div>\n<div class=\"absolute\">\n<div class=\"flex w-full gap-2 items-center justify-center\"><\/div>\n<\/div>\n<\/div>\n<\/div>\n<\/div>\n<\/div>\n<\/div>\n<\/div>\n<\/div>\n<\/div>\n<\/div>\n<div class=\"w-full pt-2 md:pt-0 dark:border-white\/20 md:border-transparent md:dark:border-transparent md:w-[calc(100%-.5rem)]\">\n<form class=\"stretch mx-2 flex flex-row gap-3 last:mb-2 md:mx-4 md:last:mb-6 lg:mx-auto lg:max-w-2xl xl:max-w-3xl\">\n<div class=\"relative flex h-full flex-1 flex-col\">\n<div class=\"absolute bottom-full left-0 right-0\">\n<div class=\"relative h-full w-full\">\n<div class=\"w-full pb-6 pt-2 last:pb-2 md:last:pb-6\">\n<div class=\"w-full rounded-2xl bg-token-main-surface-secondary p-5 text-token-text-primary [text-wrap:pretty] lg:mx-auto flex flex-row items-center justify-between space-x-14\"><\/div>\n<\/div>\n<\/div>\n<\/div>\n<\/div>\n<\/form>\n<\/div>\n","protected":false},"excerpt":{"rendered":"<p>innovacciones ms<\/p>","protected":false},"featured_media":4057,"comment_status":"open","ping_status":"closed","template":"","meta":[],"product_brand":[],"product_cat":[67],"product_tag":[],"giftcard-category":[],"class_list":{"0":"post-4066","1":"product","2":"type-product","3":"status-publish","4":"has-post-thumbnail","6":"product_cat-chaise-hot","8":"first","9":"outofstock","10":"taxable","11":"shipping-taxable","12":"purchasable","13":"product-type-simple"},"jetpack_sharing_enabled":true,"_links":{"self":[{"href":"https:\/\/foryoubaby.ma\/ar\/wp-json\/wp\/v2\/product\/4066","targetHints":{"allow":["GET"]}}],"collection":[{"href":"https:\/\/foryoubaby.ma\/ar\/wp-json\/wp\/v2\/product"}],"about":[{"href":"https:\/\/foryoubaby.ma\/ar\/wp-json\/wp\/v2\/types\/product"}],"replies":[{"embeddable":true,"href":"https:\/\/foryoubaby.ma\/ar\/wp-json\/wp\/v2\/comments?post=4066"}],"wp:featuredmedia":[{"embeddable":true,"href":"https:\/\/foryoubaby.ma\/ar\/wp-json\/wp\/v2\/media\/4057"}],"wp:attachment":[{"href":"https:\/\/foryoubaby.ma\/ar\/wp-json\/wp\/v2\/media?parent=4066"}],"wp:term":[{"taxonomy":"product_brand","embeddable":true,"href":"https:\/\/foryoubaby.ma\/ar\/wp-json\/wp\/v2\/product_brand?post=4066"},{"taxonomy":"product_cat","embeddable":true,"href":"https:\/\/foryoubaby.ma\/ar\/wp-json\/wp\/v2\/product_cat?post=4066"},{"taxonomy":"product_tag","embeddable":true,"href":"https:\/\/foryoubaby.ma\/ar\/wp-json\/wp\/v2\/product_tag?post=4066"},{"taxonomy":"giftcard-category","embeddable":true,"href":"https:\/\/foryoubaby.ma\/ar\/wp-json\/wp\/v2\/giftcard-category?post=4066"}],"curies":[{"name":"wp","href":"https:\/\/api.w.org\/{rel}","templated":true}]}}