{"id":4047,"date":"2024-04-20T22:36:09","date_gmt":"2024-04-20T22:36:09","guid":{"rendered":"https:\/\/foryoubaby.ma\/?post_type=product&#038;p=4047"},"modified":"2025-08-13T18:57:48","modified_gmt":"2025-08-13T18:57:48","slug":"la-chaise-haute-ms-tasty","status":"publish","type":"product","link":"https:\/\/foryoubaby.ma\/ar\/product\/la-chaise-haute-ms-tasty\/","title":{"rendered":"LA CHAISE HAUTE MS TASTY"},"content":{"rendered":"<p>LA CHAISE HAUTE MS TASTY de Innovaciones MS\u00a0\u00bb est con\u00e7ue pour \u00eatre utilis\u00e9e \u00e0 partir de +6 mois. Avec un nouveau design, la \u00ab\u00a0TRONA TASTY MS\u00a0\u00bb de la collection 2019 comprend un nouveau coussin r\u00e9ducteur inclus pour tous les mod\u00e8les, ainsi qu&rsquo;une nouvelle gamme de couleurs plus attrayantes. Cette chaise haute est appr\u00e9ci\u00e9e pour son style aux courbes arrondies et ses designs personnalis\u00e9s, le tout agr\u00e9ment\u00e9 par son excellent rapport qualit\u00e9-prix.<\/p>\n<p>UTILIT\u00c9<\/p>\n<p>Dot\u00e9e de nouveaux coloris plus attrayants et d&rsquo;un nouveau coussin r\u00e9ducteur d\u00e9sormais inclus dans toutes les chaises hautes Tasty 2017. Cette chaise haute pratique peut \u00eatre utilis\u00e9e de 6 mois \u00e0 3 ans, id\u00e9ale pour les premi\u00e8res pur\u00e9es et les jeux de l&rsquo;enfant. Rev\u00eatement rembourr\u00e9, amovible et lavable.<\/p>\n<p>TABLETTE DE LA CHAISE HAUTE<\/p>\n<p>Tablette fixe plus une tablette amovible r\u00e9glable en trois positions. Plan d&rsquo;appui de la tablette ajustable en plusieurs positions, la tablette peut \u00eatre retir\u00e9e pour rapprocher la chaise haute de la table. Double plateau simplifi\u00e9 pour faciliter la mise en place du plat sur la tablette.<\/p>\n<p>STRUCTURE ROBUSTE<\/p>\n<p>Structure en aluminium et en plastique polypropyl\u00e8ne. Boutons de r\u00e9glage et d&rsquo;ouverture\/fermeture. Syst\u00e8me de pliage type livre.<\/p>\n<p>S\u00c9CURITAIRE<\/p>\n<p>Harnais de s\u00e9curit\u00e9 \u00e0 4 points. Mat\u00e9riaux non toxiques. Comprend une entrejambe de s\u00e9curit\u00e9.<\/p>\n<p>TASTY EST POLYVALENT ET CONFORTABLE<\/p>\n<p>Dossier inclinable en 3 positions. 6 hauteurs r\u00e9glables. Dispose de roulettes arri\u00e8re pratiques. Avec double plateau. Bouton facilitant le pliage de la chaise.<\/p>\n<p>COMPACTE<\/p>\n<p>Le nouvel emballage permet d&rsquo;\u00e9conomiser plus de 48% d&rsquo;espace par rapport \u00e0 une chaise haute avec un emballage traditionnel.<\/p>\n<p>PROPRE<\/p>\n<p>Tissu en PVC enti\u00e8rement lavable.<\/p>","protected":false},"excerpt":{"rendered":"<p>LA CHAISE HAUTE MS TASTY de Innovaciones MS\u00a0\u00bb est con\u00e7ue pour \u00eatre utilis\u00e9e \u00e0 partir de +6 mois. Avec un nouveau design, la \u00ab\u00a0TRONA TASTY MS\u00a0\u00bb de la collection 2019 comprend un nouveau coussin r\u00e9ducteur inclus pour tous les mod\u00e8les, ainsi qu&rsquo;une nouvelle gamme de couleurs plus attrayantes. Cette chaise haute est appr\u00e9ci\u00e9e pour son [&hellip;]<\/p>\n","protected":false},"featured_media":4054,"comment_status":"open","ping_status":"closed","template":"","meta":[],"product_brand":[76],"product_cat":[67],"product_tag":[],"giftcard-category":[],"class_list":{"0":"post-4047","1":"product","2":"type-product","3":"status-publish","4":"has-post-thumbnail","6":"product_brand-ms","7":"product_cat-chaise-hot","9":"first","10":"outofstock","11":"taxable","12":"shipping-taxable","13":"purchasable","14":"product-type-simple"},"jetpack_sharing_enabled":true,"_links":{"self":[{"href":"https:\/\/foryoubaby.ma\/ar\/wp-json\/wp\/v2\/product\/4047","targetHints":{"allow":["GET"]}}],"collection":[{"href":"https:\/\/foryoubaby.ma\/ar\/wp-json\/wp\/v2\/product"}],"about":[{"href":"https:\/\/foryoubaby.ma\/ar\/wp-json\/wp\/v2\/types\/product"}],"replies":[{"embeddable":true,"href":"https:\/\/foryoubaby.ma\/ar\/wp-json\/wp\/v2\/comments?post=4047"}],"wp:featuredmedia":[{"embeddable":true,"href":"https:\/\/foryoubaby.ma\/ar\/wp-json\/wp\/v2\/media\/4054"}],"wp:attachment":[{"href":"https:\/\/foryoubaby.ma\/ar\/wp-json\/wp\/v2\/media?parent=4047"}],"wp:term":[{"taxonomy":"product_brand","embeddable":true,"href":"https:\/\/foryoubaby.ma\/ar\/wp-json\/wp\/v2\/product_brand?post=4047"},{"taxonomy":"product_cat","embeddable":true,"href":"https:\/\/foryoubaby.ma\/ar\/wp-json\/wp\/v2\/product_cat?post=4047"},{"taxonomy":"product_tag","embeddable":true,"href":"https:\/\/foryoubaby.ma\/ar\/wp-json\/wp\/v2\/product_tag?post=4047"},{"taxonomy":"giftcard-category","embeddable":true,"href":"https:\/\/foryoubaby.ma\/ar\/wp-json\/wp\/v2\/giftcard-category?post=4047"}],"curies":[{"name":"wp","href":"https:\/\/api.w.org\/{rel}","templated":true}]}}