{"id":4042,"date":"2024-04-20T22:12:42","date_gmt":"2024-04-20T22:12:42","guid":{"rendered":"https:\/\/foryoubaby.ma\/?post_type=product&#038;p=4042"},"modified":"2025-06-30T16:22:23","modified_gmt":"2025-06-30T16:22:23","slug":"baignoire-table-a-langer-bebe-soapy","status":"publish","type":"product","link":"https:\/\/foryoubaby.ma\/ar\/product\/baignoire-table-a-langer-bebe-soapy\/","title":{"rendered":"Baignoire Table \u00e0 Langer B\u00e9b\u00e9 Soapy\u00a0\u00bb."},"content":{"rendered":"<p>Cette baignoire changeante 2 en 1 est r\u00e9glable \u00e0 votre hauteur pour plus de confort lors du bain et du change de b\u00e9b\u00e9.<\/p>\n<p>Vous pourrez laisser tout ce dont vous avez besoin pour ces deux situations quotidiennes dans le compartiment inf\u00e9rieur.<\/p>\n<p>Elle est tr\u00e8s facile \u00e0 plier et \u00e0 s\u00e9parer \u00e0 la fois le changeur et la baignoire pour les utiliser sur d&rsquo;autres surfaces si vous le souhaitez.<\/p>\n<p>Elle est \u00e9quip\u00e9e d&rsquo;un syst\u00e8me de drainage pour la vider, de roues pour la d\u00e9placer facilement et d&rsquo;un m\u00e8tre pour mesurer b\u00e9b\u00e9.<\/p>\n<p>&nbsp;<\/p>","protected":false},"excerpt":{"rendered":"<p>Baignoire Table \u00e0 Langer B\u00e9b\u00e9 Soapy\u00a0\u00bb.<\/p>\n<p>innovacciones ms<\/p>","protected":false},"featured_media":4046,"comment_status":"open","ping_status":"closed","template":"","meta":[],"product_brand":[],"product_cat":[63],"product_tag":[],"giftcard-category":[],"class_list":{"0":"post-4042","1":"product","2":"type-product","3":"status-publish","4":"has-post-thumbnail","6":"product_cat-hygiene-et-soin","8":"first","9":"instock","10":"taxable","11":"shipping-taxable","12":"purchasable","13":"product-type-simple"},"jetpack_sharing_enabled":true,"_links":{"self":[{"href":"https:\/\/foryoubaby.ma\/ar\/wp-json\/wp\/v2\/product\/4042","targetHints":{"allow":["GET"]}}],"collection":[{"href":"https:\/\/foryoubaby.ma\/ar\/wp-json\/wp\/v2\/product"}],"about":[{"href":"https:\/\/foryoubaby.ma\/ar\/wp-json\/wp\/v2\/types\/product"}],"replies":[{"embeddable":true,"href":"https:\/\/foryoubaby.ma\/ar\/wp-json\/wp\/v2\/comments?post=4042"}],"wp:featuredmedia":[{"embeddable":true,"href":"https:\/\/foryoubaby.ma\/ar\/wp-json\/wp\/v2\/media\/4046"}],"wp:attachment":[{"href":"https:\/\/foryoubaby.ma\/ar\/wp-json\/wp\/v2\/media?parent=4042"}],"wp:term":[{"taxonomy":"product_brand","embeddable":true,"href":"https:\/\/foryoubaby.ma\/ar\/wp-json\/wp\/v2\/product_brand?post=4042"},{"taxonomy":"product_cat","embeddable":true,"href":"https:\/\/foryoubaby.ma\/ar\/wp-json\/wp\/v2\/product_cat?post=4042"},{"taxonomy":"product_tag","embeddable":true,"href":"https:\/\/foryoubaby.ma\/ar\/wp-json\/wp\/v2\/product_tag?post=4042"},{"taxonomy":"giftcard-category","embeddable":true,"href":"https:\/\/foryoubaby.ma\/ar\/wp-json\/wp\/v2\/giftcard-category?post=4042"}],"curies":[{"name":"wp","href":"https:\/\/api.w.org\/{rel}","templated":true}]}}