{"id":4041,"date":"2024-04-20T21:52:21","date_gmt":"2024-04-20T21:52:21","guid":{"rendered":"https:\/\/foryoubaby.ma\/?post_type=product&#038;p=4041"},"modified":"2025-10-02T18:47:11","modified_gmt":"2025-10-02T18:47:11","slug":"ms-booster-fix-alzador-isize","status":"publish","type":"product","link":"https:\/\/foryoubaby.ma\/ar\/product\/ms-booster-fix-alzador-isize\/","title":{"rendered":"MS Booster Fix Alzador ISIZE"},"content":{"rendered":"<p>La \u00ab\u00a0MS Booster Fix Alzador ISIZE\u00a0\u00bb est un si\u00e8ge auto du groupe 3 (pour les enfants de 120 \u00e0 150 cm) \u00e9quip\u00e9 d&rsquo;Isofix.<\/p>","protected":false},"excerpt":{"rendered":"<p>REHAUSSEUR GROUPE 3 &#8211; De 22 \u00e0 36 kg ou, selon la nouvelle r\u00e9glementation i-Size, de 120 \u00e0 150 cm.<\/p>","protected":false},"featured_media":4040,"comment_status":"open","ping_status":"closed","template":"","meta":[],"product_brand":[76],"product_cat":[60,96],"product_tag":[],"giftcard-category":[],"class_list":{"0":"post-4041","1":"product","2":"type-product","3":"status-publish","4":"has-post-thumbnail","6":"product_brand-ms","7":"product_cat-securite","8":"product_cat-siege-auto","10":"first","11":"instock","12":"sale","13":"taxable","14":"shipping-taxable","15":"purchasable","16":"product-type-simple"},"jetpack_sharing_enabled":true,"_links":{"self":[{"href":"https:\/\/foryoubaby.ma\/ar\/wp-json\/wp\/v2\/product\/4041","targetHints":{"allow":["GET"]}}],"collection":[{"href":"https:\/\/foryoubaby.ma\/ar\/wp-json\/wp\/v2\/product"}],"about":[{"href":"https:\/\/foryoubaby.ma\/ar\/wp-json\/wp\/v2\/types\/product"}],"replies":[{"embeddable":true,"href":"https:\/\/foryoubaby.ma\/ar\/wp-json\/wp\/v2\/comments?post=4041"}],"wp:featuredmedia":[{"embeddable":true,"href":"https:\/\/foryoubaby.ma\/ar\/wp-json\/wp\/v2\/media\/4040"}],"wp:attachment":[{"href":"https:\/\/foryoubaby.ma\/ar\/wp-json\/wp\/v2\/media?parent=4041"}],"wp:term":[{"taxonomy":"product_brand","embeddable":true,"href":"https:\/\/foryoubaby.ma\/ar\/wp-json\/wp\/v2\/product_brand?post=4041"},{"taxonomy":"product_cat","embeddable":true,"href":"https:\/\/foryoubaby.ma\/ar\/wp-json\/wp\/v2\/product_cat?post=4041"},{"taxonomy":"product_tag","embeddable":true,"href":"https:\/\/foryoubaby.ma\/ar\/wp-json\/wp\/v2\/product_tag?post=4041"},{"taxonomy":"giftcard-category","embeddable":true,"href":"https:\/\/foryoubaby.ma\/ar\/wp-json\/wp\/v2\/giftcard-category?post=4041"}],"curies":[{"name":"wp","href":"https:\/\/api.w.org\/{rel}","templated":true}]}}