{"id":4023,"date":"2024-04-20T20:40:45","date_gmt":"2024-04-20T20:40:45","guid":{"rendered":"https:\/\/foryoubaby.ma\/?post_type=product&#038;p=4023"},"modified":"2025-07-01T16:52:57","modified_gmt":"2025-07-01T16:52:57","slug":"siege-auto-2-3-isofix-modena","status":"publish","type":"product","link":"https:\/\/foryoubaby.ma\/ar\/product\/siege-auto-2-3-isofix-modena\/","title":{"rendered":"si\u00e8ge auto 2\/3 ISOFIX M\u00f3dena"},"content":{"rendered":"<p>Le si\u00e8ge auto 2\/3 ISOFIX M\u00f3dena est id\u00e9al lorsque votre petit commence \u00e0 grandir.<\/p>\n<ul>\n<li>Il peut \u00eatre utilis\u00e9 de 15 \u00e0 36 kg ou de 100 \u00e0 150 cm.<\/li>\n<li>Son installation est simple et convient \u00e0 tous les types de voitures car il offre la possibilit\u00e9 d&rsquo;une installation DUAL, avec ou sans ISOFIX.<\/li>\n<li>Le dossier s&rsquo;adapte au si\u00e8ge de la voiture, est antid\u00e9rapant et la largeur peut \u00eatre r\u00e9gl\u00e9e pour un confort optimal.<\/li>\n<li>La t\u00eate et les \u00e9paules sont r\u00e9glables en hauteur et en largeur.<\/li>\n<li>Il est \u00e9quip\u00e9 du syst\u00e8me de protection lat\u00e9rale contre les impacts.<\/li>\n<\/ul>\n<p>Le si\u00e8ge auto 2\/3 ISOFIX M\u00f3dena &#8211; Un si\u00e8ge s\u00fbr, confortable et pratique pour profiter de mille aventures ensemble.<\/p>","protected":false},"excerpt":{"rendered":"<p>INNOVACIONES MS<\/p>","protected":false},"featured_media":4025,"comment_status":"open","ping_status":"closed","template":"","meta":[],"product_brand":[],"product_cat":[60,96],"product_tag":[],"giftcard-category":[],"class_list":{"0":"post-4023","1":"product","2":"type-product","3":"status-publish","4":"has-post-thumbnail","6":"product_cat-securite","7":"product_cat-siege-auto","9":"first","10":"instock","11":"taxable","12":"shipping-taxable","13":"purchasable","14":"product-type-simple"},"jetpack_sharing_enabled":true,"_links":{"self":[{"href":"https:\/\/foryoubaby.ma\/ar\/wp-json\/wp\/v2\/product\/4023","targetHints":{"allow":["GET"]}}],"collection":[{"href":"https:\/\/foryoubaby.ma\/ar\/wp-json\/wp\/v2\/product"}],"about":[{"href":"https:\/\/foryoubaby.ma\/ar\/wp-json\/wp\/v2\/types\/product"}],"replies":[{"embeddable":true,"href":"https:\/\/foryoubaby.ma\/ar\/wp-json\/wp\/v2\/comments?post=4023"}],"wp:featuredmedia":[{"embeddable":true,"href":"https:\/\/foryoubaby.ma\/ar\/wp-json\/wp\/v2\/media\/4025"}],"wp:attachment":[{"href":"https:\/\/foryoubaby.ma\/ar\/wp-json\/wp\/v2\/media?parent=4023"}],"wp:term":[{"taxonomy":"product_brand","embeddable":true,"href":"https:\/\/foryoubaby.ma\/ar\/wp-json\/wp\/v2\/product_brand?post=4023"},{"taxonomy":"product_cat","embeddable":true,"href":"https:\/\/foryoubaby.ma\/ar\/wp-json\/wp\/v2\/product_cat?post=4023"},{"taxonomy":"product_tag","embeddable":true,"href":"https:\/\/foryoubaby.ma\/ar\/wp-json\/wp\/v2\/product_tag?post=4023"},{"taxonomy":"giftcard-category","embeddable":true,"href":"https:\/\/foryoubaby.ma\/ar\/wp-json\/wp\/v2\/giftcard-category?post=4023"}],"curies":[{"name":"wp","href":"https:\/\/api.w.org\/{rel}","templated":true}]}}