{"id":4022,"date":"2024-04-20T20:32:03","date_gmt":"2024-04-20T20:32:03","guid":{"rendered":"https:\/\/foryoubaby.ma\/?post_type=product&#038;p=4022"},"modified":"2025-07-04T11:51:11","modified_gmt":"2025-07-04T11:51:11","slug":"siege-auto-andros","status":"publish","type":"product","link":"https:\/\/foryoubaby.ma\/ar\/product\/siege-auto-andros\/","title":{"rendered":"si\u00e8ge auto Andros"},"content":{"rendered":"<div class=\"flex-1 overflow-hidden\">\n<div class=\"react-scroll-to-bottom--css-phhus-79elbk h-full\">\n<div class=\"react-scroll-to-bottom--css-phhus-1n7m0yu\">\n<div>\n<div class=\"flex flex-col text-sm pb-9\">\n<div class=\"w-full text-token-text-primary\" dir=\"auto\" data-testid=\"conversation-turn-15\">\n<div class=\"px-4 py-2 justify-center text-base md:gap-6 m-auto\">\n<div class=\"flex flex-1 text-base mx-auto gap-3 juice:gap-4 juice:md:gap-6 md:px-5 lg:px-1 xl:px-5 md:max-w-3xl lg:max-w-[40rem] xl:max-w-[48rem]\">\n<div class=\"relative flex w-full flex-col agent-turn\">\n<div class=\"flex-col gap-1 md:gap-3\">\n<div class=\"flex flex-grow flex-col max-w-full\">\n<div class=\"min-h-[20px] text-message flex flex-col items-start gap-3 whitespace-pre-wrap break-words [.text-message+&amp;]:mt-5 overflow-x-auto\" dir=\"auto\" data-message-author-role=\"assistant\" data-message-id=\"8b03ddb2-e61e-46f4-bc16-8f59462ec4e9\">\n<div class=\"markdown prose w-full break-words dark:prose-invert light\">\n<p>Le si\u00e8ge auto Andros du groupe 2-3 est le choix \u00e9volutif parfait lorsque nos petits commencent \u00e0 grandir.<\/p>\n<p>Il peut \u00eatre utilis\u00e9 de 15 \u00e0 36 kg ou de 100 \u00e0 150 cm. Son installation est tr\u00e8s facile et offre une possibilit\u00e9 d&rsquo;installation DUAL, avec ou sans ISOFIX. Il s&rsquo;ajuste en hauteur et en largeur. Il dispose de 14 positions de t\u00eate pour s&rsquo;adapter \u00e0 la hauteur de l&rsquo;enfant. Le design en forme de V de la t\u00eate assure une s\u00e9curit\u00e9 et un confort accrus. Il est \u00e9galement \u00e9quip\u00e9 du syst\u00e8me de protection lat\u00e9rale contre les impacts. Tr\u00e8s confortable et s\u00fbr, tant la t\u00eate que les \u00e9paules s&rsquo;ajustent en hauteur et en largeur pour l&rsquo;enfant. Ce si\u00e8ge auto pour enfant est pliable. Nouveau rehausseur avec dossier adaptable au si\u00e8ge de la voiture. Si\u00e8ge auto b\u00e9b\u00e9 i-size 2\/3 Andros &#8211; Le si\u00e8ge id\u00e9al pour que votre petit voyage en toute s\u00e9curit\u00e9.<\/p>\n<\/div>\n<\/div>\n<\/div>\n<div class=\"mt-1 flex gap-3 empty:hidden\">\n<div class=\"text-gray-400 flex self-end lg:self-center items-center justify-center lg:justify-start mt-0 -ml-1 h-7 gap-[2px] visible\"><\/div>\n<\/div>\n<div class=\"pr-2 lg:pr-0\"><\/div>\n<\/div>\n<div class=\"absolute\">\n<div class=\"flex w-full gap-2 items-center justify-center\"><\/div>\n<\/div>\n<\/div>\n<\/div>\n<\/div>\n<\/div>\n<\/div>\n<\/div>\n<\/div>\n<\/div>\n<\/div>\n<div class=\"w-full pt-2 md:pt-0 dark:border-white\/20 md:border-transparent md:dark:border-transparent md:w-[calc(100%-.5rem)]\">\n<form class=\"stretch mx-2 flex flex-row gap-3 last:mb-2 md:mx-4 md:last:mb-6 lg:mx-auto lg:max-w-2xl xl:max-w-3xl\">\n<div class=\"relative flex h-full flex-1 flex-col\">\n<div class=\"absolute bottom-full left-0 right-0\"><\/div>\n<div class=\"flex w-full items-center\"><\/div>\n<\/div>\n<\/form>\n<\/div>\n","protected":false},"excerpt":{"rendered":"<p>innovacciones MS<\/p>","protected":false},"featured_media":4012,"comment_status":"open","ping_status":"closed","template":"","meta":[],"product_brand":[],"product_cat":[60,96],"product_tag":[],"giftcard-category":[],"class_list":{"0":"post-4022","1":"product","2":"type-product","3":"status-publish","4":"has-post-thumbnail","6":"product_cat-securite","7":"product_cat-siege-auto","9":"first","10":"instock","11":"taxable","12":"shipping-taxable","13":"purchasable","14":"product-type-simple"},"jetpack_sharing_enabled":true,"_links":{"self":[{"href":"https:\/\/foryoubaby.ma\/ar\/wp-json\/wp\/v2\/product\/4022","targetHints":{"allow":["GET"]}}],"collection":[{"href":"https:\/\/foryoubaby.ma\/ar\/wp-json\/wp\/v2\/product"}],"about":[{"href":"https:\/\/foryoubaby.ma\/ar\/wp-json\/wp\/v2\/types\/product"}],"replies":[{"embeddable":true,"href":"https:\/\/foryoubaby.ma\/ar\/wp-json\/wp\/v2\/comments?post=4022"}],"wp:featuredmedia":[{"embeddable":true,"href":"https:\/\/foryoubaby.ma\/ar\/wp-json\/wp\/v2\/media\/4012"}],"wp:attachment":[{"href":"https:\/\/foryoubaby.ma\/ar\/wp-json\/wp\/v2\/media?parent=4022"}],"wp:term":[{"taxonomy":"product_brand","embeddable":true,"href":"https:\/\/foryoubaby.ma\/ar\/wp-json\/wp\/v2\/product_brand?post=4022"},{"taxonomy":"product_cat","embeddable":true,"href":"https:\/\/foryoubaby.ma\/ar\/wp-json\/wp\/v2\/product_cat?post=4022"},{"taxonomy":"product_tag","embeddable":true,"href":"https:\/\/foryoubaby.ma\/ar\/wp-json\/wp\/v2\/product_tag?post=4022"},{"taxonomy":"giftcard-category","embeddable":true,"href":"https:\/\/foryoubaby.ma\/ar\/wp-json\/wp\/v2\/giftcard-category?post=4022"}],"curies":[{"name":"wp","href":"https:\/\/api.w.org\/{rel}","templated":true}]}}