{"id":3983,"date":"2024-04-19T23:13:51","date_gmt":"2024-04-19T23:13:51","guid":{"rendered":"https:\/\/foryoubaby.ma\/?post_type=product&#038;p=3983"},"modified":"2025-07-01T11:29:19","modified_gmt":"2025-07-01T11:29:19","slug":"miniland-set-de-repas-carre-menthe-0-mois","status":"publish","type":"product","link":"https:\/\/foryoubaby.ma\/ar\/product\/miniland-set-de-repas-carre-menthe-0-mois\/","title":{"rendered":"Miniland set de repas carr\u00e9 menthe 0 mois +"},"content":{"rendered":"<p>Miniland set de repas carr\u00e9 menthe 0 mois +.<\/p>\n<p>Vaisselle carr\u00e9e pour les gar\u00e7ons et les filles, avec un animal amusant en couleur menthe.<\/p>\n<p>Comprend des couverts anatomiques et flexibles assortis, avec des poign\u00e9es faciles \u00e0 saisir gr\u00e2ce \u00e0 leurs surfaces antid\u00e9rapantes, id\u00e9ales pour une utilisation par les tout-petits pendant les premi\u00e8res \u00e9tapes de l&rsquo;alimentation.<\/p>","protected":false},"excerpt":{"rendered":"<p>Miniland set de repas carr\u00e9 menthe 0 mois +.Vaisselle carr\u00e9e pour les gar\u00e7ons et les filles,\u00a0 .Comprend des couverts anatomiques et flexibles assortis, avec des poign\u00e9es faciles \u00e0 saisir gr\u00e2ce \u00e0 leurs surfaces antid\u00e9rapantes, id\u00e9ales pour une utilisation par les tout-petits pendant les premi\u00e8res \u00e9tapes de l&rsquo;alimentation.Vaisselle compl\u00e8te de forme carr\u00e9e avec une assiette plate, un bol, une cuill\u00e8re courte flexible, une fourchette courte flexible et un verre avec poign\u00e9es, pour faire de chaque repas un moment amusant.Les couverts avec des manches \u00e9pais et une surface antid\u00e9rapante ont \u00e9t\u00e9 sp\u00e9cialement con\u00e7us pour \u00eatre faciles \u00e0 saisir, ce qui aide \u00e0 la fois les jeunes enfants dans les premi\u00e8res \u00e9tapes de l\u2019alimentation et les enfants ayant des difficult\u00e9s motrices. D\u2019autre part, gr\u00e2ce \u00e0 leur flexibilit\u00e9, ils peuvent \u00eatre utilis\u00e9s aussi bien par les gauchers que les droitiers. Quant au verre, il poss\u00e8de \u00e9galement de grandes anses, une surface antid\u00e9rapante et une base \u00e9paisse et lourde pour assurer sa stabilit\u00e9.Vaisselle adapt\u00e9e pour les personnes malvoyantesGr\u00e2ce \u00e0 la simplicit\u00e9 du design, aux contrastes de couleurs entre les pi\u00e8ces, aux marques sp\u00e9ciales incluses dans la partie arri\u00e8re des couverts ou \u00e0 la stabilit\u00e9 du verre, cette vaisselle peut aider les personnes souffrant de diversit\u00e9 fonctionnelle visuelle au moment des repas. Toutes les pi\u00e8ces incluses dans ce kit peuvent \u00eatre lav\u00e9es dans le lave-vaisselle confortablement et utilis\u00e9es dans le four \u00e0 micro-ondes pour chauffer\/d\u00e9congeler les repas.<\/p>","protected":false},"featured_media":3923,"comment_status":"open","ping_status":"closed","template":"","meta":[],"product_brand":[83],"product_cat":[62],"product_tag":[],"giftcard-category":[],"class_list":{"0":"post-3983","1":"product","2":"type-product","3":"status-publish","4":"has-post-thumbnail","6":"product_brand-miniland","7":"product_cat-alimentation","9":"first","10":"instock","11":"taxable","12":"shipping-taxable","13":"purchasable","14":"product-type-simple"},"jetpack_sharing_enabled":true,"_links":{"self":[{"href":"https:\/\/foryoubaby.ma\/ar\/wp-json\/wp\/v2\/product\/3983","targetHints":{"allow":["GET"]}}],"collection":[{"href":"https:\/\/foryoubaby.ma\/ar\/wp-json\/wp\/v2\/product"}],"about":[{"href":"https:\/\/foryoubaby.ma\/ar\/wp-json\/wp\/v2\/types\/product"}],"replies":[{"embeddable":true,"href":"https:\/\/foryoubaby.ma\/ar\/wp-json\/wp\/v2\/comments?post=3983"}],"wp:featuredmedia":[{"embeddable":true,"href":"https:\/\/foryoubaby.ma\/ar\/wp-json\/wp\/v2\/media\/3923"}],"wp:attachment":[{"href":"https:\/\/foryoubaby.ma\/ar\/wp-json\/wp\/v2\/media?parent=3983"}],"wp:term":[{"taxonomy":"product_brand","embeddable":true,"href":"https:\/\/foryoubaby.ma\/ar\/wp-json\/wp\/v2\/product_brand?post=3983"},{"taxonomy":"product_cat","embeddable":true,"href":"https:\/\/foryoubaby.ma\/ar\/wp-json\/wp\/v2\/product_cat?post=3983"},{"taxonomy":"product_tag","embeddable":true,"href":"https:\/\/foryoubaby.ma\/ar\/wp-json\/wp\/v2\/product_tag?post=3983"},{"taxonomy":"giftcard-category","embeddable":true,"href":"https:\/\/foryoubaby.ma\/ar\/wp-json\/wp\/v2\/giftcard-category?post=3983"}],"curies":[{"name":"wp","href":"https:\/\/api.w.org\/{rel}","templated":true}]}}