{"id":3982,"date":"2024-04-19T23:08:47","date_gmt":"2024-04-19T23:08:47","guid":{"rendered":"https:\/\/foryoubaby.ma\/?post_type=product&#038;p=3982"},"modified":"2025-07-01T11:29:31","modified_gmt":"2025-07-01T11:29:31","slug":"miniland-bol-en-bois-grenouille-0-mois","status":"publish","type":"product","link":"https:\/\/foryoubaby.ma\/ar\/product\/miniland-bol-en-bois-grenouille-0-mois\/","title":{"rendered":"Miniland bol en bois grenouille 0 mois +"},"content":{"rendered":"<p>Miniland bol en bois grenouille 0 mois +.<\/p>\n<p>Ensemble en bambou contenant un bol et une cuill\u00e8re, fabriqu\u00e9 avec des mat\u00e9riaux naturels et durables.<\/p>\n<p>Avec des ventouses qui le rendent anti-basculement.<\/p>","protected":false},"excerpt":{"rendered":"<h5><strong>Miniland bol en bois grenouille 0 mois +.Ensemble en bambou contenant un bol et une cuill\u00e8re, fabriqu\u00e9 avec des mat\u00e9riaux naturels et durables.Avec des ventouses qui le rendent anti-basculement. Ce set se compose d&rsquo;un bol et d&rsquo;une cuill\u00e8re en bois de bambou, un mat\u00e9riau naturel et durable, pour que les petits apprennent \u00e0 manger et \u00e0 respecter la nature. La cuill\u00e8re est dot\u00e9e d&rsquo;une t\u00eate en silicone particuli\u00e8rement adapt\u00e9e aux gencives sensibles des plus jeunes membres de la famille et leur permet de manger de mani\u00e8re autonome et en toute s\u00e9curit\u00e9. Le bol a une ventouse en silicone sur le dessous qui permet de maintenir facilement l&rsquo;assiette sur la surface de la\u00a0 CHAISE HOT ou de la table. L&rsquo;introduction de l&rsquo;alimentation mixte BLW peut ainsi commencer, car ton enfant ne risque pas de laisser tomber le bol sur le sol lorsqu&rsquo;il mange tout seul.<\/strong><\/h5>","protected":false},"featured_media":3920,"comment_status":"open","ping_status":"closed","template":"","meta":[],"product_brand":[83],"product_cat":[62],"product_tag":[],"giftcard-category":[],"class_list":{"0":"post-3982","1":"product","2":"type-product","3":"status-publish","4":"has-post-thumbnail","6":"product_brand-miniland","7":"product_cat-alimentation","9":"first","10":"instock","11":"taxable","12":"shipping-taxable","13":"purchasable","14":"product-type-simple"},"jetpack_sharing_enabled":true,"_links":{"self":[{"href":"https:\/\/foryoubaby.ma\/ar\/wp-json\/wp\/v2\/product\/3982","targetHints":{"allow":["GET"]}}],"collection":[{"href":"https:\/\/foryoubaby.ma\/ar\/wp-json\/wp\/v2\/product"}],"about":[{"href":"https:\/\/foryoubaby.ma\/ar\/wp-json\/wp\/v2\/types\/product"}],"replies":[{"embeddable":true,"href":"https:\/\/foryoubaby.ma\/ar\/wp-json\/wp\/v2\/comments?post=3982"}],"wp:featuredmedia":[{"embeddable":true,"href":"https:\/\/foryoubaby.ma\/ar\/wp-json\/wp\/v2\/media\/3920"}],"wp:attachment":[{"href":"https:\/\/foryoubaby.ma\/ar\/wp-json\/wp\/v2\/media?parent=3982"}],"wp:term":[{"taxonomy":"product_brand","embeddable":true,"href":"https:\/\/foryoubaby.ma\/ar\/wp-json\/wp\/v2\/product_brand?post=3982"},{"taxonomy":"product_cat","embeddable":true,"href":"https:\/\/foryoubaby.ma\/ar\/wp-json\/wp\/v2\/product_cat?post=3982"},{"taxonomy":"product_tag","embeddable":true,"href":"https:\/\/foryoubaby.ma\/ar\/wp-json\/wp\/v2\/product_tag?post=3982"},{"taxonomy":"giftcard-category","embeddable":true,"href":"https:\/\/foryoubaby.ma\/ar\/wp-json\/wp\/v2\/giftcard-category?post=3982"}],"curies":[{"name":"wp","href":"https:\/\/api.w.org\/{rel}","templated":true}]}}