{"id":3979,"date":"2024-04-19T23:04:29","date_gmt":"2024-04-19T23:04:29","guid":{"rendered":"https:\/\/foryoubaby.ma\/?post_type=product&#038;p=3979"},"modified":"2025-07-01T11:29:51","modified_gmt":"2025-07-01T11:29:51","slug":"miniland-bol-en-bois-poussin-0-mois","status":"publish","type":"product","link":"https:\/\/foryoubaby.ma\/ar\/product\/miniland-bol-en-bois-poussin-0-mois\/","title":{"rendered":"Miniland bol en bois Poussin 0 mois +"},"content":{"rendered":"<div id=\"product-description-short-4432\" class=\"rte-content product-description\">\n<p>Miniland bol en bois Poussin 0 mois +.<\/p>\n<p>Ensemble en bambou contenant un bol et une cuill\u00e8re, fabriqu\u00e9 avec des mat\u00e9riaux naturels et durables.<\/p>\n<p>Avec des ventouses qui le rendent anti-basculement.<\/p>\n<\/div>\n<div class=\"product-actions js-product-actions\">\n<form id=\"add-to-cart-or-refresh\" action=\"https:\/\/babyandmom.ma\/panier\" method=\"post\">\n<div class=\"product-variants js-product-variants\"><\/div>\n<div class=\"product-add-to-cart pt-3 js-product-add-to-cart\">\n<div class=\"row extra-small-gutters product-quantity\">\n<div class=\"col col-12 col-sm-auto col-add-qty\">\n<div class=\"qty\">\n<div class=\"input-group bootstrap-touchspin\"><\/div>\n<\/div>\n<\/div>\n<div class=\"col col-12 col-sm-auto col-add-btn\">\n<div class=\"add\"><\/div>\n<\/div>\n<\/div>\n<p class=\"product-minimal-quantity js-product-minimal-quantity\">\n<\/div>\n<section class=\"product-discounts js-product-discounts mb-3\"><\/section>\n<\/form>\n<div class=\"product-additional-info js-product-additional-info\">\n<div class=\"whatsapp whatsapp_1 whatsapp-hookDisplayProductAdditionalInfo bottom-left\"><\/div>\n<\/div>\n<\/div>","protected":false},"excerpt":{"rendered":"<p>Miniland bol en bois Poussin 0 mois +.Ensemble en bambou contenant un bol et une cuill\u00e8re, fabriqu\u00e9 avec des mat\u00e9riaux naturels et durables.Avec des ventouses qui le rendent anti-basculement. Ce set se compose d&rsquo;un bol et d&rsquo;une cuill\u00e8re en bois de bambou, un mat\u00e9riau naturel et durable, pour que les petits apprennent \u00e0 manger et \u00e0 respecter la nature. La cuill\u00e8re est dot\u00e9e d&rsquo;une t\u00eate en silicone particuli\u00e8rement adapt\u00e9e aux gencives sensibles des plus jeunes membres de la famille et leur permet de manger de mani\u00e8re autonome et en toute s\u00e9curit\u00e9. Le bol a une ventouse en silicone sur le dessous qui permet de maintenir facilement l&rsquo;assiette sur la surface de la CHAISE HOT\u00a0ou de la table. L&rsquo;introduction de l&rsquo;alimentation mixte BLW peut ainsi commencer, car ton enfant ne risque pas de laisser tomber le bol sur le sol lorsqu&rsquo;il mange tout seul.<\/p>","protected":false},"featured_media":3921,"comment_status":"open","ping_status":"closed","template":"","meta":[],"product_brand":[83],"product_cat":[62],"product_tag":[],"giftcard-category":[],"class_list":{"0":"post-3979","1":"product","2":"type-product","3":"status-publish","4":"has-post-thumbnail","6":"product_brand-miniland","7":"product_cat-alimentation","9":"first","10":"instock","11":"taxable","12":"shipping-taxable","13":"purchasable","14":"product-type-simple"},"jetpack_sharing_enabled":true,"_links":{"self":[{"href":"https:\/\/foryoubaby.ma\/ar\/wp-json\/wp\/v2\/product\/3979","targetHints":{"allow":["GET"]}}],"collection":[{"href":"https:\/\/foryoubaby.ma\/ar\/wp-json\/wp\/v2\/product"}],"about":[{"href":"https:\/\/foryoubaby.ma\/ar\/wp-json\/wp\/v2\/types\/product"}],"replies":[{"embeddable":true,"href":"https:\/\/foryoubaby.ma\/ar\/wp-json\/wp\/v2\/comments?post=3979"}],"wp:featuredmedia":[{"embeddable":true,"href":"https:\/\/foryoubaby.ma\/ar\/wp-json\/wp\/v2\/media\/3921"}],"wp:attachment":[{"href":"https:\/\/foryoubaby.ma\/ar\/wp-json\/wp\/v2\/media?parent=3979"}],"wp:term":[{"taxonomy":"product_brand","embeddable":true,"href":"https:\/\/foryoubaby.ma\/ar\/wp-json\/wp\/v2\/product_brand?post=3979"},{"taxonomy":"product_cat","embeddable":true,"href":"https:\/\/foryoubaby.ma\/ar\/wp-json\/wp\/v2\/product_cat?post=3979"},{"taxonomy":"product_tag","embeddable":true,"href":"https:\/\/foryoubaby.ma\/ar\/wp-json\/wp\/v2\/product_tag?post=3979"},{"taxonomy":"giftcard-category","embeddable":true,"href":"https:\/\/foryoubaby.ma\/ar\/wp-json\/wp\/v2\/giftcard-category?post=3979"}],"curies":[{"name":"wp","href":"https:\/\/api.w.org\/{rel}","templated":true}]}}