{"id":3977,"date":"2024-04-19T22:50:23","date_gmt":"2024-04-19T22:50:23","guid":{"rendered":"https:\/\/foryoubaby.ma\/?post_type=product&#038;p=3977"},"modified":"2025-07-30T13:12:04","modified_gmt":"2025-07-30T13:12:04","slug":"babybio-cereales-vanille-avec-quinoa-6mois","status":"publish","type":"product","link":"https:\/\/foryoubaby.ma\/ar\/product\/babybio-cereales-vanille-avec-quinoa-6mois\/","title":{"rendered":"BabyBio C\u00e9r\u00e9ales Vanille avec Quinoa 6mois+"},"content":{"rendered":"<p>Eveiller b\u00e9b\u00e9 \u00e0 de nouvelles textures, c\u2019est le r\u00f4le du quinoa : ancienne graine tr\u00e8s populaire en Am\u00e9rique du Sud ! Avec son l\u00e9ger go\u00fbt de noisette, elle est tr\u00e8s appr\u00e9ci\u00e9e des tout-petits. Cultiv\u00e9 dans le respect de l\u2019Agriculture Biologique, le quinoa se marie \u00e0 merveille avec la douceur de la vanille.<\/p>\n<p>Contenance : 220g<\/p>","protected":false},"excerpt":{"rendered":"<p>Les c\u00e9r\u00e9ales vanille et quinoa de Babybio ont plusieurs avantages pour votre b\u00e9b\u00e9.<br \/>\nLa\u00a0<strong>farine de quinoa<\/strong>, apporte avec elle ses extraordinaires qualit\u00e9s nutritionnelles. En effet, cette plante originaire d\u2019Am\u00e9rique du Sud est cultiv\u00e9e depuis des mill\u00e9naires par les populations locales pour ses graines\u00a0<strong>riches en prot\u00e9ines, en fer, et en Om\u00e9ga 3<\/strong>. La pr\u00e9sence de quinoa dans ces c\u00e9r\u00e9ales Babybio en fait donc un produit alimentaire tr\u00e8s riche et tr\u00e8s complet pour votre enfant.<br \/>\nEnfin, le\u00a0<strong>quinoa<\/strong>, avec son\u00a0<strong>l\u00e9ger go\u00fbt de noisette<\/strong>\u00a0est un met tr\u00e8s appr\u00e9ci\u00e9 des tout-petits et\u00a0<strong>il se marie extr\u00eamement bien avec la vanille\u00a0<\/strong>; pour une introduction en douceur \u00e0 la diversification alimentaire.<\/p>","protected":false},"featured_media":3978,"comment_status":"open","ping_status":"closed","template":"","meta":[],"product_brand":[91],"product_cat":[62],"product_tag":[],"giftcard-category":[],"class_list":{"0":"post-3977","1":"product","2":"type-product","3":"status-publish","4":"has-post-thumbnail","6":"product_brand-babybio","7":"product_cat-alimentation","9":"first","10":"instock","11":"taxable","12":"shipping-taxable","13":"purchasable","14":"product-type-simple"},"jetpack_sharing_enabled":true,"_links":{"self":[{"href":"https:\/\/foryoubaby.ma\/ar\/wp-json\/wp\/v2\/product\/3977","targetHints":{"allow":["GET"]}}],"collection":[{"href":"https:\/\/foryoubaby.ma\/ar\/wp-json\/wp\/v2\/product"}],"about":[{"href":"https:\/\/foryoubaby.ma\/ar\/wp-json\/wp\/v2\/types\/product"}],"replies":[{"embeddable":true,"href":"https:\/\/foryoubaby.ma\/ar\/wp-json\/wp\/v2\/comments?post=3977"}],"wp:featuredmedia":[{"embeddable":true,"href":"https:\/\/foryoubaby.ma\/ar\/wp-json\/wp\/v2\/media\/3978"}],"wp:attachment":[{"href":"https:\/\/foryoubaby.ma\/ar\/wp-json\/wp\/v2\/media?parent=3977"}],"wp:term":[{"taxonomy":"product_brand","embeddable":true,"href":"https:\/\/foryoubaby.ma\/ar\/wp-json\/wp\/v2\/product_brand?post=3977"},{"taxonomy":"product_cat","embeddable":true,"href":"https:\/\/foryoubaby.ma\/ar\/wp-json\/wp\/v2\/product_cat?post=3977"},{"taxonomy":"product_tag","embeddable":true,"href":"https:\/\/foryoubaby.ma\/ar\/wp-json\/wp\/v2\/product_tag?post=3977"},{"taxonomy":"giftcard-category","embeddable":true,"href":"https:\/\/foryoubaby.ma\/ar\/wp-json\/wp\/v2\/giftcard-category?post=3977"}],"curies":[{"name":"wp","href":"https:\/\/api.w.org\/{rel}","templated":true}]}}