{"id":3975,"date":"2024-04-19T22:47:39","date_gmt":"2024-04-19T22:47:39","guid":{"rendered":"https:\/\/foryoubaby.ma\/?post_type=product&#038;p=3975"},"modified":"2025-09-30T20:09:16","modified_gmt":"2025-09-30T20:09:16","slug":"babybio-cereales-3-fruits-avec-quinoa-6mois","status":"publish","type":"product","link":"https:\/\/foryoubaby.ma\/ar\/product\/babybio-cereales-3-fruits-avec-quinoa-6mois\/","title":{"rendered":"BabyBio C\u00e9r\u00e9ales 3 fruits avec Quinoa 6mois+"},"content":{"rendered":"<p>Eveiller b\u00e9b\u00e9 \u00e0 de nouvelles textures, c\u2019est le r\u00f4le du quinoa : ancienne graine tr\u00e8s populaire en Am\u00e9rique du Sud ! Avec son l\u00e9ger go\u00fbt de noisette, elle est tr\u00e8s appr\u00e9ci\u00e9e des tout-petits. Cultiv\u00e9 dans le respect de l\u2019Agriculture Biologique, le quinoa se marie \u00e0 merveille avec la douceur de la vanille.<\/p>\n<p>Contenance : 220g.<\/p>","protected":false},"excerpt":{"rendered":"<p>Babybio a choisi de compl\u00e9ter le riz de ces c\u00e9r\u00e9ales b\u00e9b\u00e9 bio par<strong>\u00a0du quinoa<\/strong>, une \u00ab\u00a0graine\u00a0\u00bb sud-am\u00e9ricaine caract\u00e9ris\u00e9e par sa haute valeur nutritionnelle et son s\u00e9duisant go\u00fbt qui n\u2019est pas sans rappeler la noisette.<br \/>\nCe l\u00e9gume, esp\u00e8ce de plante herbac\u00e9e annuelle de la famille des Amaranthaceae, est consid\u00e9r\u00e9 comme la m\u00e8re de toutes les graines par le peuple Inca.\u00a0Il va apporter\u00a0<strong>une vari\u00e9t\u00e9 suppl\u00e9mentaire<\/strong> au menu et gr\u00e2ce \u00e0 l\u2019association avec des fruits d\u2019une grande douceur comme la banane, l\u2019orange et la pomme,<strong><br \/>\n<\/strong>Par ailleurs, les\u00a0c\u00e9r\u00e9ales Babybio 3 fruits sont formul\u00e9es avec de la\u00a0<strong>vitamine B1, aussi appel\u00e9e Thiamine<\/strong>, qui assure divers r\u00f4les dans l\u2019organisme.<strong><br \/>\n<\/strong><br \/>\nCe produit est id\u00e9al pour accompagner la diversification alimentaire de b\u00e9b\u00e9.<\/p>","protected":false},"featured_media":3976,"comment_status":"open","ping_status":"closed","template":"","meta":[],"product_brand":[91],"product_cat":[62],"product_tag":[],"giftcard-category":[],"class_list":{"0":"post-3975","1":"product","2":"type-product","3":"status-publish","4":"has-post-thumbnail","6":"product_brand-babybio","7":"product_cat-alimentation","9":"first","10":"outofstock","11":"taxable","12":"shipping-taxable","13":"purchasable","14":"product-type-simple"},"jetpack_sharing_enabled":true,"_links":{"self":[{"href":"https:\/\/foryoubaby.ma\/ar\/wp-json\/wp\/v2\/product\/3975","targetHints":{"allow":["GET"]}}],"collection":[{"href":"https:\/\/foryoubaby.ma\/ar\/wp-json\/wp\/v2\/product"}],"about":[{"href":"https:\/\/foryoubaby.ma\/ar\/wp-json\/wp\/v2\/types\/product"}],"replies":[{"embeddable":true,"href":"https:\/\/foryoubaby.ma\/ar\/wp-json\/wp\/v2\/comments?post=3975"}],"wp:featuredmedia":[{"embeddable":true,"href":"https:\/\/foryoubaby.ma\/ar\/wp-json\/wp\/v2\/media\/3976"}],"wp:attachment":[{"href":"https:\/\/foryoubaby.ma\/ar\/wp-json\/wp\/v2\/media?parent=3975"}],"wp:term":[{"taxonomy":"product_brand","embeddable":true,"href":"https:\/\/foryoubaby.ma\/ar\/wp-json\/wp\/v2\/product_brand?post=3975"},{"taxonomy":"product_cat","embeddable":true,"href":"https:\/\/foryoubaby.ma\/ar\/wp-json\/wp\/v2\/product_cat?post=3975"},{"taxonomy":"product_tag","embeddable":true,"href":"https:\/\/foryoubaby.ma\/ar\/wp-json\/wp\/v2\/product_tag?post=3975"},{"taxonomy":"giftcard-category","embeddable":true,"href":"https:\/\/foryoubaby.ma\/ar\/wp-json\/wp\/v2\/giftcard-category?post=3975"}],"curies":[{"name":"wp","href":"https:\/\/api.w.org\/{rel}","templated":true}]}}