{"id":3973,"date":"2024-04-19T22:43:14","date_gmt":"2024-04-19T22:43:14","guid":{"rendered":"https:\/\/foryoubaby.ma\/?post_type=product&#038;p=3973"},"modified":"2025-07-30T13:13:30","modified_gmt":"2025-07-30T13:13:30","slug":"babybio-cereales-cacao-avec-quinoa-8mois","status":"publish","type":"product","link":"https:\/\/foryoubaby.ma\/ar\/product\/babybio-cereales-cacao-avec-quinoa-8mois\/","title":{"rendered":"BabyBio C\u00e9r\u00e9ales Cacao avec Quinoa 8mois+"},"content":{"rendered":"<p>Associ\u00e9 au cacao bio, le quinoa r\u00e9v\u00e8le toute sa douceur pour initier votre b\u00e9b\u00e9 \u00e0 de nouveaux go\u00fbts. A chaque plantation son savoir-faire, son terroir et ses particularit\u00e9s : c\u2019est \u00e0 b\u00e9b\u00e9 de d\u00e9couvrir la douceur de ces saveurs au bout du monde !<\/p>\n<p>Contenance : 220g.<\/p>","protected":false},"excerpt":{"rendered":"<p><strong>BabyBio C\u00e9r\u00e9ales Cacao avec Quinoa 8mois+<\/strong>\u00a0sont des c\u00e9r\u00e9ales b\u00e9b\u00e9 au cacao et au quinoa con\u00e7ues pour l<strong>\u2019alimentation des jeunes enfants d\u00e8s 8 mois.<\/strong><br \/>\nVotre enfant grandit et il est important de varier les plaisirs en lui proposant de nouvelles saveurs et de nouvelles consistances, Babybio c\u00e9r\u00e9ales cacao permet d<strong>\u2019aromatiser son lait.<br \/>\n<\/strong><br \/>\nAssoci\u00e9 au cacao, le quinoa r\u00e9v\u00e8le toute sa douceur pour initier votre b\u00e9b\u00e9 \u00e0 de nouveaux go\u00fbts. Le quinoa vient d\u2019Am\u00e9rique du Sud o\u00f9 il est cultiv\u00e9 depuis des mill\u00e9naires et c\u2019est\u00a0<strong>un \u00ab\u00a0super aliment\u00a0<\/strong>\u00bb. Il est compos\u00e9 de glucides, de prot\u00e9ines, quelques lipides, des fibres et des min\u00e9raux. Il sera le\u00a0<strong>v\u00e9ritable alli\u00e9 pour les personnes intol\u00e9rantes au gluten.<\/strong><br \/>\nFacile \u00e0 incorporer au lait de votre enfant, ces c\u00e9r\u00e9ales pourront lui \u00eatre pr\u00e9sent\u00e9es<strong>\u00a0dans le biberon ou alors dans le bol afin de les lui offrir \u00e0 la cuill\u00e8re.<\/strong><\/p>","protected":false},"featured_media":3974,"comment_status":"open","ping_status":"closed","template":"","meta":[],"product_brand":[91],"product_cat":[62],"product_tag":[],"giftcard-category":[],"class_list":{"0":"post-3973","1":"product","2":"type-product","3":"status-publish","4":"has-post-thumbnail","6":"product_brand-babybio","7":"product_cat-alimentation","9":"first","10":"instock","11":"taxable","12":"shipping-taxable","13":"purchasable","14":"product-type-simple"},"jetpack_sharing_enabled":true,"_links":{"self":[{"href":"https:\/\/foryoubaby.ma\/ar\/wp-json\/wp\/v2\/product\/3973","targetHints":{"allow":["GET"]}}],"collection":[{"href":"https:\/\/foryoubaby.ma\/ar\/wp-json\/wp\/v2\/product"}],"about":[{"href":"https:\/\/foryoubaby.ma\/ar\/wp-json\/wp\/v2\/types\/product"}],"replies":[{"embeddable":true,"href":"https:\/\/foryoubaby.ma\/ar\/wp-json\/wp\/v2\/comments?post=3973"}],"wp:featuredmedia":[{"embeddable":true,"href":"https:\/\/foryoubaby.ma\/ar\/wp-json\/wp\/v2\/media\/3974"}],"wp:attachment":[{"href":"https:\/\/foryoubaby.ma\/ar\/wp-json\/wp\/v2\/media?parent=3973"}],"wp:term":[{"taxonomy":"product_brand","embeddable":true,"href":"https:\/\/foryoubaby.ma\/ar\/wp-json\/wp\/v2\/product_brand?post=3973"},{"taxonomy":"product_cat","embeddable":true,"href":"https:\/\/foryoubaby.ma\/ar\/wp-json\/wp\/v2\/product_cat?post=3973"},{"taxonomy":"product_tag","embeddable":true,"href":"https:\/\/foryoubaby.ma\/ar\/wp-json\/wp\/v2\/product_tag?post=3973"},{"taxonomy":"giftcard-category","embeddable":true,"href":"https:\/\/foryoubaby.ma\/ar\/wp-json\/wp\/v2\/giftcard-category?post=3973"}],"curies":[{"name":"wp","href":"https:\/\/api.w.org\/{rel}","templated":true}]}}