{"id":3972,"date":"2024-04-19T22:38:44","date_gmt":"2024-04-19T22:38:44","guid":{"rendered":"https:\/\/foryoubaby.ma\/?post_type=product&#038;p=3972"},"modified":"2025-07-30T13:13:55","modified_gmt":"2025-07-30T13:13:55","slug":"babybio-cereales-verveine-fleur-doranger-camomille-6mois","status":"publish","type":"product","link":"https:\/\/foryoubaby.ma\/ar\/product\/babybio-cereales-verveine-fleur-doranger-camomille-6mois\/","title":{"rendered":"BabyBio C\u00e9r\u00e9ales verveine fleur d\u2019oranger Camomille 6mois+"},"content":{"rendered":"<p>Les 3 C\u00e9r\u00e9ales &amp; Plantes \u2013 Verveine Fleur d\u2019Oranger Camomille de Babybio est une d\u00e9licieuse pr\u00e9paration pour enfant d\u00e8s 6 mois qui associe de c\u00e9r\u00e9ales et d\u2019extraits de plantes parfaite pour accompagner b\u00e9b\u00e9 dans les bras de Morph\u00e9e. La verveine coupl\u00e9e \u00e0 la fleur d\u2019oranger et \u00e0 la camomille permettra \u00e0 votre petit aventurier de faire le plein de douceur.<\/p>\n<p>Contenance : 220g<\/p>","protected":false},"excerpt":{"rendered":"<p>C\u00e9r\u00e9ales verveine fleur d\u2019oranger Camomille 6mois+ est une d\u00e9licieuse pr\u00e9paration pour enfant d\u00e8s 6 mois qui associe de c\u00e9r\u00e9ales et d\u2019extraits de plantes parfaite pour accompagner b\u00e9b\u00e9 dans les bras de Morph\u00e9e. La verveine coupl\u00e9e \u00e0 la fleur d\u2019oranger et \u00e0 la camomille permettra \u00e0 votre petit aventurier de faire le plein de douceur.<\/p>\n<p class=\"product-rich-descriptive-content-title\"><strong>Mode d\u2019emploi<\/strong><\/p>\n<p>Il est conseill\u00e9 de pr\u00e9parer au biberon en ajoutant 210 ml de lait infantile + 3 cuill\u00e8re \u00e0 soupe rase de cette c\u00e9r\u00e9ale. Pour pr\u00e9parer\u00a0 en bouillie: utiliser 210 ml de lait infantile + 7 cuill\u00e8re \u00e0 soupe rase de cette c\u00e9r\u00e9ale.<\/p>","protected":false},"featured_media":3969,"comment_status":"open","ping_status":"closed","template":"","meta":[],"product_brand":[91],"product_cat":[62],"product_tag":[],"giftcard-category":[],"class_list":{"0":"post-3972","1":"product","2":"type-product","3":"status-publish","4":"has-post-thumbnail","6":"product_brand-babybio","7":"product_cat-alimentation","9":"first","10":"instock","11":"taxable","12":"shipping-taxable","13":"purchasable","14":"product-type-simple"},"jetpack_sharing_enabled":true,"_links":{"self":[{"href":"https:\/\/foryoubaby.ma\/ar\/wp-json\/wp\/v2\/product\/3972","targetHints":{"allow":["GET"]}}],"collection":[{"href":"https:\/\/foryoubaby.ma\/ar\/wp-json\/wp\/v2\/product"}],"about":[{"href":"https:\/\/foryoubaby.ma\/ar\/wp-json\/wp\/v2\/types\/product"}],"replies":[{"embeddable":true,"href":"https:\/\/foryoubaby.ma\/ar\/wp-json\/wp\/v2\/comments?post=3972"}],"wp:featuredmedia":[{"embeddable":true,"href":"https:\/\/foryoubaby.ma\/ar\/wp-json\/wp\/v2\/media\/3969"}],"wp:attachment":[{"href":"https:\/\/foryoubaby.ma\/ar\/wp-json\/wp\/v2\/media?parent=3972"}],"wp:term":[{"taxonomy":"product_brand","embeddable":true,"href":"https:\/\/foryoubaby.ma\/ar\/wp-json\/wp\/v2\/product_brand?post=3972"},{"taxonomy":"product_cat","embeddable":true,"href":"https:\/\/foryoubaby.ma\/ar\/wp-json\/wp\/v2\/product_cat?post=3972"},{"taxonomy":"product_tag","embeddable":true,"href":"https:\/\/foryoubaby.ma\/ar\/wp-json\/wp\/v2\/product_tag?post=3972"},{"taxonomy":"giftcard-category","embeddable":true,"href":"https:\/\/foryoubaby.ma\/ar\/wp-json\/wp\/v2\/giftcard-category?post=3972"}],"curies":[{"name":"wp","href":"https:\/\/api.w.org\/{rel}","templated":true}]}}