{"id":3965,"date":"2024-04-19T22:26:13","date_gmt":"2024-04-19T22:26:13","guid":{"rendered":"https:\/\/foryoubaby.ma\/?post_type=product&#038;p=3965"},"modified":"2025-07-30T13:14:09","modified_gmt":"2025-07-30T13:14:09","slug":"babybio-cereales-infantiles-3-cereales-nature-ble-avoine-riz-des-6mois","status":"publish","type":"product","link":"https:\/\/foryoubaby.ma\/ar\/product\/babybio-cereales-infantiles-3-cereales-nature-ble-avoine-riz-des-6mois\/","title":{"rendered":"BabyBio C\u00e9r\u00e9ales Infantiles 3 C\u00e9r\u00e9ales Nature Bl\u00e9 Avoine Riz (D\u00e8s 6mois)."},"content":{"rendered":"<p>BabyBio C\u00e9r\u00e9ales Infantiles 3 C\u00e9r\u00e9ales Nature Bl\u00e9 Avoine Riz (D\u00e8s 6mois).<\/p>\n<p>D\u00e9licieuse pour votre petit explorateur en herbe, notre association de c\u00e9r\u00e9ales va surprendre ses papilles. Cette recette met en valeur le go\u00fbt du riz, de l\u2019avoine et du bl\u00e9. Quelques cuill\u00e8res dans du lait infantile suffisent \u00e0 r\u00e9galer b\u00e9b\u00e9.<\/p>\n<p>D\u00e8s 6mois. Bo\u00eete de 220g. Sans sucres ajout\u00e9s.<\/p>","protected":false},"excerpt":{"rendered":"<p class=\"sous_titre\">Conseils d\u2019utilisation :<\/p>\n<p>Pr\u00e9paration d\u00e8s 6 mois : au biberon 210 ml de lait infantile + 3 cuill\u00e8re \u00e0 soupe rase \/ en bouillie 210 ml de lait infantile + 7 cuill\u00e8re \u00e0 soupe rase.<\/p>\n<p>1 cuill\u00e8re \u00e0 soupe rase environ \u00e9gale 3 g de c\u00e9r\u00e9ales.<\/p>","protected":false},"featured_media":3967,"comment_status":"open","ping_status":"closed","template":"","meta":[],"product_brand":[91],"product_cat":[62],"product_tag":[],"giftcard-category":[],"class_list":{"0":"post-3965","1":"product","2":"type-product","3":"status-publish","4":"has-post-thumbnail","6":"product_brand-babybio","7":"product_cat-alimentation","9":"first","10":"instock","11":"taxable","12":"shipping-taxable","13":"purchasable","14":"product-type-simple"},"jetpack_sharing_enabled":true,"_links":{"self":[{"href":"https:\/\/foryoubaby.ma\/ar\/wp-json\/wp\/v2\/product\/3965","targetHints":{"allow":["GET"]}}],"collection":[{"href":"https:\/\/foryoubaby.ma\/ar\/wp-json\/wp\/v2\/product"}],"about":[{"href":"https:\/\/foryoubaby.ma\/ar\/wp-json\/wp\/v2\/types\/product"}],"replies":[{"embeddable":true,"href":"https:\/\/foryoubaby.ma\/ar\/wp-json\/wp\/v2\/comments?post=3965"}],"wp:featuredmedia":[{"embeddable":true,"href":"https:\/\/foryoubaby.ma\/ar\/wp-json\/wp\/v2\/media\/3967"}],"wp:attachment":[{"href":"https:\/\/foryoubaby.ma\/ar\/wp-json\/wp\/v2\/media?parent=3965"}],"wp:term":[{"taxonomy":"product_brand","embeddable":true,"href":"https:\/\/foryoubaby.ma\/ar\/wp-json\/wp\/v2\/product_brand?post=3965"},{"taxonomy":"product_cat","embeddable":true,"href":"https:\/\/foryoubaby.ma\/ar\/wp-json\/wp\/v2\/product_cat?post=3965"},{"taxonomy":"product_tag","embeddable":true,"href":"https:\/\/foryoubaby.ma\/ar\/wp-json\/wp\/v2\/product_tag?post=3965"},{"taxonomy":"giftcard-category","embeddable":true,"href":"https:\/\/foryoubaby.ma\/ar\/wp-json\/wp\/v2\/giftcard-category?post=3965"}],"curies":[{"name":"wp","href":"https:\/\/api.w.org\/{rel}","templated":true}]}}