{"id":3963,"date":"2024-04-19T21:40:27","date_gmt":"2024-04-19T21:40:27","guid":{"rendered":"https:\/\/foryoubaby.ma\/?post_type=product&#038;p=3963"},"modified":"2025-09-30T19:46:31","modified_gmt":"2025-09-30T19:46:31","slug":"babybio-petits-boudoirs-a-lhuile-essentielle-dorange-douce-8m","status":"publish","type":"product","link":"https:\/\/foryoubaby.ma\/ar\/product\/babybio-petits-boudoirs-a-lhuile-essentielle-dorange-douce-8m\/","title":{"rendered":"BABYBIO Petits boudoirs \u00e0 L&rsquo;huile Essentielle D&rsquo;orange Douce 8m+"},"content":{"rendered":"<p>&nbsp;<\/p>\n<p>Pour\u00a0<a class=\"\" title=\"\" href=\"https:\/\/babyandmom.ma\/univers-bebe\" target=\"_blank\" rel=\"noopener\">b\u00e9b\u00e9<\/a>, pas le de temps de bouder avec notre boudoir ! Une revisite \u00e0 base de farine et d\u2019oeufs fran\u00e7ais associ\u00e9s \u00e0 une note d\u2019huile essentielle d\u2019orange douce : voici le go\u00fbter parfait pour le bonheur de\u00a0<a class=\"\" title=\"\" href=\"https:\/\/babyandmom.ma\/univers-bebe\" target=\"_blank\" rel=\"noopener\">b\u00e9b\u00e9<\/a>.<\/p>","protected":false},"excerpt":{"rendered":"<p>&nbsp; Pour\u00a0b\u00e9b\u00e9, pas le de temps de bouder avec notre boudoir ! Une revisite \u00e0 base de farine et d\u2019oeufs fran\u00e7ais associ\u00e9s \u00e0 une note d\u2019huile essentielle d\u2019orange douce : voici le go\u00fbter parfait pour le bonheur de\u00a0b\u00e9b\u00e9.<\/p>","protected":false},"featured_media":3889,"comment_status":"open","ping_status":"closed","template":"","meta":[],"product_brand":[91],"product_cat":[62],"product_tag":[],"giftcard-category":[],"class_list":{"0":"post-3963","1":"product","2":"type-product","3":"status-publish","4":"has-post-thumbnail","6":"product_brand-babybio","7":"product_cat-alimentation","9":"first","10":"instock","11":"taxable","12":"shipping-taxable","13":"purchasable","14":"product-type-simple"},"jetpack_sharing_enabled":true,"_links":{"self":[{"href":"https:\/\/foryoubaby.ma\/ar\/wp-json\/wp\/v2\/product\/3963","targetHints":{"allow":["GET"]}}],"collection":[{"href":"https:\/\/foryoubaby.ma\/ar\/wp-json\/wp\/v2\/product"}],"about":[{"href":"https:\/\/foryoubaby.ma\/ar\/wp-json\/wp\/v2\/types\/product"}],"replies":[{"embeddable":true,"href":"https:\/\/foryoubaby.ma\/ar\/wp-json\/wp\/v2\/comments?post=3963"}],"wp:featuredmedia":[{"embeddable":true,"href":"https:\/\/foryoubaby.ma\/ar\/wp-json\/wp\/v2\/media\/3889"}],"wp:attachment":[{"href":"https:\/\/foryoubaby.ma\/ar\/wp-json\/wp\/v2\/media?parent=3963"}],"wp:term":[{"taxonomy":"product_brand","embeddable":true,"href":"https:\/\/foryoubaby.ma\/ar\/wp-json\/wp\/v2\/product_brand?post=3963"},{"taxonomy":"product_cat","embeddable":true,"href":"https:\/\/foryoubaby.ma\/ar\/wp-json\/wp\/v2\/product_cat?post=3963"},{"taxonomy":"product_tag","embeddable":true,"href":"https:\/\/foryoubaby.ma\/ar\/wp-json\/wp\/v2\/product_tag?post=3963"},{"taxonomy":"giftcard-category","embeddable":true,"href":"https:\/\/foryoubaby.ma\/ar\/wp-json\/wp\/v2\/giftcard-category?post=3963"}],"curies":[{"name":"wp","href":"https:\/\/api.w.org\/{rel}","templated":true}]}}