{"id":3962,"date":"2024-04-19T21:28:17","date_gmt":"2024-04-19T21:28:17","guid":{"rendered":"https:\/\/foryoubaby.ma\/?post_type=product&#038;p=3962"},"modified":"2025-07-01T11:31:12","modified_gmt":"2025-07-01T11:31:12","slug":"poussette-chicco-goody","status":"publish","type":"product","link":"https:\/\/foryoubaby.ma\/ar\/product\/poussette-chicco-goody\/","title":{"rendered":"POUSSETTE CHICCO GOODY"},"content":{"rendered":"<p>Gr\u00e2ce \u00e0 son syst\u00e8me de pliage extraordinaire innovant la poussette Goody\u00a0 vous simplifie la vie : appuyez sur les 2 boutons, lancez la poign\u00e9e en avant et regardez-la se replier automatiquement et tenir debout seule.<\/p>\n<p>La poussette Goody Plus accueille confortablement b\u00e9b\u00e9 d\u00e8s la naissance jusqu\u2019\u00e0 22kg gr\u00e2ce \u00e0 son assise large et confortable. Sa facilit\u00e9 d\u2019utilisation et ses d\u00e9tails haut de gamme constituent un m\u00e9lange id\u00e9al pour satisfaire les parents et b\u00e9b\u00e9 dans toutes les situations.<\/p>\n<p>Modulaire, la poussette Goody\u00a0 devient un travel system : elle peut \u00eatre utilis\u00e9e avec la nacelle souple Chicco et les si\u00e8ges-auto Kaily ou Kiros i-Size pour former un duo ou un trio selon vos besoins.<\/p>","protected":false},"excerpt":{"rendered":"<p>Gr\u00e2ce \u00e0 son syst\u00e8me de pliage extraordinaire innovant la poussette Goody\u00a0 vous simplifie la vie : appuyez sur les 2 boutons, lancez la poign\u00e9e en avant et regardez-la se replier automatiquement et tenir debout seule. La poussette Goody Plus accueille confortablement b\u00e9b\u00e9 d\u00e8s la naissance jusqu\u2019\u00e0 22kg gr\u00e2ce \u00e0 son assise large et confortable. Sa [&hellip;]<\/p>\n","protected":false},"featured_media":3680,"comment_status":"open","ping_status":"closed","template":"","meta":[],"product_brand":[90],"product_cat":[59],"product_tag":[],"giftcard-category":[],"class_list":{"0":"post-3962","1":"product","2":"type-product","3":"status-publish","4":"has-post-thumbnail","6":"product_brand-chicco","7":"product_cat-poussettes","9":"first","10":"instock","11":"taxable","12":"shipping-taxable","13":"purchasable","14":"product-type-simple"},"jetpack_sharing_enabled":true,"_links":{"self":[{"href":"https:\/\/foryoubaby.ma\/ar\/wp-json\/wp\/v2\/product\/3962","targetHints":{"allow":["GET"]}}],"collection":[{"href":"https:\/\/foryoubaby.ma\/ar\/wp-json\/wp\/v2\/product"}],"about":[{"href":"https:\/\/foryoubaby.ma\/ar\/wp-json\/wp\/v2\/types\/product"}],"replies":[{"embeddable":true,"href":"https:\/\/foryoubaby.ma\/ar\/wp-json\/wp\/v2\/comments?post=3962"}],"wp:featuredmedia":[{"embeddable":true,"href":"https:\/\/foryoubaby.ma\/ar\/wp-json\/wp\/v2\/media\/3680"}],"wp:attachment":[{"href":"https:\/\/foryoubaby.ma\/ar\/wp-json\/wp\/v2\/media?parent=3962"}],"wp:term":[{"taxonomy":"product_brand","embeddable":true,"href":"https:\/\/foryoubaby.ma\/ar\/wp-json\/wp\/v2\/product_brand?post=3962"},{"taxonomy":"product_cat","embeddable":true,"href":"https:\/\/foryoubaby.ma\/ar\/wp-json\/wp\/v2\/product_cat?post=3962"},{"taxonomy":"product_tag","embeddable":true,"href":"https:\/\/foryoubaby.ma\/ar\/wp-json\/wp\/v2\/product_tag?post=3962"},{"taxonomy":"giftcard-category","embeddable":true,"href":"https:\/\/foryoubaby.ma\/ar\/wp-json\/wp\/v2\/giftcard-category?post=3962"}],"curies":[{"name":"wp","href":"https:\/\/api.w.org\/{rel}","templated":true}]}}