{"id":3941,"date":"2024-04-18T21:30:39","date_gmt":"2024-04-18T21:30:39","guid":{"rendered":"https:\/\/foryoubaby.ma\/?post_type=product&#038;p=3941"},"modified":"2025-07-01T12:06:25","modified_gmt":"2025-07-01T12:06:25","slug":"miniland-chefy-6-en1","status":"publish","type":"product","link":"https:\/\/foryoubaby.ma\/ar\/product\/miniland-chefy-6-en1\/","title":{"rendered":"MINILAND  CHEFY 6 EN1"},"content":{"rendered":"<p>Avec le Chefy 6, vous pouvez faire cuire \u00e0 la vapeur et r\u00e9chauffer des aliments, y compris les biberons et les pots de nourriture pour b\u00e9b\u00e9s, st\u00e9riliser les biberons et les accessoires, d\u00e9congeler uniform\u00e9ment, mixer et maintenir la temp\u00e9rature des biberons.<\/p>\n<p>Il est \u00e9galement livr\u00e9 avec un livre de recettes sant\u00e9 complet pour votre b\u00e9b\u00e9 que vous pouvez t\u00e9l\u00e9charger via l&rsquo;application eMyBaby.<\/p>","protected":false},"excerpt":{"rendered":"<p>Avec le Chefy 6, vous pouvez faire cuire \u00e0 la vapeur et r\u00e9chauffer des aliments, y compris les biberons et les pots de nourriture pour b\u00e9b\u00e9s, st\u00e9riliser les biberons et les accessoires, d\u00e9congeler uniform\u00e9ment, mixer et maintenir la temp\u00e9rature des biberons. Il est \u00e9galement livr\u00e9 avec un livre de recettes sant\u00e9 complet pour votre b\u00e9b\u00e9 [&hellip;]<\/p>\n","protected":false},"featured_media":3865,"comment_status":"open","ping_status":"closed","template":"","meta":[],"product_brand":[83],"product_cat":[62],"product_tag":[],"giftcard-category":[],"class_list":{"0":"post-3941","1":"product","2":"type-product","3":"status-publish","4":"has-post-thumbnail","6":"product_brand-miniland","7":"product_cat-alimentation","9":"first","10":"instock","11":"taxable","12":"shipping-taxable","13":"purchasable","14":"product-type-simple"},"jetpack_sharing_enabled":true,"_links":{"self":[{"href":"https:\/\/foryoubaby.ma\/ar\/wp-json\/wp\/v2\/product\/3941","targetHints":{"allow":["GET"]}}],"collection":[{"href":"https:\/\/foryoubaby.ma\/ar\/wp-json\/wp\/v2\/product"}],"about":[{"href":"https:\/\/foryoubaby.ma\/ar\/wp-json\/wp\/v2\/types\/product"}],"replies":[{"embeddable":true,"href":"https:\/\/foryoubaby.ma\/ar\/wp-json\/wp\/v2\/comments?post=3941"}],"wp:featuredmedia":[{"embeddable":true,"href":"https:\/\/foryoubaby.ma\/ar\/wp-json\/wp\/v2\/media\/3865"}],"wp:attachment":[{"href":"https:\/\/foryoubaby.ma\/ar\/wp-json\/wp\/v2\/media?parent=3941"}],"wp:term":[{"taxonomy":"product_brand","embeddable":true,"href":"https:\/\/foryoubaby.ma\/ar\/wp-json\/wp\/v2\/product_brand?post=3941"},{"taxonomy":"product_cat","embeddable":true,"href":"https:\/\/foryoubaby.ma\/ar\/wp-json\/wp\/v2\/product_cat?post=3941"},{"taxonomy":"product_tag","embeddable":true,"href":"https:\/\/foryoubaby.ma\/ar\/wp-json\/wp\/v2\/product_tag?post=3941"},{"taxonomy":"giftcard-category","embeddable":true,"href":"https:\/\/foryoubaby.ma\/ar\/wp-json\/wp\/v2\/giftcard-category?post=3941"}],"curies":[{"name":"wp","href":"https:\/\/api.w.org\/{rel}","templated":true}]}}