{"id":3629,"date":"2024-04-15T20:23:13","date_gmt":"2024-04-15T20:23:13","guid":{"rendered":"https:\/\/foryoubaby.ma\/?post_type=product&#038;p=3629"},"modified":"2025-07-01T11:39:31","modified_gmt":"2025-07-01T11:39:31","slug":"lingette-water-wipes","status":"publish","type":"product","link":"https:\/\/foryoubaby.ma\/ar\/product\/lingette-water-wipes\/","title":{"rendered":"lingette   water wipes"},"content":{"rendered":"<p>La peau des nouveau-n\u00e9s est beaucoup plus fine que celle des adultes, c&rsquo;est pourquoi elle est si sensible. Les lingettes traditionnelles, charg\u00e9es de parfums artificiels et de produits chimiques, peuvent \u00eatre tr\u00e8s agressives et abrasives pour la peau du b\u00e9b\u00e9. Les lingettes WaterWipes, approuv\u00e9es par Allergy UK, ne contiennent aucun produit chimique et sont les lingettes les plus pures et les plus douces disponibles sur le march\u00e9.<\/p>\n<p>Caract\u00e9ristiques :<\/p>\n<p>Sans produits chimiques<br \/>\nFabriqu\u00e9 \u00e0 partir de 99,9 % d&rsquo;eau purifi\u00e9e<br \/>\nAvec 0,1 % d&rsquo;extrait de p\u00e9pins de Citrus Grandis (\u00e9galement connu sous le nom d&rsquo;extrait de p\u00e9pins de pamplemousse)<br \/>\nBiod\u00e9gradables<\/p>","protected":false},"excerpt":{"rendered":"<p>water wipes<\/p>","protected":false},"featured_media":3782,"comment_status":"open","ping_status":"closed","template":"","meta":[],"product_brand":[93],"product_cat":[63],"product_tag":[],"giftcard-category":[],"class_list":{"0":"post-3629","1":"product","2":"type-product","3":"status-publish","4":"has-post-thumbnail","6":"product_brand-water-wipes","7":"product_cat-hygiene-et-soin","9":"first","10":"instock","11":"taxable","12":"shipping-taxable","13":"purchasable","14":"product-type-simple"},"jetpack_sharing_enabled":true,"_links":{"self":[{"href":"https:\/\/foryoubaby.ma\/ar\/wp-json\/wp\/v2\/product\/3629","targetHints":{"allow":["GET"]}}],"collection":[{"href":"https:\/\/foryoubaby.ma\/ar\/wp-json\/wp\/v2\/product"}],"about":[{"href":"https:\/\/foryoubaby.ma\/ar\/wp-json\/wp\/v2\/types\/product"}],"replies":[{"embeddable":true,"href":"https:\/\/foryoubaby.ma\/ar\/wp-json\/wp\/v2\/comments?post=3629"}],"wp:featuredmedia":[{"embeddable":true,"href":"https:\/\/foryoubaby.ma\/ar\/wp-json\/wp\/v2\/media\/3782"}],"wp:attachment":[{"href":"https:\/\/foryoubaby.ma\/ar\/wp-json\/wp\/v2\/media?parent=3629"}],"wp:term":[{"taxonomy":"product_brand","embeddable":true,"href":"https:\/\/foryoubaby.ma\/ar\/wp-json\/wp\/v2\/product_brand?post=3629"},{"taxonomy":"product_cat","embeddable":true,"href":"https:\/\/foryoubaby.ma\/ar\/wp-json\/wp\/v2\/product_cat?post=3629"},{"taxonomy":"product_tag","embeddable":true,"href":"https:\/\/foryoubaby.ma\/ar\/wp-json\/wp\/v2\/product_tag?post=3629"},{"taxonomy":"giftcard-category","embeddable":true,"href":"https:\/\/foryoubaby.ma\/ar\/wp-json\/wp\/v2\/giftcard-category?post=3629"}],"curies":[{"name":"wp","href":"https:\/\/api.w.org\/{rel}","templated":true}]}}