{"id":3627,"date":"2024-04-15T17:25:27","date_gmt":"2024-04-15T17:25:27","guid":{"rendered":"https:\/\/foryoubaby.ma\/?post_type=product&#038;p=3627"},"modified":"2025-07-29T17:59:03","modified_gmt":"2025-07-29T17:59:03","slug":"barriere-de-lit","status":"publish","type":"product","link":"https:\/\/foryoubaby.ma\/ar\/product\/barriere-de-lit\/","title":{"rendered":"barri\u00e8re de lit  MS"},"content":{"rendered":"<p>Cette barri\u00e8re de lit nid de 150 cm est g\u00e9niale lorsque votre petit commence \u00e0 dormir dans son propre lit.<\/p>\n<p>Gr\u00e2ce \u00e0 son syst\u00e8me de pliage, elle est facile \u00e0 ranger.<\/p>\n<p>Gr\u00e2ce \u00e0 ses joints lat\u00e9raux, la barri\u00e8re s&rsquo;ouvre facilement pour acc\u00e9der au lit.<\/p>\n<p>Elle est r\u00e9glable en deux hauteurs et est livr\u00e9e avec un sac de transport.\u00a0\u00bb<\/p>","protected":false},"excerpt":{"rendered":"<p>innovacciones ms<\/p>","protected":false},"featured_media":3546,"comment_status":"open","ping_status":"closed","template":"","meta":[],"product_brand":[76],"product_cat":[61,60],"product_tag":[],"giftcard-category":[],"class_list":{"0":"post-3627","1":"product","2":"type-product","3":"status-publish","4":"has-post-thumbnail","6":"product_brand-ms","7":"product_cat-aide-sommeil","8":"product_cat-securite","10":"first","11":"instock","12":"taxable","13":"shipping-taxable","14":"purchasable","15":"product-type-simple"},"jetpack_sharing_enabled":true,"_links":{"self":[{"href":"https:\/\/foryoubaby.ma\/ar\/wp-json\/wp\/v2\/product\/3627","targetHints":{"allow":["GET"]}}],"collection":[{"href":"https:\/\/foryoubaby.ma\/ar\/wp-json\/wp\/v2\/product"}],"about":[{"href":"https:\/\/foryoubaby.ma\/ar\/wp-json\/wp\/v2\/types\/product"}],"replies":[{"embeddable":true,"href":"https:\/\/foryoubaby.ma\/ar\/wp-json\/wp\/v2\/comments?post=3627"}],"wp:featuredmedia":[{"embeddable":true,"href":"https:\/\/foryoubaby.ma\/ar\/wp-json\/wp\/v2\/media\/3546"}],"wp:attachment":[{"href":"https:\/\/foryoubaby.ma\/ar\/wp-json\/wp\/v2\/media?parent=3627"}],"wp:term":[{"taxonomy":"product_brand","embeddable":true,"href":"https:\/\/foryoubaby.ma\/ar\/wp-json\/wp\/v2\/product_brand?post=3627"},{"taxonomy":"product_cat","embeddable":true,"href":"https:\/\/foryoubaby.ma\/ar\/wp-json\/wp\/v2\/product_cat?post=3627"},{"taxonomy":"product_tag","embeddable":true,"href":"https:\/\/foryoubaby.ma\/ar\/wp-json\/wp\/v2\/product_tag?post=3627"},{"taxonomy":"giftcard-category","embeddable":true,"href":"https:\/\/foryoubaby.ma\/ar\/wp-json\/wp\/v2\/giftcard-category?post=3627"}],"curies":[{"name":"wp","href":"https:\/\/api.w.org\/{rel}","templated":true}]}}